{"id":1788,"date":"2023-04-24T18:26:33","date_gmt":"2023-04-24T16:26:33","guid":{"rendered":"https:\/\/autoschule.hamburg.de\/?page_id=1788"},"modified":"2023-04-24T18:26:33","modified_gmt":"2023-04-24T16:26:33","slug":"beratung","status":"publish","type":"page","link":"https:\/\/bs16.bildungssprit.de\/?page_id=1788","title":{"rendered":"Beratung und Unterst\u00fctzung"},"content":{"rendered":"<div class=\"su-expand su-expand-collapsed su-expand-link-style-dashed\" data-height=\"50\"><div class=\"su-expand-content su-u-trim\" style=\"color:#333333;max-height:50px;overflow:hidden\">\n<h4>Die vorliegende \u00dcbersicht zeigt die Beratungs- und Unterst\u00fctzungsangebote der BS 16&#8230;<\/h4>\n<p>Sie dient Ihrer Orientierung und soll Ihnen die Kontaktaufnahme zu Ansprechpartner:innen erleichtern, so dass Sie schnell Hilfe erhalten.<\/p>\n<p>Sie finden das Beratungszentrum im <strong>Hauptgeb\u00e4ude im 1. Stock in Raum 1.2.01.<\/strong> Dort ist jeden Tag, <strong>Montag bis Freitag zwischen 11.45 und 12.30 Uhr<\/strong>, jemand f\u00fcr Sie da.<\/p>\n<p>Die folgenden Zahnr\u00e4der zeigen die verschiedenen Bereiche der Beratung an der BS 16. N\u00e4here Informationen k\u00f6nnen den zugeh\u00f6rigen Beschreibungen entnommen werden.<\/p>\n<h4>Kontaktaufnahme<\/h4>\n<p>Um Kontakt mit den einzelnen Verantwortlichen aufzunehmen, sind folgende Wege m\u00f6glich:<\/p>\n<ol>\n<li>Ansprechpartner:<br \/>\n<strong>Philipp Brodmeier<\/strong>&nbsp;<br \/>\nRaum 1.2.01 (Beratungszentrum)<br \/>\n11.15 bis 13.00 Uhr<br \/>\n<span data-olk-copy-source=\"MessageBody\">0151\/52793826<\/span><br \/>\n<a href=\"mailto:philipp.brodmeier@bs16.de\" target=\"_blank\" rel=\"noopener\">philipp.brodmeier@bs16.de<\/a><\/li>\n<li>Sie nehmen eigenst\u00e4ndig Kontakt zu einer Ansprechpartnerin \/ einem Ansprechpartner auf.<\/li>\n<li>Sie lassen sich \u00fcber Ihre Lehrkr\u00e4fte bzw. ihre Mentoren und Mentorinnen einen Termin bei einer Ansprechpartnerin&nbsp; \/ einem Ansprechpartner oder Herrn Schmidt geben.<\/li>\n<\/ol>\n<\/div><div class=\"su-expand-link su-expand-link-more\" style=\"text-align:left\"><a href=\"javascript:;\" style=\"color:#a83023;border-color:#a83023\"><span style=\"border-color:#a83023\">mehr anzeigen<\/span><\/a><\/div><div class=\"su-expand-link su-expand-link-less\" style=\"text-align:left\"><a href=\"javascript:;\" style=\"color:#a83023;border-color:#a83023\"><span style=\"border-color:#a83023\">weniger anzeigen<\/span><\/a><\/div><\/div>\n<div class=\"cogwheel-frame\">\n<div id=\"wow-modal-id-1\" class=\"cogwheel-container\">\n<div class=\"rotate-forward-szy cogwheel-black\"><span class=\"cog-label\">Beratungslehrer:innen<\/span><\/div>\n<\/div>\n<div id=\"wow-modal-id-4\" class=\"cogwheel-container\">\n<div class=\"rotate-backward-szy cogwheel-lightblue\"><span class=\"cog-label\">Sozialp\u00e4dagoge<\/span><\/div>\n<\/div>\n<div id=\"wow-modal-id-3\" class=\"cogwheel-container\">\n<div class=\"rotate-forward-szy cogwheel-green\"><span class=\"cog-label\">Lerncoaches<\/span><\/div>\n<\/div>\n<div id=\"wow-modal-id-2\" class=\"cogwheel-container\">\n<div class=\"rotate-backward-szy cogwheel-red\"><span class=\"cog-label\">Arbeitsassistenz<\/span><\/div>\n<\/div>\n<div id=\"wow-modal-id-5\" class=\"cogwheel-container\">\n<div class=\"rotate-forward-szy cogwheel-pink\"><span class=\"cog-label\">Cop4You<\/span><\/div>\n<\/div>\n<div id=\"wow-modal-id-6\" class=\"cogwheel-container\">\n<div class=\"rotate-backward-szy cogwheel-lightgreen\"><span class=\"cog-label\">Sprachbeauftragte<\/span><\/div>\n<\/div>\n<div id=\"wow-modal-id-10\" class=\"cogwheel-container\">\n<div class=\"rotate-forward-szy cogwheel-yellow\"><span class=\"cog-label\">AV-AVM-Begleitung<\/span><\/div>\n<\/div>\n<div id=\"wow-modal-id-8\" class=\"cogwheel-container\">\n<div class=\"rotate-backward-szy cogwheel-darkblue\"><span class=\"cog-label\">Inklusionsbeauftragte<\/span><\/div>\n<\/div>\n<div id=\"wow-modal-id-9\" class=\"cogwheel-container\">\n<div class=\"rotate-forward-szy cogwheel-violet\"><span class=\"cog-label\">JBA Azubi Beratung<\/span><\/div>\n<\/div>\n<div id=\"wow-modal-id-11\" class=\"cogwheel-container\">\n<div class=\"rotate-forward-szy cogwheel-orange\"><span class=\"cog-label\">Laufbahnberater &amp; Verbindungslehrer<\/span><\/div>\n<\/div>\n<\/div>\n<p><!-- ########## START Modal Windows ########## --><br \/>\n[Modal-Window id=&#8220;1&#8243;]\n[Modal-Window id=&#8220;4&#8243;]\n[Modal-Window id=&#8220;3&#8243;]\n[Modal-Window id=&#8220;2&#8243;]\n[Modal-Window id=&#8220;5&#8243;]\n[Modal-Window id=&#8220;6&#8243;]\n[Modal-Window id=&#8220;11&#8243;]\n[Modal-Window id=&#8220;8&#8243;]\n[Modal-Window id=&#8220;9&#8243;]\n[Modal-Window id=&#8220;10&#8243;]\n","protected":false},"excerpt":{"rendered":"<p>Beratungslehrer:innen Sozialp\u00e4dagoge Lerncoaches Arbeitsassistenz Cop4You Sprachbeauftragte AV-AVM-Begleitung Inklusionsbeauftragte JBA Azubi Beratung Laufbahnberater &amp; Verbindungslehrer [Modal-Window id=&#8220;1&#8243;] [Modal-Window id=&#8220;4&#8243;] [Modal-Window id=&#8220;3&#8243;] [Modal-Window id=&#8220;2&#8243;] [Modal-Window id=&#8220;5&#8243;] [Modal-Window id=&#8220;6&#8243;] [Modal-Window id=&#8220;11&#8243;] [Modal-Window id=&#8220;8&#8243;] [Modal-Window id=&#8220;9&#8243;] [Modal-Window id=&#8220;10&#8243;]<\/p>\n","protected":false},"author":1,"featured_media":0,"parent":0,"menu_order":0,"comment_status":"closed","ping_status":"closed","template":"","meta":{"footnotes":""},"class_list":["post-1788","page","type-page","status-publish","hentry"],"_links":{"self":[{"href":"https:\/\/bs16.bildungssprit.de\/index.php?rest_route=\/wp\/v2\/pages\/1788","targetHints":{"allow":["GET"]}}],"collection":[{"href":"https:\/\/bs16.bildungssprit.de\/index.php?rest_route=\/wp\/v2\/pages"}],"about":[{"href":"https:\/\/bs16.bildungssprit.de\/index.php?rest_route=\/wp\/v2\/types\/page"}],"author":[{"embeddable":true,"href":"https:\/\/bs16.bildungssprit.de\/index.php?rest_route=\/wp\/v2\/users\/1"}],"replies":[{"embeddable":true,"href":"https:\/\/bs16.bildungssprit.de\/index.php?rest_route=%2Fwp%2Fv2%2Fcomments&post=1788"}],"version-history":[{"count":0,"href":"https:\/\/bs16.bildungssprit.de\/index.php?rest_route=\/wp\/v2\/pages\/1788\/revisions"}],"wp:attachment":[{"href":"https:\/\/bs16.bildungssprit.de\/index.php?rest_route=%2Fwp%2Fv2%2Fmedia&parent=1788"}],"curies":[{"name":"wp","href":"https:\/\/api.w.org\/{rel}","templated":true}]}}