{"id":187,"date":"2015-11-18T10:32:02","date_gmt":"2015-11-18T09:32:02","guid":{"rendered":"http:\/\/autoschule.schulhomepages.hamburg.de\/?page_id=187"},"modified":"2015-11-18T10:32:02","modified_gmt":"2015-11-18T09:32:02","slug":"schueler-sport-verein","status":"publish","type":"page","link":"https:\/\/bs16.bildungssprit.de\/?page_id=187","title":{"rendered":"Sch\u00fcler-Sport-Verein"},"content":{"rendered":"<h1>Sch\u00fcler-Sport-Verein<\/h1>\n<div class=\"maintext\">In dem folgenden Video bekommen Sie einen ersten Eindruck \u00fcber die Aktivit\u00e4ten des SSV.<\/div>\n<div class=\"maintext\"><\/div>\n<p><iframe loading=\"lazy\" src=\"https:\/\/www.youtube.com\/embed\/OAseQNt2qwo?feature=player_embedded\" width=\"640\" height=\"360\" frameborder=\"0\" allowfullscreen=\"allowfullscreen\"><\/iframe><\/p>\n<div class=\"spacer20\">Alle Infos zum Sch\u00fcler-Sport-Verein SSV finden Sie unter folgendem Link: <a class=\"clink_li\" title=\"Sch\u00fcler Sport Verein\" href=\"http:\/\/www.ssv-hh.de\/\" target=\"_blank\">www.ssv-hh.de<\/a><\/div>\n<p>&nbsp;<\/p>\n[print_link]\n<div class=\"spacer_ext\"><\/div>\n","protected":false},"excerpt":{"rendered":"<p>Sch\u00fcler-Sport-Verein In dem folgenden Video bekommen Sie einen ersten Eindruck \u00fcber die Aktivit\u00e4ten des SSV. Alle Infos zum Sch\u00fcler-Sport-Verein SSV finden Sie unter folgendem Link: www.ssv-hh.de &nbsp; [print_link]<\/p>\n","protected":false},"author":1,"featured_media":153,"parent":3335,"menu_order":0,"comment_status":"closed","ping_status":"closed","template":"","meta":{"footnotes":""},"class_list":["post-187","page","type-page","status-publish","has-post-thumbnail","hentry"],"_links":{"self":[{"href":"https:\/\/bs16.bildungssprit.de\/index.php?rest_route=\/wp\/v2\/pages\/187","targetHints":{"allow":["GET"]}}],"collection":[{"href":"https:\/\/bs16.bildungssprit.de\/index.php?rest_route=\/wp\/v2\/pages"}],"about":[{"href":"https:\/\/bs16.bildungssprit.de\/index.php?rest_route=\/wp\/v2\/types\/page"}],"author":[{"embeddable":true,"href":"https:\/\/bs16.bildungssprit.de\/index.php?rest_route=\/wp\/v2\/users\/1"}],"replies":[{"embeddable":true,"href":"https:\/\/bs16.bildungssprit.de\/index.php?rest_route=%2Fwp%2Fv2%2Fcomments&post=187"}],"version-history":[{"count":0,"href":"https:\/\/bs16.bildungssprit.de\/index.php?rest_route=\/wp\/v2\/pages\/187\/revisions"}],"up":[{"embeddable":true,"href":"https:\/\/bs16.bildungssprit.de\/index.php?rest_route=\/wp\/v2\/pages\/3335"}],"wp:featuredmedia":[{"embeddable":true,"href":"https:\/\/bs16.bildungssprit.de\/index.php?rest_route=\/wp\/v2\/media\/153"}],"wp:attachment":[{"href":"https:\/\/bs16.bildungssprit.de\/index.php?rest_route=%2Fwp%2Fv2%2Fmedia&parent=187"}],"curies":[{"name":"wp","href":"https:\/\/api.w.org\/{rel}","templated":true}]}}