{"id":194,"date":"2015-11-18T10:46:46","date_gmt":"2015-11-18T09:46:46","guid":{"rendered":"http:\/\/autoschule.schulhomepages.hamburg.de\/?page_id=194"},"modified":"2015-11-18T10:46:46","modified_gmt":"2015-11-18T09:46:46","slug":"berufsschule","status":"publish","type":"page","link":"https:\/\/bs16.bildungssprit.de\/?page_id=194","title":{"rendered":"Berufsschule"},"content":{"rendered":"<p>Von den 1700 Sch\u00fclerinnen und Sch\u00fclern, die z.Zt. unsere Schule besuchen, stellen die gr\u00f6\u00dfte Anzahl mit ca. 1550 Personen die Auszubildenden dar. Davon wiederum waren die gr\u00f6\u00dfte Gruppe mit etwa 1000 Auszubildenden die Kraftfahrzeugmechatroniker. Folgende Berufe werden aktuell hier ausgebildet:<\/p>\n\n\n<div class=\"su-posts su-posts-teaser-loop \">\n\n\t\t\t\t\t\t\n\t\t\t\n\t\t\t<div id=\"su-post-238\" class=\"su-post \">\n\t\t\t\t\t\t\t\t\t<a class=\"su-post-thumbnail\" href=\"https:\/\/bs16.bildungssprit.de\/?page_id=238\"><img loading=\"lazy\" decoding=\"async\" width=\"640\" height=\"480\" src=\"https:\/\/bs16.bildungssprit.de\/wp-content\/uploads\/2015\/11\/bkf-am-lkw-02-e1448491175594.jpg\" class=\"attachment-post-thumbnail size-post-thumbnail wp-post-image\" alt=\"\" srcset=\"https:\/\/bs16.bildungssprit.de\/wp-content\/uploads\/2015\/11\/bkf-am-lkw-02-e1448491175594.jpg 640w, https:\/\/bs16.bildungssprit.de\/wp-content\/uploads\/2015\/11\/bkf-am-lkw-02-e1448491175594-300x225.jpg 300w\" sizes=\"auto, (max-width: 640px) 100vw, 640px\" \/><\/a>\n\t\t\t\t\t\t\t\t<h2 class=\"su-post-title\"><a href=\"https:\/\/bs16.bildungssprit.de\/?page_id=238\">Berufskraftfahrer\/in<\/a><\/h2>\n\t\t\t<\/div>\n\n\t\t\t\t\t\n\t\t\t\n\t\t\t<div id=\"su-post-239\" class=\"su-post \">\n\t\t\t\t\t\t\t\t\t<a class=\"su-post-thumbnail\" href=\"https:\/\/bs16.bildungssprit.de\/?page_id=239\"><img loading=\"lazy\" decoding=\"async\" width=\"1038\" height=\"576\" src=\"https:\/\/bs16.bildungssprit.de\/wp-content\/uploads\/2015\/11\/Motiv06-0019-e1450886376464.jpg\" class=\"attachment-post-thumbnail size-post-thumbnail wp-post-image\" alt=\"Verbrauchsmessfahrt\" srcset=\"https:\/\/bs16.bildungssprit.de\/wp-content\/uploads\/2015\/11\/Motiv06-0019-e1450886376464.jpg 1038w, https:\/\/bs16.bildungssprit.de\/wp-content\/uploads\/2015\/11\/Motiv06-0019-e1450886376464-300x166.jpg 300w, https:\/\/bs16.bildungssprit.de\/wp-content\/uploads\/2015\/11\/Motiv06-0019-e1450886376464-1024x568.jpg 1024w, https:\/\/bs16.bildungssprit.de\/wp-content\/uploads\/2015\/11\/Motiv06-0019-e1450886376464-768x426.jpg 768w\" sizes=\"auto, (max-width: 1038px) 100vw, 1038px\" \/><\/a>\n\t\t\t\t\t\t\t\t<h2 class=\"su-post-title\"><a href=\"https:\/\/bs16.bildungssprit.de\/?page_id=239\">Fachkraft im Fahrbetrieb<\/a><\/h2>\n\t\t\t<\/div>\n\n\t\t\t\t\t\n\t\t\t\n\t\t\t<div id=\"su-post-241\" class=\"su-post \">\n\t\t\t\t\t\t\t\t\t<a class=\"su-post-thumbnail\" href=\"https:\/\/bs16.bildungssprit.de\/?page_id=241\"><img loading=\"lazy\" decoding=\"async\" width=\"2250\" height=\"1500\" src=\"https:\/\/bs16.bildungssprit.de\/wp-content\/uploads\/2015\/04\/G9-0601.jpg\" class=\"attachment-post-thumbnail size-post-thumbnail wp-post-image\" alt=\"\" srcset=\"https:\/\/bs16.bildungssprit.de\/wp-content\/uploads\/2015\/04\/G9-0601.jpg 2250w, https:\/\/bs16.bildungssprit.de\/wp-content\/uploads\/2015\/04\/G9-0601-300x200.jpg 300w, https:\/\/bs16.bildungssprit.de\/wp-content\/uploads\/2015\/04\/G9-0601-1024x683.jpg 1024w, https:\/\/bs16.bildungssprit.de\/wp-content\/uploads\/2015\/04\/G9-0601-768x512.jpg 768w, https:\/\/bs16.bildungssprit.de\/wp-content\/uploads\/2015\/04\/G9-0601-1536x1024.jpg 1536w, https:\/\/bs16.bildungssprit.de\/wp-content\/uploads\/2015\/04\/G9-0601-2048x1365.jpg 2048w\" sizes=\"auto, (max-width: 2250px) 100vw, 2250px\" \/><\/a>\n\t\t\t\t\t\t\t\t<h2 class=\"su-post-title\"><a href=\"https:\/\/bs16.bildungssprit.de\/?page_id=241\">Fahrzeuglackierer\/in<\/a><\/h2>\n\t\t\t<\/div>\n\n\t\t\t\t\t\n\t\t\t\n\t\t\t<div id=\"su-post-255\" class=\"su-post \">\n\t\t\t\t\t\t\t\t\t<a class=\"su-post-thumbnail\" href=\"https:\/\/bs16.bildungssprit.de\/?page_id=255\"><img loading=\"lazy\" decoding=\"async\" width=\"640\" height=\"480\" src=\"https:\/\/bs16.bildungssprit.de\/wp-content\/uploads\/2015\/11\/bkf-schneekette-01-e1448491683505.jpg\" class=\"attachment-post-thumbnail size-post-thumbnail wp-post-image\" alt=\"\" srcset=\"https:\/\/bs16.bildungssprit.de\/wp-content\/uploads\/2015\/11\/bkf-schneekette-01-e1448491683505.jpg 640w, https:\/\/bs16.bildungssprit.de\/wp-content\/uploads\/2015\/11\/bkf-schneekette-01-e1448491683505-300x225.jpg 300w\" sizes=\"auto, (max-width: 640px) 100vw, 640px\" \/><\/a>\n\t\t\t\t\t\t\t\t<h2 class=\"su-post-title\"><a href=\"https:\/\/bs16.bildungssprit.de\/?page_id=255\">Gastsch\u00fcler<\/a><\/h2>\n\t\t\t<\/div>\n\n\t\t\t\t\t\n\t\t\t\n\t\t\t<div id=\"su-post-237\" class=\"su-post \">\n\t\t\t\t\t\t\t\t\t<a class=\"su-post-thumbnail\" href=\"https:\/\/bs16.bildungssprit.de\/?page_id=237\"><img loading=\"lazy\" decoding=\"async\" width=\"640\" height=\"480\" src=\"https:\/\/bs16.bildungssprit.de\/wp-content\/uploads\/2015\/11\/kar-beulen-01-e1448269582207.jpg\" class=\"attachment-post-thumbnail size-post-thumbnail wp-post-image\" alt=\"\" srcset=\"https:\/\/bs16.bildungssprit.de\/wp-content\/uploads\/2015\/11\/kar-beulen-01-e1448269582207.jpg 640w, https:\/\/bs16.bildungssprit.de\/wp-content\/uploads\/2015\/11\/kar-beulen-01-e1448269582207-300x225.jpg 300w\" sizes=\"auto, (max-width: 640px) 100vw, 640px\" \/><\/a>\n\t\t\t\t\t\t\t\t<h2 class=\"su-post-title\"><a href=\"https:\/\/bs16.bildungssprit.de\/?page_id=237\">Karosserie- und Fahrzeugbaumechaniker*in<\/a><\/h2>\n\t\t\t<\/div>\n\n\t\t\t\t\t\n\t\t\t\n\t\t\t<div id=\"su-post-234\" class=\"su-post \">\n\t\t\t\t\t\t\t\t\t<a class=\"su-post-thumbnail\" href=\"https:\/\/bs16.bildungssprit.de\/?page_id=234\"><img loading=\"lazy\" decoding=\"async\" width=\"640\" height=\"480\" src=\"https:\/\/bs16.bildungssprit.de\/wp-content\/uploads\/2015\/11\/kr-am-motor-04-e1448221475997.jpg\" class=\"attachment-post-thumbnail size-post-thumbnail wp-post-image\" alt=\"\" srcset=\"https:\/\/bs16.bildungssprit.de\/wp-content\/uploads\/2015\/11\/kr-am-motor-04-e1448221475997.jpg 640w, https:\/\/bs16.bildungssprit.de\/wp-content\/uploads\/2015\/11\/kr-am-motor-04-e1448221475997-300x225.jpg 300w\" sizes=\"auto, (max-width: 640px) 100vw, 640px\" \/><\/a>\n\t\t\t\t\t\t\t\t<h2 class=\"su-post-title\"><a href=\"https:\/\/bs16.bildungssprit.de\/?page_id=234\">Kfz-Mechatroniker\/in<\/a><\/h2>\n\t\t\t<\/div>\n\n\t\t\t\t\t\n\t\t\t\n\t\t\t<div id=\"su-post-590\" class=\"su-post \">\n\t\t\t\t\t\t\t\t\t<a class=\"su-post-thumbnail\" href=\"https:\/\/bs16.bildungssprit.de\/?page_id=590\"><img loading=\"lazy\" decoding=\"async\" width=\"2560\" height=\"1920\" src=\"https:\/\/bs16.bildungssprit.de\/wp-content\/uploads\/2015\/11\/lbm-radlader-02-scaled.jpg\" class=\"attachment-post-thumbnail size-post-thumbnail wp-post-image\" alt=\"Erkl\u00e4rungen am radlader\" srcset=\"https:\/\/bs16.bildungssprit.de\/wp-content\/uploads\/2015\/11\/lbm-radlader-02-scaled.jpg 2560w, https:\/\/bs16.bildungssprit.de\/wp-content\/uploads\/2015\/11\/lbm-radlader-02-300x225.jpg 300w, https:\/\/bs16.bildungssprit.de\/wp-content\/uploads\/2015\/11\/lbm-radlader-02-1024x768.jpg 1024w, https:\/\/bs16.bildungssprit.de\/wp-content\/uploads\/2015\/11\/lbm-radlader-02-768x576.jpg 768w, https:\/\/bs16.bildungssprit.de\/wp-content\/uploads\/2015\/11\/lbm-radlader-02-1536x1152.jpg 1536w, https:\/\/bs16.bildungssprit.de\/wp-content\/uploads\/2015\/11\/lbm-radlader-02-2048x1536.jpg 2048w\" sizes=\"auto, (max-width: 2560px) 100vw, 2560px\" \/><\/a>\n\t\t\t\t\t\t\t\t<h2 class=\"su-post-title\"><a href=\"https:\/\/bs16.bildungssprit.de\/?page_id=590\">Land- und Baumaschinenmechatroniker\/in<\/a><\/h2>\n\t\t\t<\/div>\n\n\t\t\t\t\t\n\t\t\t\n\t\t\t<div id=\"su-post-253\" class=\"su-post \">\n\t\t\t\t\t\t\t\t\t<a class=\"su-post-thumbnail\" href=\"https:\/\/bs16.bildungssprit.de\/?page_id=253\"><img loading=\"lazy\" decoding=\"async\" width=\"640\" height=\"480\" src=\"https:\/\/bs16.bildungssprit.de\/wp-content\/uploads\/2015\/11\/lk-schleifen-01-e1448491377606.jpg\" class=\"attachment-post-thumbnail size-post-thumbnail wp-post-image\" alt=\"\" srcset=\"https:\/\/bs16.bildungssprit.de\/wp-content\/uploads\/2015\/11\/lk-schleifen-01-e1448491377606.jpg 640w, https:\/\/bs16.bildungssprit.de\/wp-content\/uploads\/2015\/11\/lk-schleifen-01-e1448491377606-300x225.jpg 300w\" sizes=\"auto, (max-width: 640px) 100vw, 640px\" \/><\/a>\n\t\t\t\t\t\t\t\t<h2 class=\"su-post-title\"><a href=\"https:\/\/bs16.bildungssprit.de\/?page_id=253\">Verfahrensmechaniker\/in f\u00fcr Beschichtungstechnik<\/a><\/h2>\n\t\t\t<\/div>\n\n\t\t\t\t\t\n\t\t\t\n\t\t\t<div id=\"su-post-461\" class=\"su-post \">\n\t\t\t\t\t\t\t\t\t<a class=\"su-post-thumbnail\" href=\"https:\/\/bs16.bildungssprit.de\/?page_id=461\"><img loading=\"lazy\" decoding=\"async\" width=\"1972\" height=\"1479\" src=\"https:\/\/bs16.bildungssprit.de\/wp-content\/uploads\/2015\/11\/zm-speichen-01.jpg\" class=\"attachment-post-thumbnail size-post-thumbnail wp-post-image\" alt=\"Fahrr\u00e4der einspeichen\" srcset=\"https:\/\/bs16.bildungssprit.de\/wp-content\/uploads\/2015\/11\/zm-speichen-01.jpg 1972w, https:\/\/bs16.bildungssprit.de\/wp-content\/uploads\/2015\/11\/zm-speichen-01-300x225.jpg 300w, https:\/\/bs16.bildungssprit.de\/wp-content\/uploads\/2015\/11\/zm-speichen-01-1024x768.jpg 1024w, https:\/\/bs16.bildungssprit.de\/wp-content\/uploads\/2015\/11\/zm-speichen-01-768x576.jpg 768w, https:\/\/bs16.bildungssprit.de\/wp-content\/uploads\/2015\/11\/zm-speichen-01-1536x1152.jpg 1536w\" sizes=\"auto, (max-width: 1972px) 100vw, 1972px\" \/><\/a>\n\t\t\t\t\t\t\t\t<h2 class=\"su-post-title\"><a href=\"https:\/\/bs16.bildungssprit.de\/?page_id=461\">Zweiradmechatroniker Fahrradtechnik<\/a><\/h2>\n\t\t\t<\/div>\n\n\t\t\t\t\t\n\t\t\t\n\t\t\t<div id=\"su-post-458\" class=\"su-post \">\n\t\t\t\t\t\t\t\t\t<a class=\"su-post-thumbnail\" href=\"https:\/\/bs16.bildungssprit.de\/?page_id=458\"><img loading=\"lazy\" decoding=\"async\" width=\"2560\" height=\"1920\" src=\"https:\/\/bs16.bildungssprit.de\/wp-content\/uploads\/2015\/11\/zm-pruefstand-01-scaled.jpg\" class=\"attachment-post-thumbnail size-post-thumbnail wp-post-image\" alt=\"Motorrad Leistungspr\u00fcfstand\" srcset=\"https:\/\/bs16.bildungssprit.de\/wp-content\/uploads\/2015\/11\/zm-pruefstand-01-scaled.jpg 2560w, https:\/\/bs16.bildungssprit.de\/wp-content\/uploads\/2015\/11\/zm-pruefstand-01-300x225.jpg 300w, https:\/\/bs16.bildungssprit.de\/wp-content\/uploads\/2015\/11\/zm-pruefstand-01-1024x768.jpg 1024w, https:\/\/bs16.bildungssprit.de\/wp-content\/uploads\/2015\/11\/zm-pruefstand-01-768x576.jpg 768w, https:\/\/bs16.bildungssprit.de\/wp-content\/uploads\/2015\/11\/zm-pruefstand-01-1536x1152.jpg 1536w, https:\/\/bs16.bildungssprit.de\/wp-content\/uploads\/2015\/11\/zm-pruefstand-01-2048x1536.jpg 2048w\" sizes=\"auto, (max-width: 2560px) 100vw, 2560px\" \/><\/a>\n\t\t\t\t\t\t\t\t<h2 class=\"su-post-title\"><a href=\"https:\/\/bs16.bildungssprit.de\/?page_id=458\">Zweiradmechatroniker Motorradtechnik<\/a><\/h2>\n\t\t\t<\/div>\n\n\t\t\t\n<\/div>\n\n<p class=\"clearfloat\">&nbsp;<\/p>\n<table border=\"0\" width=\"528\">\n<tbody>\n<tr>\n<td colspan=\"2\">Mit der Neuordnung und Einf\u00fchrung des Lernfeldunterrichtes im Jahre 2003 entstanden neue Berufsbezeichnungen. Die Tabelle zeigt s\u00e4mtliche Berufe aus Industrie und Handwerk deren Auszubildende z.Zt. an der Beruflichen Schule Fahrzeugtechnik beschult werden:<\/td>\n<\/tr>\n<tr>\n<td><strong>Handwerksberufe<\/strong><\/td>\n<td><strong>Industrieberufe<\/strong><\/td>\n<\/tr>\n<tr>\n<td><strong>Kraftfahrzeugmechatroniker\/in<\/strong><\/td>\n<td><strong>Kraftfahrzeugmechatroniker<\/strong><strong>\/in<\/strong><\/td>\n<\/tr>\n<tr>\n<td>mit 5 Schwerpunkten:<\/td>\n<td>mit 5 Schwerpunkten:<\/td>\n<\/tr>\n<tr>\n<td>&#8211; Pkw-Technik<\/td>\n<td>&#8211; Pkw-Technik<\/td>\n<\/tr>\n<tr>\n<td>&#8211; Nutzfahrzeugtechnik<\/td>\n<td>&#8211; Nutzfahrzeugtechnik<\/td>\n<\/tr>\n<tr>\n<td>&#8211; Motorradtechnik<\/td>\n<td>&#8211; Motorradtechnik<\/td>\n<\/tr>\n<tr>\n<td>&#8211; System- und Hochvolttechnik<\/td>\n<td>&#8211; System- und Hochvolttechnik<\/td>\n<\/tr>\n<tr>\n<td>&#8211; Karosserietechnik<\/td>\n<td>&#8211; Karosserietechnik<\/td>\n<\/tr>\n<tr>\n<td>&nbsp;<\/td>\n<td>&nbsp;<\/td>\n<\/tr>\n<tr>\n<td><strong>Fahrradmonteur\/in<\/strong><\/td>\n<td><strong>Fahrradmonteur\/in<\/strong><\/td>\n<\/tr>\n<tr>\n<td>&nbsp;<\/td>\n<td>&nbsp;<\/td>\n<\/tr>\n<tr>\n<td><strong>Zweiradmechaniker<\/strong><strong>\/in<\/strong><\/td>\n<td><strong>Berufskraftfahrer<\/strong><strong>\/in<\/strong><\/td>\n<\/tr>\n<tr>\n<td>&nbsp;<\/td>\n<td>&nbsp;<\/td>\n<\/tr>\n<tr>\n<td><strong>Karosserie- und Fahrzeugbaumechaniker<\/strong><strong>\/in<\/strong><\/td>\n<td><strong>Verfahrensmechaniker<\/strong><strong>\/in<\/strong><strong> f\u00fcr Beschichtungstechnik<\/strong><\/td>\n<\/tr>\n<tr>\n<td>&nbsp;<\/td>\n<td>&nbsp;<\/td>\n<\/tr>\n<tr>\n<td><strong>Metallbauer<\/strong><strong>\/in<\/strong><strong>&nbsp; Fahrzeugbau<\/strong><\/td>\n<td><strong>Fachkraft im Fahrbetrieb<\/strong><\/td>\n<\/tr>\n<tr>\n<td>&nbsp;<\/td>\n<td>&nbsp;<\/td>\n<\/tr>\n<tr>\n<td><strong>Fahrzeuglackierer<\/strong><strong>\/in<\/strong><\/td>\n<td><strong>Mechaniker<\/strong><strong>\/in<\/strong><strong> Land- und Baumaschinentechnik<\/strong><\/td>\n<\/tr>\n<tr>\n<td colspan=\"2\">&nbsp;<\/p>\n<p>F\u00fcr viele Ausbildungsberufe und Weiterbildungsm\u00f6glichkeiten gibt es kurze Video-Clips, welche die Aus- und Weiterbildungsm\u00f6glichkeiten im Kfz-Gewerbe anschaulich darstellen. Zum <strong><em>YouTube-Kanal Autoberufe<\/em><\/strong> geht es <a title=\"YouTube Kanal Autoberufe\" href=\"https:\/\/www.youtube.com\/user\/AutoBerufe\" target=\"_blank\" rel=\"noopener\">hier<\/a> oder unten \u00fcber die externen Links. .<\/td>\n<\/tr>\n<\/tbody>\n<\/table>\n[print_link]\n","protected":false},"excerpt":{"rendered":"<p>Von den 1700 Sch\u00fclerinnen und Sch\u00fclern, die z.Zt. unsere Schule besuchen, stellen die gr\u00f6\u00dfte Anzahl mit ca. 1550 Personen die Auszubildenden dar. Davon wiederum waren die gr\u00f6\u00dfte Gruppe mit etwa 1000 Auszubildenden die Kraftfahrzeugmechatroniker. Folgende Berufe werden aktuell hier ausgebildet:<\/p>\n","protected":false},"author":1,"featured_media":2045,"parent":7,"menu_order":0,"comment_status":"closed","ping_status":"closed","template":"","meta":{"footnotes":""},"class_list":["post-194","page","type-page","status-publish","has-post-thumbnail","hentry"],"_links":{"self":[{"href":"https:\/\/bs16.bildungssprit.de\/index.php?rest_route=\/wp\/v2\/pages\/194","targetHints":{"allow":["GET"]}}],"collection":[{"href":"https:\/\/bs16.bildungssprit.de\/index.php?rest_route=\/wp\/v2\/pages"}],"about":[{"href":"https:\/\/bs16.bildungssprit.de\/index.php?rest_route=\/wp\/v2\/types\/page"}],"author":[{"embeddable":true,"href":"https:\/\/bs16.bildungssprit.de\/index.php?rest_route=\/wp\/v2\/users\/1"}],"replies":[{"embeddable":true,"href":"https:\/\/bs16.bildungssprit.de\/index.php?rest_route=%2Fwp%2Fv2%2Fcomments&post=194"}],"version-history":[{"count":0,"href":"https:\/\/bs16.bildungssprit.de\/index.php?rest_route=\/wp\/v2\/pages\/194\/revisions"}],"up":[{"embeddable":true,"href":"https:\/\/bs16.bildungssprit.de\/index.php?rest_route=\/wp\/v2\/pages\/7"}],"wp:featuredmedia":[{"embeddable":true,"href":"https:\/\/bs16.bildungssprit.de\/index.php?rest_route=\/wp\/v2\/media\/2045"}],"wp:attachment":[{"href":"https:\/\/bs16.bildungssprit.de\/index.php?rest_route=%2Fwp%2Fv2%2Fmedia&parent=194"}],"curies":[{"name":"wp","href":"https:\/\/api.w.org\/{rel}","templated":true}]}}