{"id":198,"date":"2015-11-18T11:01:48","date_gmt":"2015-11-18T10:01:48","guid":{"rendered":"http:\/\/autoschule.schulhomepages.hamburg.de\/?page_id=198"},"modified":"2015-11-18T11:01:48","modified_gmt":"2015-11-18T10:01:48","slug":"berufsqualifizierung","status":"publish","type":"page","link":"https:\/\/bs16.bildungssprit.de\/?page_id=198","title":{"rendered":"Berufsqualifizierung"},"content":{"rendered":"<h1>&#8230; f\u00fcr Jugendliche ohne Ausbildungsvertrag<\/h1>\n<div class=\"maintext\">\n<p>F\u00fcr Jugendliche, die noch keinen Ausbildungsvertrag abschlie\u00dfen konnten, bietet die Berufsqualifizierung nach dem Hamburger Ausbildungsmodell eine zus\u00e4tzliche Chance. Unsere Schule bietet die M\u00f6glichkeit, in <a href=\"https:\/\/autoschule.hamburg.de\/schulformen\/berufsschule\/\" rel=\"noopener noreferrer\"><strong>allen an der Berufsschule der BS16 vertretetenen Berufen <\/strong><\/a>in eine Berufsqualifizierung einzusteigen.<\/p>\n<p>Auf den Seiten des Hamburger Instituts f\u00fcr Berufliche Bildung (HIBB) finden Sie weitere <a href=\"http:\/\/hibb.hamburg.de\/bildungsangebote\/berufsausbildung\/berufsqualifizierung\/\" target=\"_blank\" rel=\"noopener noreferrer\">ausf\u00fchrliche Informationen.<\/a><\/p>\n<h2>Das Angebot<\/h2>\n<p>Sie schlie\u00dfen einen Vertrag mit uns, Ihrer zust\u00e4ndigen Berufsschule, ab. Das erste Ausbildungsjahr, die so genannte Berufsqualifizierung, findet in schulischer Verantwortung und in Zusammenarbeit mit den jeweiligen Betrieben statt. Daran sollte sich unmittelbar die Berufsausbildung in einem entsprechenden Betrieb oder Unternehmen anschlie\u00dfen. In beiden Ausbildungsabschnitten ist die duale Ausbildung (Schule und Betrieb) die Grundlage Ihrer beruflichen Qualifizierung.<\/p>\n<h2>Ihre Bewerbung<\/h2>\n<p>Bitte senden Sie Ihre Bewerbung an das Funktionspostfach <a id=\"menur1bd\" class=\"fui-Link ___1q1shib f2hkw1w f3rmtva f1ewtqcl fyind8e f1k6fduh f1w7gpdv fk6fouc fjoy568 figsok6 f1s184ao f1mk8lai fnbmjn9 f1o700av f13mvf36 f1cmlufx f9n3di6 f1ids18y f1tx3yz7 f1deo86v f1eh06m1 f1iescvh fhgqx19 f1olyrje f1p93eir f1nev41a f1h8hb77 f1lqvz6u f10aw75t fsle3fq f17ae5zn\" title=\"mailto:eqm-bq@hibb.hamburg.de\" href=\"mailto:Eqm-bq@hibb.hamburg.de\" target=\"_blank\" rel=\"noreferrer noopener\" aria-label=\"Link Eqm-bq@hibb.hamburg.de\">Eqm-bq@hibb.hamburg.de<\/a>, zu H\u00e4nden von Herrn Kossmann.<\/p>\n<p><strong>Ihre Unterlagen sollten Folgendes umfassen:<\/strong><\/p>\n<ul>\n<li>einen Lebenslauf mit aktuellem Lichtbild<\/li>\n<li>Kopien Ihrer Zeugnisse<\/li>\n<li>relevante Zertifikate sowie Praktikumsbescheinigungen<\/li>\n<li>Nachweise und R\u00fcckmeldungen \u00fcber absolvierte Praktika (idealerweise im angestrebten Berufsfeld), sowie<\/li>\n<li>ein Nachweis, dass Sie sich mehrfach um eine Ausbildung in diesem Berufsfeld beworben haben.<\/li>\n<\/ul>\n<p>Bitte erl\u00e4utern Sie in Ihrem Anschreiben ausf\u00fchrlich Ihre Motivation und Ihr Interesse an dem gew\u00fcnschten Beruf.<\/p>\n<div class=\"maintext\">\n<p><strong>Ansprechpartner:<\/strong><\/p>\n<div class=\"customBox01\">\n<h2><span data-teams=\"true\">J\u00f6rg Kossmann (HIBB)<\/span><\/h2>\n<p data-ogsc=\"\"><span data-ogsc=\"rgb(31, 73, 125)\" data-olk-copy-source=\"MessageBody\">Fachreferent Berufsqualifizierung und EQ-M<br \/>\n<\/span><span data-ogsc=\"rgb(31, 73, 125)\">Leitzeichen HI 21-3<\/span><\/p>\n<p data-ogsc=\"\"><span data-ogsc=\"rgb(31, 73, 125)\">Freie und Hansestadt Hamburg<br \/>\n<\/span><span data-ogsc=\"rgb(31, 73, 125)\">Hamburger Institut f\u00fcr Berufliche Bildung<br \/>\n<\/span><span data-ogsc=\"rgb(31, 73, 125)\">Hamburger Stra\u00dfe 125a<br \/>\n<\/span><span data-ogsc=\"rgb(31, 73, 125)\">22083 Hamburg<\/span><\/p>\n<p><img loading=\"lazy\" decoding=\"async\" class=\"alignnone size-full wp-image-302\" src=\"https:\/\/autoschule.hamburg.de\/wp-content\/uploads\/sites\/162\/2015\/04\/email.png\" alt=\"email\" width=\"32\" height=\"32\"\/> <a id=\"menur1bd\" class=\"fui-Link ___1q1shib f2hkw1w f3rmtva f1ewtqcl fyind8e f1k6fduh f1w7gpdv fk6fouc fjoy568 figsok6 f1s184ao f1mk8lai fnbmjn9 f1o700av f13mvf36 f1cmlufx f9n3di6 f1ids18y f1tx3yz7 f1deo86v f1eh06m1 f1iescvh fhgqx19 f1olyrje f1p93eir f1nev41a f1h8hb77 f1lqvz6u f10aw75t fsle3fq f17ae5zn\" title=\"mailto:eqm-bq@hibb.hamburg.de\" href=\"mailto:Eqm-bq@hibb.hamburg.de\" target=\"_blank\" rel=\"noreferrer noopener\" aria-label=\"Link Eqm-bq@hibb.hamburg.de\">Eqm-bq@hibb.hamburg.de<\/a><\/p>\n<p>&nbsp;<\/p>\n<\/div>\n<\/div>\n<p>&nbsp;<\/p>\n[print_link]\n<\/div>\n","protected":false},"excerpt":{"rendered":"<p>&#8230; f\u00fcr Jugendliche ohne Ausbildungsvertrag F\u00fcr Jugendliche, die noch keinen Ausbildungsvertrag abschlie\u00dfen konnten, bietet die Berufsqualifizierung nach dem Hamburger Ausbildungsmodell eine zus\u00e4tzliche Chance. Unsere Schule bietet die M\u00f6glichkeit, in allen an der Berufsschule der BS16 vertretetenen Berufen in eine Berufsqualifizierung<\/p>\n","protected":false},"author":1,"featured_media":140,"parent":7,"menu_order":0,"comment_status":"closed","ping_status":"closed","template":"","meta":{"footnotes":""},"class_list":["post-198","page","type-page","status-publish","has-post-thumbnail","hentry"],"_links":{"self":[{"href":"https:\/\/bs16.bildungssprit.de\/index.php?rest_route=\/wp\/v2\/pages\/198","targetHints":{"allow":["GET"]}}],"collection":[{"href":"https:\/\/bs16.bildungssprit.de\/index.php?rest_route=\/wp\/v2\/pages"}],"about":[{"href":"https:\/\/bs16.bildungssprit.de\/index.php?rest_route=\/wp\/v2\/types\/page"}],"author":[{"embeddable":true,"href":"https:\/\/bs16.bildungssprit.de\/index.php?rest_route=\/wp\/v2\/users\/1"}],"replies":[{"embeddable":true,"href":"https:\/\/bs16.bildungssprit.de\/index.php?rest_route=%2Fwp%2Fv2%2Fcomments&post=198"}],"version-history":[{"count":0,"href":"https:\/\/bs16.bildungssprit.de\/index.php?rest_route=\/wp\/v2\/pages\/198\/revisions"}],"up":[{"embeddable":true,"href":"https:\/\/bs16.bildungssprit.de\/index.php?rest_route=\/wp\/v2\/pages\/7"}],"wp:featuredmedia":[{"embeddable":true,"href":"https:\/\/bs16.bildungssprit.de\/index.php?rest_route=\/wp\/v2\/media\/140"}],"wp:attachment":[{"href":"https:\/\/bs16.bildungssprit.de\/index.php?rest_route=%2Fwp%2Fv2%2Fmedia&parent=198"}],"curies":[{"name":"wp","href":"https:\/\/api.w.org\/{rel}","templated":true}]}}