{"id":200,"date":"2015-11-18T11:04:11","date_gmt":"2015-11-18T10:04:11","guid":{"rendered":"http:\/\/autoschule.schulhomepages.hamburg.de\/?page_id=200"},"modified":"2015-11-18T11:04:11","modified_gmt":"2015-11-18T10:04:11","slug":"fachschule-technik","status":"publish","type":"page","link":"https:\/\/bs16.bildungssprit.de\/?page_id=200","title":{"rendered":"Fachschule Technik"},"content":{"rendered":"<div class=\"maintext\">\n<p><strong>Bewirb dich jetzt!<br \/>\n<\/strong><\/p>\n<p>Die Anmeldung ist jederzeit vor dem Unterrichtsstart nach den Hamburger Schulferien m\u00f6glich.<\/p>\n<\/div>\n<div class=\"su-box su-box-style-default\" id=\"\" style=\"border-color:#750000;border-radius:0px;max-width:none\"><div class=\"su-box-title\" style=\"background-color:#a83023;color:#fff;border-top-left-radius:0px;border-top-right-radius:0px\">ANMELDUNG:<\/div><div class=\"su-box-content su-u-clearfix su-u-trim\" style=\"border-bottom-left-radius:0px;border-bottom-right-radius:0px\"><strong>Anmeldung<\/strong> bitte \u00fcber dieses <a href=\"https:\/\/autoschule.hamburg.de\/wp-content\/uploads\/sites\/162\/2025\/05\/Anmeldeformular_Fachschule-Technik.pdf\" target=\"_blank\" rel=\"noopener\"><u data-ogsc=\"\">Formular<\/u><\/a> ausschlie\u00dflich an die folgende E-Mailadresse: <a href=\"mailto:anmeldung.fst@bs16.de\">anmeldung.fst@bs16.de<\/a> <\/div><\/div>\n<div class=\"su-box su-box-style-default\" id=\"\" style=\"border-color:#6f6d70;border-radius:0px;max-width:none\"><div class=\"su-box-title\" style=\"background-color:#a2a0a3;color:#000;border-top-left-radius:0px;border-top-right-radius:0px\">BERATUNG:<\/div><div class=\"su-box-content su-u-clearfix su-u-trim\" style=\"border-bottom-left-radius:0px;border-bottom-right-radius:0px\">Kontaktiere uns jetzt, wir beraten dich gerne:<\/p>\n<h2>Jochen Pelz<\/h2>\n<p><img loading=\"lazy\" decoding=\"async\" class=\"wp-image-1022 alignleft\" src=\"https:\/\/autoschule.hamburg.de\/wp-content\/uploads\/sites\/162\/2019\/08\/Pelz-2019-200x300.jpg\" alt=\"Foto von Jochen Pelz\" width=\"150\" height=\"225\" srcset=\"https:\/\/bs16.bildungssprit.de\/wp-content\/uploads\/2019\/08\/Pelz-2019-200x300.jpg 200w, https:\/\/bs16.bildungssprit.de\/wp-content\/uploads\/2019\/08\/Pelz-2019.jpg 400w\" sizes=\"auto, (max-width: 150px) 100vw, 150px\" \/><br \/>\nAbteilungsleiter Fachschule Technik<\/p>\n<p><img loading=\"lazy\" decoding=\"async\" class=\"alignnone size-full wp-image-303\" src=\"https:\/\/autoschule.hamburg.de\/wp-content\/uploads\/sites\/162\/2015\/04\/phone.png\" alt=\"phone\" width=\"32\" height=\"32\"\/>&nbsp; 040\/428 851 &#8211; 220<br \/>\n<img loading=\"lazy\" decoding=\"async\" class=\"alignnone size-full wp-image-302\" src=\"https:\/\/autoschule.hamburg.de\/wp-content\/uploads\/sites\/162\/2015\/04\/email.png\" alt=\"email\" width=\"32\" height=\"32\"\/>&nbsp; <a href=\"mailto:Jochen.Pelz@hibb.hamburg.de\" target=\"_blank\" rel=\"noopener\"> Jochen.Pelz@hibb.hamburg.de<\/a><\/p>\n<p>&nbsp;<\/p>\n<p>&nbsp;<\/p>\n<\/div><\/div>\n<div class=\"maintext\">\n<p>Du ben\u00f6tigst weitere Infos? Auf dieser Seite sowie auf <a href=\"https:\/\/www.instagram.com\/technikerschule.hamburg\/\" target=\"_blank\" rel=\"noopener\">Instagram<\/a>, in dieser <a href=\"http:\/\/www.t1p.de\/FST\" target=\"_blank\" rel=\"noopener\">Kurzpr\u00e4sentation der Fachschule Techniker<\/a> (Querformat) und in unserem <a href=\"https:\/\/autoschule.hamburg.de\/wp-content\/uploads\/sites\/162\/2025\/05\/BS16-Techniker-Flyer-Gruppe-Lukas-Nils-Jonas-Jannis.pdf\" target=\"_blank\" rel=\"noopener\">Flyer_Fachschule-Technik<\/a> findest du alles Wissenswerte zum Abschluss &#8222;Staatlich gepr\u00fcfter Techniker &#8211; Fachrichtung Karosserie- und Fahrzeugbautechnik&#8220;.<\/p>\n<p style=\"text-align: center\">Viel Spa\u00df beim St\u00f6bern!<\/p>\n<p>&nbsp;<\/p>\n<p><strong>Unsere Fachschule<br \/>\n<\/strong><\/p>\n<div class=\"su-youtube su-u-responsive-media-yes\"><iframe loading=\"lazy\" width=\"600\" height=\"400\" src=\"https:\/\/www.youtube.com\/embed\/ft7XWJmzU6k?\" frameborder=\"0\" allowfullscreen allow=\"autoplay; encrypted-media; picture-in-picture\" title=\"\"><\/iframe><\/div>\n<p>&nbsp;<\/p>\n<p><strong>Das Berufsbild<\/strong><\/p>\n<p>Unsere Absolventen arbeiten weltweit in den verschiedensten Unternehmen. Typische Arbeitsgebiete sind die Konstruktion im Schwerfahrzeugbau \/ Leichtfahrzeugbau, der Vertrieb, die Arbeit als Gutachter, die technische Dokumentation und Moderation sowie der Flugzeugbau. Hier k\u00f6nnen Sie <a href=\"https:\/\/autoschule.hamburg.de\/techniker-im-beruf\/\" target=\"_blank\" rel=\"noopener noreferrer\">nachlesen<\/a>, wo ehemalige Absolventen heute arbeiten.<\/p>\n<p><strong>Berufliche F\u00e4higkeiten<\/strong><\/p>\n<p>Techniker sind teamf\u00e4hig, innovativ, zielstrebig und besitzen eine&nbsp;hohe fachliche Kompetenz. Sie k\u00f6nnen sich selbstst\u00e4ndig in technische Bereiche einarbeiten und gehen den Dingen auf den Grund, in dem sie z.B. Fertigungsabl\u00e4ufe analysieren und planen.<\/p>\n<p>Techniker mit F\u00fchrungspotenzial k\u00f6nnen als Gruppenleiter, Abteilungsleiter oder selbstst\u00e4ndiger Unternehmer t\u00e4tig werden.<\/p>\n<p><strong>Unterricht an unserer Schule<\/strong><\/p>\n<p>Die Technikerschule ist eine zweij\u00e4hrige Vollzeitweiterbildung und f\u00fchrt nach 4 Semestern zum Abschluss &#8222;Staatlich gepr\u00fcfter Techniker &#8211; Fachrichtung Karosserie- und Fahrzeugbautechnik&#8220;. Voraussetzung ist ein Hauptschulabschluss (Erster allgemeinbildender Schulabschluss), eine Ausbildung in einem f\u00fcr die Technikerweiterbildung einschl\u00e4gigen Beruf (mindestens 3 Jahre) mit einj\u00e4hriger Berufserfahrung.<\/p>\n<p>Durch die Ablegung einer besonderen Mathematik-Pr\u00fcfung kann die Fachhochschulreife erworben werden. Semesterbeginn ist jeweils&nbsp;am 1. August eines Jahres.<\/p>\n<p>Die Weiterbildung erfolgt in 14 Lernfeldern. Das Schwergewicht liegt dabei auf dem konstruktiven Bereich. Hier eine \u00dcbersicht:<\/p>\n<table>\n<tbody>\n<tr>\n<td>Computergest\u00fctztes Konstruieren (CAD),<br style=\"font-size: 16px\"\/>mit CATIA V5 und mit MegaCAD<\/td>\n<td>480 Std.<\/td>\n<\/tr>\n<tr>\n<td>Berechnen und Dimensionieren<\/td>\n<td>480 Std.<\/td>\n<\/tr>\n<tr>\n<td>Entwerfen und Konzipieren<\/td>\n<td>320 Std.<\/td>\n<\/tr>\n<tr>\n<td>Elektrotechnik, Elektronik und&nbsp;<br style=\"font-size: 16px\"\/>Programmierung von Mikrocontrollern<\/td>\n<td>280 Std.<\/td>\n<\/tr>\n<tr>\n<td>Fertigungstechnik und Werkstoffkunde<\/td>\n<td>280 Std.<\/td>\n<\/tr>\n<tr>\n<td>Betriebswirtschaft und Politik mit<br style=\"font-size: 16px\"\/>Ausbildereignungspr\u00fcfung&nbsp;<\/td>\n<td>240 Std.<\/td>\n<\/tr>\n<tr>\n<td>Fachenglisch<\/td>\n<td>160 Std.<\/td>\n<\/tr>\n<tr>\n<td>Sprache und Kommunikation<\/td>\n<td>160 Std.<\/td>\n<\/tr>\n<\/tbody>\n<\/table>\n<p>Auch f\u00fcr diese Schulform ist eine Anmeldung direkt an unserer Schule notwendig. Das Anmeldeformular k\u00f6nnen Sie unter&nbsp;<a href=\"https:\/\/autoschule.hamburg.de\/downloads\/\">Downloads<\/a> herunter laden.<\/p>\n<p>Die Finanzierung der Weiterbildung l\u00e4uft in der Regel \u00fcber das Aufstiegs-BAf\u00f6G (Link zum <a href=\"https:\/\/afbg-digital.de\/start\">BAf\u00f6G-Antrag<\/a>). Bei Bestehen der Weiterbildung muss dies nicht einmal zur\u00fcckgezahlt werden, wodurch die Weiterbildung <strong>kostenlos<\/strong> ist. Zudem k\u00f6nnen die Lernenden nebenbei einem Minijob auf 520-Euro-Basis nachgehen.<\/p>\n<p>Dass sich die Weiterbildung zum Techniker nicht nur technisch, sondern auch finanziell lohnt, hat die S\u00fcddeutsche Zeitung (SZ) in einem <a href=\"http:\/\/www.sueddeutsche.de\/karriere\/gehalt-lehre-meister-studium-bildung-lohnt-sich-1.3502378\" target=\"_blank\" rel=\"noopener noreferrer\">l\u00e4ngeren Artikel<\/a> belegt.<\/p>\n<p>Nach dem Umbau des Altbaus freuen wir uns, die neuen Technikerklassen ab August 2017 in grundsanierten und neu gestalteten R\u00e4umen begr\u00fc\u00dfen zu k\u00f6nnen. So stehen den Technikerklassen moderne voll ausgestattete Unterrichtsr\u00e4ume und ein gro\u00dfes Konstruktionsb\u00fcro mit 28 Arbeitspl\u00e4tzen zur Verf\u00fcgung. Diese R\u00e4ume k\u00f6nnen die angehenden Techniker auch t\u00e4glich au\u00dferhalb der Unterrichtszeiten f\u00fcr das Vorbereiten von Gruppenarbeiten oder Pr\u00e4sentationen benutzen. Selbstverst\u00e4ndlich stehen diese R\u00e4ume auch t\u00e4glich f\u00fcr eigene \u00dcbungen zur Verf\u00fcgung.<\/p>\n<p><strong>Unsere Fachschule Technik in der Fachpresse<\/strong><\/p>\n<p>Konrad Wenz von der Zeitschrift F+K (Fahrzeug- und Karosseriebau) hat unsere Fachschule Technik&nbsp; besucht und einen ausf\u00fchrlichen Bericht geschrieben. <a href=\"https:\/\/www.fahrzeug-karosserie.de\/schnittstelle-zwischen-konstruktion-und-fahrzeugbau-a-987412\/\" target=\"_blank\" rel=\"noopener noreferrer\">In dem mehrseitigen Artikel<\/a> wurde \u00fcber die Weiterbildungsm\u00f6glichkeit zum staatlich gepr\u00fcften Techniker der Fachrichtung Karosserie- und Fahrzeugbautechnik berichtet. Auch die Lerninhalte und der zeitliche Rahmen wurden beschrieben.<\/p>\n<p><strong>Erfahrungsberichte ehemaliger Sch\u00fcler<\/strong><\/p>\n<p><a href=\"https:\/\/autoschule.hamburg.de\/techniker-im-beruf\/\" target=\"_blank\" rel=\"noopener noreferrer\">Ehemalige Sch\u00fcler berichten<\/a>, was sie nach der Techniker-Weiterbildung&nbsp; gemacht haben und an welchen Aufgaben sie heute arbeiten.<\/p>\n<p><strong>Techniker Bibliothek<\/strong><\/p>\n<p>Der Griff in die Regale ist unserer Schule selbstverst\u00e4ndlich immer&nbsp; m\u00f6glich. Im Bestand befindet eine gro\u00dfe Auswahl an Fachb\u00fcchern.<\/p>\n<p>Hier haben wir f\u00fcr Sie eine \u00dcbersicht \u00fcber <a href=\"https:\/\/autoschule.hamburg.de\/weitere-bibliotheken\/\" target=\"_blank\" rel=\"noopener noreferrer\">weitere Bibliotheken<\/a> in Hamburg und dem Umland zusammengefasst.<\/p>\n<p><strong>Ansprechpartner<\/strong>:<\/p>\n<div class=\"customBox01\">\n<h2><img loading=\"lazy\" decoding=\"async\" class=\"alignleft wp-image-1022\" src=\"https:\/\/autoschule.hamburg.de\/wp-content\/uploads\/sites\/162\/2019\/08\/Pelz-2019-200x300.jpg\" alt=\"Foto von Jochen Pelz\" width=\"150\" height=\"225\" srcset=\"https:\/\/bs16.bildungssprit.de\/wp-content\/uploads\/2019\/08\/Pelz-2019-200x300.jpg 200w, https:\/\/bs16.bildungssprit.de\/wp-content\/uploads\/2019\/08\/Pelz-2019.jpg 400w\" sizes=\"auto, (max-width: 150px) 100vw, 150px\" \/>Jochen Pelz<\/h2>\n<p>Abteilungsleiter Fachschule Technik<\/p>\n<p><img loading=\"lazy\" decoding=\"async\" class=\"alignnone size-full wp-image-303\" src=\"https:\/\/autoschule.hamburg.de\/wp-content\/uploads\/sites\/162\/2015\/04\/phone.png\" alt=\"phone\" width=\"32\" height=\"32\"\/>&nbsp; 040\/428 851 &#8211; 220<br \/>\n<img loading=\"lazy\" decoding=\"async\" class=\"alignnone size-full wp-image-302\" src=\"https:\/\/autoschule.hamburg.de\/wp-content\/uploads\/sites\/162\/2015\/04\/email.png\" alt=\"email\" width=\"32\" height=\"32\"\/>&nbsp; <a href=\"mailto:Jochen.Pelz@hibb.hamburg.de\" target=\"_blank\" rel=\"noopener\"> Jochen.Pelz@hibb.hamburg.de<\/a><\/p>\n<p>&nbsp;<\/p>\n<\/div>\n<\/div>\n<p>&nbsp;<br \/>\n[print_link]\n","protected":false},"excerpt":{"rendered":"<p>Bewirb dich jetzt! Die Anmeldung ist jederzeit vor dem Unterrichtsstart nach den Hamburger Schulferien m\u00f6glich. Du ben\u00f6tigst weitere Infos? Auf dieser Seite sowie auf Instagram, in dieser Kurzpr\u00e4sentation der Fachschule Techniker (Querformat) und in unserem Flyer_Fachschule-Technik findest du alles Wissenswerte<\/p>\n","protected":false},"author":1,"featured_media":1747,"parent":7,"menu_order":0,"comment_status":"closed","ping_status":"closed","template":"","meta":{"footnotes":""},"class_list":["post-200","page","type-page","status-publish","has-post-thumbnail","hentry"],"_links":{"self":[{"href":"https:\/\/bs16.bildungssprit.de\/index.php?rest_route=\/wp\/v2\/pages\/200","targetHints":{"allow":["GET"]}}],"collection":[{"href":"https:\/\/bs16.bildungssprit.de\/index.php?rest_route=\/wp\/v2\/pages"}],"about":[{"href":"https:\/\/bs16.bildungssprit.de\/index.php?rest_route=\/wp\/v2\/types\/page"}],"author":[{"embeddable":true,"href":"https:\/\/bs16.bildungssprit.de\/index.php?rest_route=\/wp\/v2\/users\/1"}],"replies":[{"embeddable":true,"href":"https:\/\/bs16.bildungssprit.de\/index.php?rest_route=%2Fwp%2Fv2%2Fcomments&post=200"}],"version-history":[{"count":0,"href":"https:\/\/bs16.bildungssprit.de\/index.php?rest_route=\/wp\/v2\/pages\/200\/revisions"}],"up":[{"embeddable":true,"href":"https:\/\/bs16.bildungssprit.de\/index.php?rest_route=\/wp\/v2\/pages\/7"}],"wp:featuredmedia":[{"embeddable":true,"href":"https:\/\/bs16.bildungssprit.de\/index.php?rest_route=\/wp\/v2\/media\/1747"}],"wp:attachment":[{"href":"https:\/\/bs16.bildungssprit.de\/index.php?rest_route=%2Fwp%2Fv2%2Fmedia&parent=200"}],"curies":[{"name":"wp","href":"https:\/\/api.w.org\/{rel}","templated":true}]}}