{"id":208,"date":"2015-11-18T14:31:49","date_gmt":"2015-11-18T13:31:49","guid":{"rendered":"http:\/\/autoschule.schulhomepages.hamburg.de\/?page_id=208"},"modified":"2015-11-18T14:31:49","modified_gmt":"2015-11-18T13:31:49","slug":"schuelerprojekte","status":"publish","type":"page","link":"https:\/\/bs16.bildungssprit.de\/?page_id=208","title":{"rendered":"Sch\u00fclerprojekte"},"content":{"rendered":"<p>An unserer Schule werden in allen Schulformen Projekte initiiert und durchgef\u00fchrt, die schulische und au\u00dferschulische Inhalte verbinden. H\u00e4ufig kann eine Zusammenarbeit mit den Betrieben stattfinden, die in der Lernortkooperation mit der Schule zusammenarbeiten. Sch\u00fclerinnen und Sch\u00fcler erleben unsere Schule dann lebendig, weltoffen und technisch auf dem neuesten Stand.<\/p>\n<p>Unter dem Stichwort: <em>Sch\u00fclerprojekt<\/em> finden Sie im Bereich: <a href=\"https:\/\/autoschule.hamburg.de\/aktuelles\/\"><em>Aktuelles<\/em><\/a> Berichte von Projekten, die von und mit Sch\u00fcllerinnen und Sch\u00fclern unserer Schule geplant und durchgef\u00fchrt wurden.<\/p>\n[print_link]\n","protected":false},"excerpt":{"rendered":"<p>An unserer Schule werden in allen Schulformen Projekte initiiert und durchgef\u00fchrt, die schulische und au\u00dferschulische Inhalte verbinden. H\u00e4ufig kann eine Zusammenarbeit mit den Betrieben stattfinden, die in der Lernortkooperation mit der Schule zusammenarbeiten. Sch\u00fclerinnen und Sch\u00fcler erleben unsere Schule dann<\/p>\n","protected":false},"author":1,"featured_media":410,"parent":8,"menu_order":0,"comment_status":"closed","ping_status":"closed","template":"","meta":{"footnotes":""},"class_list":["post-208","page","type-page","status-publish","has-post-thumbnail","hentry"],"_links":{"self":[{"href":"https:\/\/bs16.bildungssprit.de\/index.php?rest_route=\/wp\/v2\/pages\/208","targetHints":{"allow":["GET"]}}],"collection":[{"href":"https:\/\/bs16.bildungssprit.de\/index.php?rest_route=\/wp\/v2\/pages"}],"about":[{"href":"https:\/\/bs16.bildungssprit.de\/index.php?rest_route=\/wp\/v2\/types\/page"}],"author":[{"embeddable":true,"href":"https:\/\/bs16.bildungssprit.de\/index.php?rest_route=\/wp\/v2\/users\/1"}],"replies":[{"embeddable":true,"href":"https:\/\/bs16.bildungssprit.de\/index.php?rest_route=%2Fwp%2Fv2%2Fcomments&post=208"}],"version-history":[{"count":0,"href":"https:\/\/bs16.bildungssprit.de\/index.php?rest_route=\/wp\/v2\/pages\/208\/revisions"}],"up":[{"embeddable":true,"href":"https:\/\/bs16.bildungssprit.de\/index.php?rest_route=\/wp\/v2\/pages\/8"}],"wp:featuredmedia":[{"embeddable":true,"href":"https:\/\/bs16.bildungssprit.de\/index.php?rest_route=\/wp\/v2\/media\/410"}],"wp:attachment":[{"href":"https:\/\/bs16.bildungssprit.de\/index.php?rest_route=%2Fwp%2Fv2%2Fmedia&parent=208"}],"curies":[{"name":"wp","href":"https:\/\/api.w.org\/{rel}","templated":true}]}}