{"id":210,"date":"2015-11-18T14:35:18","date_gmt":"2015-11-18T13:35:18","guid":{"rendered":"http:\/\/autoschule.schulhomepages.hamburg.de\/?page_id=210"},"modified":"2015-11-18T14:35:18","modified_gmt":"2015-11-18T13:35:18","slug":"bristol-sprachreise","status":"publish","type":"page","link":"https:\/\/bs16.bildungssprit.de\/?page_id=210","title":{"rendered":"Dublin-Auslandspraktikum"},"content":{"rendered":"<p><strong>Auslandspraktikum f\u00fcr Auszubildende <\/strong><\/p>\n<p>Interested to go abroad? Ireland, here we come!<\/p>\n<p>Would you like to:<br \/>\n\u2022\u00a0\u00a0 \u00a0improve your English language skills<br \/>\n\u2022\u00a0\u00a0 \u00a0acquire new technical knowledge<br \/>\n\u2022\u00a0\u00a0 \u00a0get into contact with foreign employers and customers<br \/>\n\u2022\u00a0\u00a0 \u00a0increase your chance on the job market?<\/p>\n<p>Then you might be interested in the following information\u2026<br \/>\n________________________________________<\/p>\n<p>Liebe Auszubildende,<\/p>\n<p>wir freuen uns, dass es auch im kommenden Jahr wieder die M\u00f6glichkeit gibt an einem Auslandspraktikum im Rahmen des <a href=\"http:\/\/www.erasmusplus.de\/\" target=\"_blank\" rel=\"noopener\">Erasmus+<\/a>-Programmes teilzunehmen, um berufliche und interkulturelle Erfahrungen im europ\u00e4ischen Ausland zu sammeln. Im Rahmen des von der EU finanzierten Projektes \u201eAuslandspraktikum f\u00fcr Auszubildende\u201c besteht daher f\u00fcr Auszubildende\u00a0 unserer Schule die besondere M\u00f6glichkeit, im Herbst an einem derartigen Praktikum teilzunehmen.<\/p>\n<p>Die Teilnehmer fahren f\u00fcr drei Wochen in die irische Stadt Dublin. Dort besuchen sie f\u00fcnf Tage einen Englischkurs in einer renommierten Sprachschule, machen Ausfl\u00fcge in die Umgebung, nehmen an einer Betriebsbesichtigung teil und arbeiten anschlie\u00dfend zwei Wochen als Praktikanten in einem berufsbezogenen Betrieb. W\u00e4hrend dieser Zeit wohnen die Auszubildenden landestypisch in Gastfamilien vor Ort mit Halbpension.<\/p>\n<p>Wer an dem Programm teilnimmt, bekommt Sie ein gro\u00dfz\u00fcgiges EU-Stipendium \u00fcber das Erasmus+-Programm, so dass der letztendliche Eigenanteil sehr viel geringer ausf\u00e4llt. Die An- und Abreise wird selbst organisiert und ist wie das Taschengeld nicht in diesem Betrag enthalten. Einige Arbeitgeber beteiligen sich sogar an dem Eigenanteil.<\/p>\n<p>Die BS 16 befreit die Teilnehmer f\u00fcr zwei Wochen vom Unterricht. In der dritten Woche werden die Teilnehmer entweder vom Betrieb freigestellt oder nehmen sich f\u00fcnf Tage Urlaub.<\/p>\n<p>Genaue Reisedaten und weitere Informationen finden Sie im <a href=\"https:\/\/autoschule.hamburg.de\/wp-content\/uploads\/sites\/162\/2020\/01\/Details-zu-ErasmusDublin.pdf\" target=\"_blank\" rel=\"noopener\">Informationsblatt Details zu Erasmus+<\/a>.\u00a0Die Auswahl erfolgt aufgrund eines Gespr\u00e4chs mit dem Klassenlehrer sowie den Bewerbungsunterlagen. Ausschlaggebend f\u00fcr uns ist die Motivation, nicht der Leistungsstand!<\/p>\n<p>F\u00fcr die endg\u00fcltige Bewerbung ben\u00f6tigen wir einige Unterlagen, die ebenfalls in dem o.g. Anhang erl\u00e4utert werden.\u00a0F\u00fcr Ihre Fragen und R\u00fccksprachen mit Ihren Arbeitgebern stehe ich gern zur Verf\u00fcgung.<\/p>\n<p><strong>Weitere hilfreiche Links:<\/strong><\/p>\n<p><a href=\"https:\/\/hibb.hamburg.de\/2017\/09\/19\/auszubildende-sind-international-mobil\/\" target=\"_blank\" rel=\"noopener\">HIBB vergibt Zertifikat: Auszubildende sind international mobil<\/a><\/p>\n<p><a href=\"http:\/\/www.hamburg-news.hamburg\/de\/kongresse-veranstaltungen\/hamburger-auszubildende-sind-international-mobil\/\" target=\"_blank\" rel=\"noopener\">Hamburg News: Auszubildende sind international mobil\u00a0<\/a><\/p>\n<p><strong>Zwei Berichte von Teilnehmern:<\/strong><\/p>\n<p><a href=\"https:\/\/autoschule.hamburg.de\/wp-content\/uploads\/sites\/162\/2020\/01\/Bericht-Erasmus-Dublin.pdf\" target=\"_blank\" rel=\"noopener\">Bericht aus Dublin<\/a> und <a href=\"https:\/\/autoschule.hamburg.de\/bericht-erasmus-lund\/\" target=\"_blank\" rel=\"noopener\">Bericht aus Lund<\/a><\/p>\n<p>Karin Dr\u00f6ge<\/p>\n<table>\n<tbody>\n<tr>\n<td style=\"width: 300px\"><a href=\"https:\/\/autoschule.hamburg.de\/wp-content\/uploads\/sites\/162\/2020\/01\/BS16-Dublin-01-web.jpg\"><img loading=\"lazy\" decoding=\"async\" class=\"size-medium wp-image-1057\" src=\"https:\/\/autoschule.hamburg.de\/wp-content\/uploads\/sites\/162\/2020\/01\/BS16-Dublin-01-web-300x200.jpg\" alt=\"Landschaft\" width=\"300\" height=\"200\" srcset=\"https:\/\/bs16.bildungssprit.de\/wp-content\/uploads\/2020\/01\/BS16-Dublin-01-web-300x200.jpg 300w, https:\/\/bs16.bildungssprit.de\/wp-content\/uploads\/2020\/01\/BS16-Dublin-01-web.jpg 600w\" sizes=\"auto, (max-width: 300px) 100vw, 300px\" \/><\/a><\/td>\n<td style=\"width: 300px\"><a href=\"https:\/\/autoschule.hamburg.de\/wp-content\/uploads\/sites\/162\/2020\/01\/BS16-Dublin-02-web.jpg\"><img loading=\"lazy\" decoding=\"async\" class=\"size-medium wp-image-1058\" src=\"https:\/\/autoschule.hamburg.de\/wp-content\/uploads\/sites\/162\/2020\/01\/BS16-Dublin-02-web-300x200.jpg\" alt=\"Stra\u00dfe in Dublin\" width=\"300\" height=\"200\" srcset=\"https:\/\/bs16.bildungssprit.de\/wp-content\/uploads\/2020\/01\/BS16-Dublin-02-web-300x200.jpg 300w, https:\/\/bs16.bildungssprit.de\/wp-content\/uploads\/2020\/01\/BS16-Dublin-02-web.jpg 600w\" sizes=\"auto, (max-width: 300px) 100vw, 300px\" \/><\/a><\/td>\n<\/tr>\n<tr>\n<td style=\"width: 300px\"><a href=\"https:\/\/autoschule.hamburg.de\/wp-content\/uploads\/sites\/162\/2020\/01\/BS16-Dublin-05-web.jpg\"><img loading=\"lazy\" decoding=\"async\" class=\"size-medium wp-image-1059\" src=\"https:\/\/autoschule.hamburg.de\/wp-content\/uploads\/sites\/162\/2020\/01\/BS16-Dublin-05-web-300x200.jpg\" alt=\"Haus in Dublin\" width=\"300\" height=\"200\" srcset=\"https:\/\/bs16.bildungssprit.de\/wp-content\/uploads\/2020\/01\/BS16-Dublin-05-web-300x200.jpg 300w, https:\/\/bs16.bildungssprit.de\/wp-content\/uploads\/2020\/01\/BS16-Dublin-05-web.jpg 600w\" sizes=\"auto, (max-width: 300px) 100vw, 300px\" \/><\/a><\/td>\n<td style=\"width: 300px\"><a href=\"https:\/\/autoschule.hamburg.de\/wp-content\/uploads\/sites\/162\/2020\/01\/BS16-Dublin-06-web.jpg\"><img loading=\"lazy\" decoding=\"async\" class=\"size-medium wp-image-1060\" src=\"https:\/\/autoschule.hamburg.de\/wp-content\/uploads\/sites\/162\/2020\/01\/BS16-Dublin-06-web-300x200.jpg\" alt=\"Meer bei Ireland\" width=\"300\" height=\"200\" srcset=\"https:\/\/bs16.bildungssprit.de\/wp-content\/uploads\/2020\/01\/BS16-Dublin-06-web-300x200.jpg 300w, https:\/\/bs16.bildungssprit.de\/wp-content\/uploads\/2020\/01\/BS16-Dublin-06-web.jpg 600w\" sizes=\"auto, (max-width: 300px) 100vw, 300px\" \/><\/a><\/td>\n<\/tr>\n<tr>\n<td style=\"width: 300px\"><a href=\"https:\/\/autoschule.hamburg.de\/wp-content\/uploads\/sites\/162\/2020\/01\/BS16-Dublin-08-web.jpg\"><img loading=\"lazy\" decoding=\"async\" class=\"size-medium wp-image-1061\" src=\"https:\/\/autoschule.hamburg.de\/wp-content\/uploads\/sites\/162\/2020\/01\/BS16-Dublin-08-web-300x200.jpg\" alt=\"Steilk\u00fcste\" width=\"300\" height=\"200\" srcset=\"https:\/\/bs16.bildungssprit.de\/wp-content\/uploads\/2020\/01\/BS16-Dublin-08-web-300x200.jpg 300w, https:\/\/bs16.bildungssprit.de\/wp-content\/uploads\/2020\/01\/BS16-Dublin-08-web.jpg 600w\" sizes=\"auto, (max-width: 300px) 100vw, 300px\" \/><\/a><\/td>\n<td style=\"width: 300px\"><a href=\"https:\/\/autoschule.hamburg.de\/wp-content\/uploads\/sites\/162\/2020\/01\/BS16-Dublin-09-web.jpg\"><img loading=\"lazy\" decoding=\"async\" class=\"size-medium wp-image-1062\" src=\"https:\/\/autoschule.hamburg.de\/wp-content\/uploads\/sites\/162\/2020\/01\/BS16-Dublin-09-web-300x200.jpg\" alt=\"Hausfront in Dublin\" width=\"300\" height=\"200\" srcset=\"https:\/\/bs16.bildungssprit.de\/wp-content\/uploads\/2020\/01\/BS16-Dublin-09-web-300x200.jpg 300w, https:\/\/bs16.bildungssprit.de\/wp-content\/uploads\/2020\/01\/BS16-Dublin-09-web.jpg 600w\" sizes=\"auto, (max-width: 300px) 100vw, 300px\" \/><\/a><\/td>\n<\/tr>\n<tr>\n<td style=\"width: 300px\"><a href=\"https:\/\/autoschule.hamburg.de\/wp-content\/uploads\/sites\/162\/2020\/01\/BS16-Dublin-10-web.jpg\"><img loading=\"lazy\" decoding=\"async\" class=\"size-medium wp-image-1063\" src=\"https:\/\/autoschule.hamburg.de\/wp-content\/uploads\/sites\/162\/2020\/01\/BS16-Dublin-10-web-300x200.jpg\" alt=\"Strand in Ireland\" width=\"300\" height=\"200\" srcset=\"https:\/\/bs16.bildungssprit.de\/wp-content\/uploads\/2020\/01\/BS16-Dublin-10-web-300x200.jpg 300w, https:\/\/bs16.bildungssprit.de\/wp-content\/uploads\/2020\/01\/BS16-Dublin-10-web.jpg 600w\" sizes=\"auto, (max-width: 300px) 100vw, 300px\" \/><\/a><\/td>\n<td style=\"width: 300px\"><a href=\"https:\/\/autoschule.hamburg.de\/wp-content\/uploads\/sites\/162\/2020\/01\/BS16-Dublin-11-web.jpg\"><img loading=\"lazy\" decoding=\"async\" class=\"size-medium wp-image-1064\" src=\"https:\/\/autoschule.hamburg.de\/wp-content\/uploads\/sites\/162\/2020\/01\/BS16-Dublin-11-web-300x200.jpg\" alt=\"irische Schrift\" width=\"300\" height=\"200\" srcset=\"https:\/\/bs16.bildungssprit.de\/wp-content\/uploads\/2020\/01\/BS16-Dublin-11-web-300x200.jpg 300w, https:\/\/bs16.bildungssprit.de\/wp-content\/uploads\/2020\/01\/BS16-Dublin-11-web.jpg 600w\" sizes=\"auto, (max-width: 300px) 100vw, 300px\" \/><\/a><\/td>\n<\/tr>\n<\/tbody>\n<\/table>\n[print_link]\n","protected":false},"excerpt":{"rendered":"<p>Auslandspraktikum f\u00fcr Auszubildende Interested to go abroad? Ireland, here we come! Would you like to: \u2022\u00a0\u00a0 \u00a0improve your English language skills \u2022\u00a0\u00a0 \u00a0acquire new technical knowledge \u2022\u00a0\u00a0 \u00a0get into contact with foreign employers and customers \u2022\u00a0\u00a0 \u00a0increase your chance on<\/p>\n","protected":false},"author":1,"featured_media":1056,"parent":8,"menu_order":0,"comment_status":"closed","ping_status":"closed","template":"","meta":{"footnotes":""},"class_list":["post-210","page","type-page","status-publish","has-post-thumbnail","hentry"],"_links":{"self":[{"href":"https:\/\/bs16.bildungssprit.de\/index.php?rest_route=\/wp\/v2\/pages\/210","targetHints":{"allow":["GET"]}}],"collection":[{"href":"https:\/\/bs16.bildungssprit.de\/index.php?rest_route=\/wp\/v2\/pages"}],"about":[{"href":"https:\/\/bs16.bildungssprit.de\/index.php?rest_route=\/wp\/v2\/types\/page"}],"author":[{"embeddable":true,"href":"https:\/\/bs16.bildungssprit.de\/index.php?rest_route=\/wp\/v2\/users\/1"}],"replies":[{"embeddable":true,"href":"https:\/\/bs16.bildungssprit.de\/index.php?rest_route=%2Fwp%2Fv2%2Fcomments&post=210"}],"version-history":[{"count":0,"href":"https:\/\/bs16.bildungssprit.de\/index.php?rest_route=\/wp\/v2\/pages\/210\/revisions"}],"up":[{"embeddable":true,"href":"https:\/\/bs16.bildungssprit.de\/index.php?rest_route=\/wp\/v2\/pages\/8"}],"wp:featuredmedia":[{"embeddable":true,"href":"https:\/\/bs16.bildungssprit.de\/index.php?rest_route=\/wp\/v2\/media\/1056"}],"wp:attachment":[{"href":"https:\/\/bs16.bildungssprit.de\/index.php?rest_route=%2Fwp%2Fv2%2Fmedia&parent=210"}],"curies":[{"name":"wp","href":"https:\/\/api.w.org\/{rel}","templated":true}]}}