{"id":212,"date":"2015-11-18T14:38:57","date_gmt":"2015-11-18T13:38:57","guid":{"rendered":"http:\/\/autoschule.schulhomepages.hamburg.de\/?page_id=212"},"modified":"2015-11-18T14:38:57","modified_gmt":"2015-11-18T13:38:57","slug":"girls-go","status":"publish","type":"page","link":"https:\/\/bs16.bildungssprit.de\/?page_id=212","title":{"rendered":"Girls Go"},"content":{"rendered":"<div class=\"maintext\">\n<p>Das Verh\u00e4ltnis von M\u00e4nnern zu Frauen ist in Hamburg fast ausgeglichen. An unserer Schule ist \u201eman\u201c als Frau fast allein unter Kollegen. Hier betr\u00e4gt das Verh\u00e4ltnis&nbsp; ca. 95:5. Das bringt f\u00fcr alle Beteiligten eine ganze Reihe von Besonderheiten mit sich. Nicht jedem gelingt es, diesen speziellen Herausforderungen souver\u00e4n zu begegnen.<\/p>\n<p>F\u00fcr alle weiblichen Auszubildenden bieten deshalb die Beratungslehrerinnen Frau Felipovic und Frau Dr\u00f6ge eigene Treffen an. Hier gibt es die M\u00f6glichkeit zu Begegnung, Austausch und Unterst\u00fctzung.<\/p>\n<p>Sie k\u00f6nnen die Beratungslehrerinnen per E-Mail erreichen:<\/p>\n<p><strong>Ansprechpartner<\/strong>:<\/p>\n<p>Martina Filipovic<\/p>\n<p>Karin Dr\u00f6ge<\/p>\n<p>&nbsp;<\/p>\n<\/div>\n[print_link]\n","protected":false},"excerpt":{"rendered":"<p>Das Verh\u00e4ltnis von M\u00e4nnern zu Frauen ist in Hamburg fast ausgeglichen. An unserer Schule ist \u201eman\u201c als Frau fast allein unter Kollegen. Hier betr\u00e4gt das Verh\u00e4ltnis&nbsp; ca. 95:5. Das bringt f\u00fcr alle Beteiligten eine ganze Reihe von Besonderheiten mit sich.<\/p>\n","protected":false},"author":1,"featured_media":399,"parent":8,"menu_order":0,"comment_status":"closed","ping_status":"closed","template":"","meta":{"footnotes":""},"class_list":["post-212","page","type-page","status-publish","has-post-thumbnail","hentry"],"_links":{"self":[{"href":"https:\/\/bs16.bildungssprit.de\/index.php?rest_route=\/wp\/v2\/pages\/212","targetHints":{"allow":["GET"]}}],"collection":[{"href":"https:\/\/bs16.bildungssprit.de\/index.php?rest_route=\/wp\/v2\/pages"}],"about":[{"href":"https:\/\/bs16.bildungssprit.de\/index.php?rest_route=\/wp\/v2\/types\/page"}],"author":[{"embeddable":true,"href":"https:\/\/bs16.bildungssprit.de\/index.php?rest_route=\/wp\/v2\/users\/1"}],"replies":[{"embeddable":true,"href":"https:\/\/bs16.bildungssprit.de\/index.php?rest_route=%2Fwp%2Fv2%2Fcomments&post=212"}],"version-history":[{"count":0,"href":"https:\/\/bs16.bildungssprit.de\/index.php?rest_route=\/wp\/v2\/pages\/212\/revisions"}],"up":[{"embeddable":true,"href":"https:\/\/bs16.bildungssprit.de\/index.php?rest_route=\/wp\/v2\/pages\/8"}],"wp:featuredmedia":[{"embeddable":true,"href":"https:\/\/bs16.bildungssprit.de\/index.php?rest_route=\/wp\/v2\/media\/399"}],"wp:attachment":[{"href":"https:\/\/bs16.bildungssprit.de\/index.php?rest_route=%2Fwp%2Fv2%2Fmedia&parent=212"}],"curies":[{"name":"wp","href":"https:\/\/api.w.org\/{rel}","templated":true}]}}