{"id":215,"date":"2015-11-18T14:43:36","date_gmt":"2015-11-18T13:43:36","guid":{"rendered":"http:\/\/autoschule.schulhomepages.hamburg.de\/?page_id=215"},"modified":"2015-11-18T14:43:36","modified_gmt":"2015-11-18T13:43:36","slug":"fussballturnier","status":"publish","type":"page","link":"https:\/\/bs16.bildungssprit.de\/?page_id=215","title":{"rendered":"Fussballturnier"},"content":{"rendered":"<p>Dass junge Auszubildende nicht nur technikinteressiert, sondern auch sportbegeistert sind, zeigt sich jedes Jahr aufs Neue, wenn der Kollege Michael von Werder die Klassen unserer Schule zum Fu\u00dfballturnier einl\u00e4dt. In unserer modernen Sporthalle findet dann ein Hallenturnier statt und wer nicht gerade mitspielt, feuert seine Mitsch\u00fcler an und dieses durchaus lautstark.<\/p>\n<p>F\u00fcr die Fairness und die Einhaltung der Regeln sorgen die auch zu benennenden Schiedsrichter. Die Gewinner erhalten f\u00fcr ihre Klasse einen Zuschuss zu einem Klassenfest oder einer Klassenreise. Au\u00dferdem gibt es einen Wanderpokal, in den die Gewinner des jeweiligen Jahres eingraviert werden. Dieser kann in einer Glasvitrine in der Schule begutachtet werden.<\/p>\n<p>Unter dem Stichwort: <em>Fu\u00dfballturnier<\/em> finden Sie im Bereich <a href=\"https:\/\/autoschule.hamburg.de\/aktuelles\/\">Aktuelles <\/a>Informationen zu den Spielen und Siegern der letzten Fu\u00dfballturniere an unserer Schule.<\/p>\n[print_link]\n","protected":false},"excerpt":{"rendered":"<p>Dass junge Auszubildende nicht nur technikinteressiert, sondern auch sportbegeistert sind, zeigt sich jedes Jahr aufs Neue, wenn der Kollege Michael von Werder die Klassen unserer Schule zum Fu\u00dfballturnier einl\u00e4dt. In unserer modernen Sporthalle findet dann ein Hallenturnier statt und wer<\/p>\n","protected":false},"author":1,"featured_media":92,"parent":8,"menu_order":0,"comment_status":"closed","ping_status":"closed","template":"","meta":{"footnotes":""},"class_list":["post-215","page","type-page","status-publish","has-post-thumbnail","hentry"],"_links":{"self":[{"href":"https:\/\/bs16.bildungssprit.de\/index.php?rest_route=\/wp\/v2\/pages\/215","targetHints":{"allow":["GET"]}}],"collection":[{"href":"https:\/\/bs16.bildungssprit.de\/index.php?rest_route=\/wp\/v2\/pages"}],"about":[{"href":"https:\/\/bs16.bildungssprit.de\/index.php?rest_route=\/wp\/v2\/types\/page"}],"author":[{"embeddable":true,"href":"https:\/\/bs16.bildungssprit.de\/index.php?rest_route=\/wp\/v2\/users\/1"}],"replies":[{"embeddable":true,"href":"https:\/\/bs16.bildungssprit.de\/index.php?rest_route=%2Fwp%2Fv2%2Fcomments&post=215"}],"version-history":[{"count":0,"href":"https:\/\/bs16.bildungssprit.de\/index.php?rest_route=\/wp\/v2\/pages\/215\/revisions"}],"up":[{"embeddable":true,"href":"https:\/\/bs16.bildungssprit.de\/index.php?rest_route=\/wp\/v2\/pages\/8"}],"wp:featuredmedia":[{"embeddable":true,"href":"https:\/\/bs16.bildungssprit.de\/index.php?rest_route=\/wp\/v2\/media\/92"}],"wp:attachment":[{"href":"https:\/\/bs16.bildungssprit.de\/index.php?rest_route=%2Fwp%2Fv2%2Fmedia&parent=215"}],"curies":[{"name":"wp","href":"https:\/\/api.w.org\/{rel}","templated":true}]}}