{"id":2192,"date":"2023-12-04T19:57:52","date_gmt":"2023-12-04T18:57:52","guid":{"rendered":"https:\/\/autoschule.hamburg.de\/?page_id=2192"},"modified":"2023-12-04T19:57:52","modified_gmt":"2023-12-04T18:57:52","slug":"erasmus","status":"publish","type":"page","link":"https:\/\/bs16.bildungssprit.de\/?page_id=2192","title":{"rendered":"Erasmus+"},"content":{"rendered":"<p>&nbsp;<\/p>\n<div class=\"su-heading su-heading-style-default su-heading-align-left\" id=\"\" style=\"font-size:26px;margin-bottom:20px\"><div class=\"su-heading-inner\">Europa entdecken- Vielfalt erleben!<\/div><\/div>\n<p><strong>Mit einem Erasmus+ &#8211; Stipendium f\u00fcr vier Wochen zum beruflichen Praktikum ins europ\u00e4ische Ausland!<\/strong><\/p>\n<div class=\"su-box su-box-style-default\" id=\"\" style=\"border-color:#7b0000;border-radius:0px;max-width:none\"><div class=\"su-box-title\" style=\"background-color:#ae0f0a;color:#fff;border-top-left-radius:0px;border-top-right-radius:0px\">BEWERBUNGSSCHLUSS:<\/div><div class=\"su-box-content su-u-clearfix su-u-trim\" style=\"border-bottom-left-radius:0px;border-bottom-right-radius:0px\">\nWann: <strong>Montag, 06.04.2026<\/strong><br \/>\n<\/div><\/div>\n<div class=\"su-box su-box-style-default\" id=\"\" style=\"border-color:#000066;border-radius:0px;max-width:none\"><div class=\"su-box-title\" style=\"background-color:#003399;color:#ffcc00;border-top-left-radius:0px;border-top-right-radius:0px\">HINWEIS: Ziell\u00e4nder und Daten:<\/div><div class=\"su-box-content su-u-clearfix su-u-trim\" style=\"border-bottom-left-radius:0px;border-bottom-right-radius:0px\">\n<ul>\n<li><strong>Sevilla (Spanien)<\/strong><br \/>\n04.10. \u2013 31.10.2026 (4 Wochen)<br \/>\nVorbereitungsseminar vsl. am 02.07.2026<br \/>\nBewerbungsschluss: 06.04.2026<\/li>\n<li><strong>Cork (Irland)<\/strong><br \/>\n04.10. \u2013 31.10.2026 (4 Wochen)<br \/>\nVorbereitungsseminar vsl. am 27.08.2026<br \/>\nBewerbungsschluss: 06.04.2026<\/li>\n<li><strong>Finanzierung \u00fcber Erasmus+:<\/strong>\u2022 Vom EU-Programm Erasmus+ gef\u00f6rderte Auslandspraktika\n<ul>\n<li>Stipendium als Zuschuss (kein Vollstipendium!)<\/li>\n<li>Reisekosten m\u00fcssen in Vorleistung finanziert werden<\/li>\n<li>Maximale Gruppengr\u00f6\u00dfe pro Zielland: 10 Teilnehmende<strong><br \/>\n<\/strong><\/li>\n<\/ul>\n<\/li>\n<\/ul>\n<p>Sie m\u00f6chten mit? Dann schreiben sie eine <a href=\"mailto:eike.fuss@bs16.de\" target=\"_blank\" rel=\"noopener\">E-Mail an Herrn Fu\u00df<\/a>.<\/div><\/div>\n<div class=\"su-box su-box-style-default\" id=\"\" style=\"border-color:#000066;border-radius:0px;max-width:none\"><div class=\"su-box-title\" style=\"background-color:#003399;color:#ffcc00;border-top-left-radius:0px;border-top-right-radius:0px\">Wie k\u00f6nnen Sie sich bewerben?<\/div><div class=\"su-box-content su-u-clearfix su-u-trim\" style=\"border-bottom-left-radius:0px;border-bottom-right-radius:0px\">\nBis sp\u00e4testens: <strong>Montag, 06.04.2026<\/strong><\/p>\n<p><strong><br \/>\n<\/strong>Die Anmeldung erfolgt <u>ausschlie\u00dflich online<\/u> via Anmeldeformular auf der Homepage von Arbeit und Leben Hamburg: <a href=\"https:\/\/hamburg.arbeitundleben.de\/bildung-international-2\/wege-nach-europa\/anmeldung-auszubildende\/\" target=\"_blank\" rel=\"noopener\">Online-Bewerbung<\/a><\/div><\/div>\n<p>Unsere Schule bietet Ihnen die M\u00f6glichkeit im Rahmen Ihrer Ausbildung als Sch\u00fcler:in ein vierw\u00f6chiges Praktikum in <strong>Cork<\/strong> (Irland Rep.) oder <strong>Sevilla<\/strong> (Spanien) zu absolvieren. Das Praktikum werden Sie in einer ortans\u00e4ssigen Werkstatt oder einem Kfz-Betrieb durchf\u00fchren. Au\u00dferdem haben Sie die M\u00f6glichkeit, Land, Kultur und Menschen kennen zu lernen.<strong><img loading=\"lazy\" decoding=\"async\" class=\"wp-image-2231 aligncenter\" src=\"https:\/\/autoschule.hamburg.de\/wp-content\/uploads\/sites\/162\/2024\/01\/erasmusplus-logo-all-en-300dpi-300x121.jpg\" alt=\"\" width=\"251\" height=\"101\" srcset=\"https:\/\/bs16.bildungssprit.de\/wp-content\/uploads\/2024\/01\/erasmusplus-logo-all-en-300dpi-300x121.jpg 300w, https:\/\/bs16.bildungssprit.de\/wp-content\/uploads\/2024\/01\/erasmusplus-logo-all-en-300dpi.jpg 521w\" sizes=\"auto, (max-width: 251px) 100vw, 251px\" \/><\/strong><\/p>\n<div class=\"su-box su-box-style-default\" id=\"\" style=\"border-color:#7b0000;border-radius:0px;max-width:none\"><div class=\"su-box-title\" style=\"background-color:#ae0f0a;color:#ffffff;border-top-left-radius:0px;border-top-right-radius:0px\">Weitere INFOS zum Praktikum:<\/div><div class=\"su-box-content su-u-clearfix su-u-trim\" style=\"border-bottom-left-radius:0px;border-bottom-right-radius:0px\">Das Praktikum ist vom <strong>04.-31.Oktober 2026 (4 Wochen)<\/strong> geplant. Es umfasst zwei Betriebswochen und zwei Schulwochen.<\/p>\n<p><strong>Leistungen:<\/strong><\/p>\n<ul>\n<li>Vorbereitungsseminar in Hamburg ca. einen Monat vor Ausreise<\/li>\n<li>Betriebspraktikum im Ausland<\/li>\n<li>Unterkunft in einer WG oder Gastfamilie im Doppelzimmer<\/li>\n<li>Betreuung vor Ort durch unsere unterst\u00fctzenden<\/li>\n<li>Einrichtungen Ggf. Ticket f\u00fcr den \u00d6PNV vor Ort<\/li>\n<li>Zertifizierung durch den Europass Mobilit\u00e4t<\/li>\n<li>Digitales Nachbereitungstreffen \u00fcber Zoom<\/li>\n<\/ul>\n<p><strong>Teilnahmevoraussetzungen:<\/strong><\/p>\n<ul>\n<li>Mindestalter: 18 Jahre<\/li>\n<li>In beruflicher Ausbildung<\/li>\n<li>Freistellung vom Ausbildungsbetrieb und von der Berufsschule f\u00fcr das Vor- und Nachbereitungstreffen sowie f\u00fcr das Auslandspraktikum<\/li>\n<li>Hohe Motivation, Verbindlichkeit und Eigeninitiative<\/li>\n<li>Gute Englischkenntnisse und ggf. grundlegende Sprachkenntnisse des jeweiligen Landes<\/li>\n<\/ul>\n<p><strong>Bewerbung:<\/strong><br \/>\nDie Anmeldung erfolgt <u>ausschlie\u00dflich online<\/u> via Anmeldeformular auf der Homepage von Arbeit und Leben Hamburg: <a href=\"https:\/\/hamburg.arbeitundleben.de\/bildung-international-2\/wege-nach-europa\/anmeldung-auszubildende\/\" target=\"_blank\" rel=\"noopener\">Online-Bewerbung<\/a><\/p>\n<p>Die Organisation Arbeit und Leben Hamburg und Partnership International wird Sie nicht nur an der BS16, sondern auch vor Ort in betreut.<\/p>\n<p>Erasmus+ wird von der EU subventioniert und \u00fcbernimmt die Kosten f\u00fcr die Vermittlung eines Praktikums, Gastfamilie mit Halbpension, Doppelzimmer und eine Begleitung vor Ort. Die Kosten f\u00fcr die An- und R\u00fcckreise tr\u00e4gt der oder die Teilnehmende. Bei Fragen zu einer finanziellen Unterst\u00fctzung sprechen Sie uns an.<\/div><\/div>\n<p>Hier finden Sie <a href=\"https:\/\/hamburg.arbeitundleben.de\/bildung-international-2\/wege-nach-europa\/auszubildende\/\" target=\"_blank\" rel=\"noopener\">weitere Informationen zum Tr\u00e4ger &#8222;Arbeit &amp; Leben&#8220;<\/a>.<\/p>\n<p>Wir freuen auf Ihre Anfrage \ud83d\ude09<\/p>\n<p>Ansprechpartner ist:<\/p>\n<p><a href=\"https:\/\/autoschule.hamburg.de\/wp-content\/uploads\/sites\/162\/2015\/04\/email.png\"><img loading=\"lazy\" decoding=\"async\" class=\"alignnone size-full wp-image-302\" src=\"https:\/\/autoschule.hamburg.de\/wp-content\/uploads\/sites\/162\/2015\/04\/email.png\" alt=\"Symbol Brief, E-Mail, Kontakt\" width=\"32\" height=\"32\"\/><\/a>&nbsp;<a href=\"mailto:eike.fuss@bs16.de\" target=\"_blank\" rel=\"noopener noreferrer\">eike.fuss@bs16.de<\/a> (Eike Fu\u00df)<\/p>\n<p>&nbsp;<\/p>\n<p><small><em>Foto: <\/em><a href=\"https:\/\/pixabay.com\/de\/photos\/cork-cork-irland-cork-ireland-4686695\/\" target=\"_blank\" rel=\"noopener\"><em>pixabay<\/em><\/a><\/small><\/p>\n","protected":false},"excerpt":{"rendered":"<p>&nbsp; Mit einem Erasmus+ &#8211; Stipendium f\u00fcr vier Wochen zum beruflichen Praktikum ins europ\u00e4ische Ausland! Unsere Schule bietet Ihnen die M\u00f6glichkeit im Rahmen Ihrer Ausbildung als Sch\u00fcler:in ein vierw\u00f6chiges Praktikum in Cork (Irland Rep.) oder Sevilla (Spanien) zu absolvieren. Das<\/p>\n","protected":false},"author":1,"featured_media":2307,"parent":0,"menu_order":0,"comment_status":"closed","ping_status":"closed","template":"","meta":{"footnotes":""},"class_list":["post-2192","page","type-page","status-publish","has-post-thumbnail","hentry"],"_links":{"self":[{"href":"https:\/\/bs16.bildungssprit.de\/index.php?rest_route=\/wp\/v2\/pages\/2192","targetHints":{"allow":["GET"]}}],"collection":[{"href":"https:\/\/bs16.bildungssprit.de\/index.php?rest_route=\/wp\/v2\/pages"}],"about":[{"href":"https:\/\/bs16.bildungssprit.de\/index.php?rest_route=\/wp\/v2\/types\/page"}],"author":[{"embeddable":true,"href":"https:\/\/bs16.bildungssprit.de\/index.php?rest_route=\/wp\/v2\/users\/1"}],"replies":[{"embeddable":true,"href":"https:\/\/bs16.bildungssprit.de\/index.php?rest_route=%2Fwp%2Fv2%2Fcomments&post=2192"}],"version-history":[{"count":0,"href":"https:\/\/bs16.bildungssprit.de\/index.php?rest_route=\/wp\/v2\/pages\/2192\/revisions"}],"wp:featuredmedia":[{"embeddable":true,"href":"https:\/\/bs16.bildungssprit.de\/index.php?rest_route=\/wp\/v2\/media\/2307"}],"wp:attachment":[{"href":"https:\/\/bs16.bildungssprit.de\/index.php?rest_route=%2Fwp%2Fv2%2Fmedia&parent=2192"}],"curies":[{"name":"wp","href":"https:\/\/api.w.org\/{rel}","templated":true}]}}