{"id":225,"date":"2015-11-18T14:56:02","date_gmt":"2015-11-18T13:56:02","guid":{"rendered":"http:\/\/autoschule.schulhomepages.hamburg.de\/?page_id=225"},"modified":"2015-11-18T14:56:02","modified_gmt":"2015-11-18T13:56:02","slug":"drugstop","status":"publish","type":"page","link":"https:\/\/bs16.bildungssprit.de\/?page_id=225","title":{"rendered":"Drugstop"},"content":{"rendered":"<p>Drugstop ist eine Aktion gegen Drogen und Alkohol im Stra\u00dfenverkehr. Die staatliche Gewerbeschule f\u00fcr Kfz-Technik kooperiert dabei mit der Hamburger Initiative \u201eDrug-Stop\u201c (<a href=\"http:\/\/www.mobilabersicher.de\" target=\"_blank\">www.mobilabersicher.de<\/a>).\u00a0 Gemeinsam werden an unserer Schule Aktionstage mit vielf\u00e4ltigen Angeboten durchgef\u00fchrt.<\/p>\n<p>Gerade die Jugendlichen und jungen Erwachsenen an unserer Schule sind berufsbedingt gerne motorisiert mobil, ob als Zweirad-, Pkw- oder Nutzfahrzeugfahrer. Dabei sollte jede\/r die Gefahren durch Drogen und Alkohol im Stra\u00dfenverkehr kennen, um verantwortungsvoll handeln zu k\u00f6nnen. Deshalb kooperiert unsere Schule mit dem B\u00fcro f\u00fcr Suchtpr\u00e4vention, der Polizei, der Verkehrswacht, dem Fahrlehrerverband, dem ADAC, dem T\u00dcV, der Dekra und vielen weiteren Organisationen.<\/p>\n<p>Durch die Vielfalt der Angebote an diesen Aktionstagen konnten wir viele Sch\u00fclerinnen und Sch\u00fcler ansprechen. Das direkte Gespr\u00e4ch, der Vortrag in der Aula oder eine Fahrt im Fahrsimulator unter simuliertem Alkoholeinfluss vermitteln bleibende Eindr\u00fccke.<\/p>\n<p>Ein Ziel unserer Schule ist es, unsere Sch\u00fclerinnen und Sch\u00fcler auf dem Weg zu m\u00fcndigen und verantwortungsvoll handelnden Menschen zu begleiten und diesen Weg auch mitzugestalten. Der Drug-Stop Aktionstag bietet hierzu zahlreiche konkrete Anl\u00e4sse. Und wenn es mit diesen Aktionstagen gelang, dass auch nur ein so genannter \u201eDiscounfall\u201c nicht stattgefunden hat, so hat sich jede M\u00fche gelohnt.<\/p>\n<p>Hier finden Sie <a href=\"http:\/\/www.kfz-schule-medien.de\/Medien\/Bildergallerien\/drugstop-2013-web\/index.html\" target=\"_blank\">Bilder vom 7. Drugstop-Aktionstag<\/a>\u00a0 (2013).<\/p>\n<p>Hier finden Sie <a href=\"http:\/\/www.kfz-schule-medien.de\/Medien\/Bildergallerien\/drugstop-2012-web\/index.html\" target=\"_blank\">Bilder vom 6. Drugstop-Aktionstag<\/a>\u00a0 (2012).<\/p>\n<p>Hier finden Sie <a href=\"http:\/\/www.kfz-schule-medien.de\/Medien\/Bildergallerien\/drugstop-2011-web\/index.html\" target=\"_blank\">Bilder vom 5. Drugstop-Aktionstag<\/a>\u00a0 (2011).<\/p>\n[print_link]\n","protected":false},"excerpt":{"rendered":"<p>Drugstop ist eine Aktion gegen Drogen und Alkohol im Stra\u00dfenverkehr. Die staatliche Gewerbeschule f\u00fcr Kfz-Technik kooperiert dabei mit der Hamburger Initiative \u201eDrug-Stop\u201c (www.mobilabersicher.de).\u00a0 Gemeinsam werden an unserer Schule Aktionstage mit vielf\u00e4ltigen Angeboten durchgef\u00fchrt. Gerade die Jugendlichen und jungen Erwachsenen an<\/p>\n","protected":false},"author":1,"featured_media":226,"parent":8,"menu_order":0,"comment_status":"closed","ping_status":"closed","template":"","meta":{"footnotes":""},"class_list":["post-225","page","type-page","status-publish","has-post-thumbnail","hentry"],"_links":{"self":[{"href":"https:\/\/bs16.bildungssprit.de\/index.php?rest_route=\/wp\/v2\/pages\/225","targetHints":{"allow":["GET"]}}],"collection":[{"href":"https:\/\/bs16.bildungssprit.de\/index.php?rest_route=\/wp\/v2\/pages"}],"about":[{"href":"https:\/\/bs16.bildungssprit.de\/index.php?rest_route=\/wp\/v2\/types\/page"}],"author":[{"embeddable":true,"href":"https:\/\/bs16.bildungssprit.de\/index.php?rest_route=\/wp\/v2\/users\/1"}],"replies":[{"embeddable":true,"href":"https:\/\/bs16.bildungssprit.de\/index.php?rest_route=%2Fwp%2Fv2%2Fcomments&post=225"}],"version-history":[{"count":0,"href":"https:\/\/bs16.bildungssprit.de\/index.php?rest_route=\/wp\/v2\/pages\/225\/revisions"}],"up":[{"embeddable":true,"href":"https:\/\/bs16.bildungssprit.de\/index.php?rest_route=\/wp\/v2\/pages\/8"}],"wp:featuredmedia":[{"embeddable":true,"href":"https:\/\/bs16.bildungssprit.de\/index.php?rest_route=\/wp\/v2\/media\/226"}],"wp:attachment":[{"href":"https:\/\/bs16.bildungssprit.de\/index.php?rest_route=%2Fwp%2Fv2%2Fmedia&parent=225"}],"curies":[{"name":"wp","href":"https:\/\/api.w.org\/{rel}","templated":true}]}}