{"id":234,"date":"2016-04-07T15:00:49","date_gmt":"2016-04-07T13:00:49","guid":{"rendered":"http:\/\/autoschule.schulhomepages.hamburg.de\/?page_id=234"},"modified":"2016-04-07T15:00:49","modified_gmt":"2016-04-07T13:00:49","slug":"kfz-mechtronikerin","status":"publish","type":"page","link":"https:\/\/bs16.bildungssprit.de\/?page_id=234","title":{"rendered":"Kfz-Mechatroniker\/in"},"content":{"rendered":"<p><strong>Das Berufsbild<\/strong><br \/>\nMotoren instandsetzen, Einspritzsysteme diagnostizieren, Fahrwerke vermessen oder Signale komplexer elektronischer Systeme interpretieren: das alles geh\u00f6rt zum T\u00e4tigkeitsspektrum des Kfz-Mechatronikers. Und noch vieles mehr. Als Kraftfahrzeugmechatroniker sind Sie Fachmann f\u00fcr die umfangreiche Technik moderner Fahrzeuge. Sie sp\u00fcren Fehler in der Mechanik von Motor, Getriebe und Fahrwerk auf. Sie kommen mit Multimeter, Diagnosetester und Oszilloskop Fehlfunktionen in Elektrik und Elektronik auf die Spur, damit das Fahrzeug wieder zur Zufriedenheit des Kunden l\u00e4uft. Stichwort Kunde: Selbstverst\u00e4ndlich sind Sie in der Lage, Ihre Kunden rund um die Themen Instandhaltung, Reparatur und Werterhalt des Fahrzeuges zu beraten.<\/p>\n<p><strong>Berufliche F\u00e4higkeiten<\/strong><br \/>\nF\u00fcr alle der f\u00fcnf Ausbildungsschwerpunkte Personenkraftwagentechnik, Nutzfahrzeugtechnik, Motorradtechnik, System- und Hochvolttechnik und Karosserietechnik ben\u00f6tigen Sie nicht nur Spa\u00df am Schrauben, sondern insbesondere die Bereitschaft, sich mit komplexen und manchmal auch komplizierten&nbsp; Zusammenh\u00e4ngen auseinandersetzen zu wollen. Sie haben Freude am Umgang mit moderner Fahrzeug- und Diagnosetechnik und den Biss, auch hartn\u00e4ckigen Problemen ausdauernd und systematisch auf den Grund zu gehen. Bei uns lernen Sie daf\u00fcr<\/p>\n<ul>\n<li>wie Fahrzeugsysteme aufgebaut sind und funktionieren,<\/li>\n<li>wie Sie Pr\u00fcf-und Testverfahren anwenden,<\/li>\n<li>wie Sie geeignete Diagnosestrategien entwickeln und anwenden,<\/li>\n<li>wie Sie fahrzeugtechnische Informationsmedien richtig lesen und f\u00fcr die Fehlerdiagnose verwenden,<\/li>\n<\/ul>\n<p>oder schlicht: wie Sie Fahrzeuge fach- und sachgerecht instandsetzen.<\/p>\n<p><strong>Unterricht an unserer Berufsschule<\/strong><br \/>\nBei uns entwickeln Sie selbstst\u00e4ndig<\/p>\n<ul>\n<li>innerhalb von dreieinhalb Jahren<\/li>\n<li>im 2-w\u00f6chigen, lernfeldorientierten Blockunterricht<\/li>\n<li>auf hohem technischen Niveau<\/li>\n<li>in medial sehr gut ausgestatteten Fachr\u00e4umen<\/li>\n<li>unterst\u00fctzt durch p\u00e4dagogisch und technisch kompetente Lehrer<\/li>\n<\/ul>\n<p>Ihre f\u00fcr den Beruf des Kraftfahrzeugmechatronikers notwendigen Kompetenzen auf Basis betrieblicher Handlungsabl\u00e4ufe.<\/p>\n<p><strong>Kfzmechatroniker\/in PKW<\/strong><\/p>\n<p><iframe loading=\"lazy\" src=\"https:\/\/www.youtube.com\/embed\/R3iJptI3r6U\" width=\"650\" height=\"515\" frameborder=\"0\" allowfullscreen=\"allowfullscreen\"><\/iframe><\/p>\n<p><strong>Kfzmechatroniker\/in LKW<br \/>\n<\/strong><\/p>\n<p><iframe loading=\"lazy\" src=\"https:\/\/www.youtube.com\/embed\/nZ9QwSMlkL0\" width=\"650\" height=\"515\" frameborder=\"0\" allowfullscreen=\"allowfullscreen\"><\/iframe><\/p>\n<p><strong>Kfzmechatroniker\/inMotorradtechnik<\/strong><\/p>\n<p><iframe loading=\"lazy\" src=\"https:\/\/www.youtube.com\/embed\/Xs6QwOqa4qk\" width=\"650\" height=\"515\" frameborder=\"0\" allowfullscreen=\"allowfullscreen\"><\/iframe><\/p>\n<p><strong>Ansprechpartner:<\/strong><\/p>\n<div class=\"customBox02\">\n<h2><img loading=\"lazy\" decoding=\"async\" class=\"wp-image-860 alignleft\" src=\"https:\/\/autoschule.hamburg.de\/wp-content\/uploads\/sites\/162\/2018\/06\/koll-pro_400-200x300.jpg\" alt=\"Foto von Sven Pr\u00f6hl\" width=\"150\" height=\"225\" srcset=\"https:\/\/bs16.bildungssprit.de\/wp-content\/uploads\/2018\/06\/koll-pro_400-200x300.jpg 200w, https:\/\/bs16.bildungssprit.de\/wp-content\/uploads\/2018\/06\/koll-pro_400.jpg 400w\" sizes=\"auto, (max-width: 150px) 100vw, 150px\" \/>Sven Pr\u00f6hl<\/h2>\n<p>Abteilungsleiter<\/p>\n<p><img loading=\"lazy\" decoding=\"async\" class=\"alignnone size-full wp-image-303\" src=\"https:\/\/autoschule.hamburg.de\/wp-content\/uploads\/sites\/162\/2015\/04\/phone.png\" alt=\"phone\" width=\"32\" height=\"32\"\/> 040\/428851 &#8211; 229<\/p>\n<p><img loading=\"lazy\" decoding=\"async\" class=\"alignnone size-full wp-image-302\" src=\"https:\/\/autoschule.hamburg.de\/wp-content\/uploads\/sites\/162\/2015\/04\/email.png\" alt=\"email\" width=\"32\" height=\"32\"\/>&nbsp;kfz-mechatroniker@kfz-schule.de<\/p>\n<\/div>\n<p>&nbsp;<\/p>\n[print_link]\n","protected":false},"excerpt":{"rendered":"<p>Das Berufsbild Motoren instandsetzen, Einspritzsysteme diagnostizieren, Fahrwerke vermessen oder Signale komplexer elektronischer Systeme interpretieren: das alles geh\u00f6rt zum T\u00e4tigkeitsspektrum des Kfz-Mechatronikers. Und noch vieles mehr. Als Kraftfahrzeugmechatroniker sind Sie Fachmann f\u00fcr die umfangreiche Technik moderner Fahrzeuge. Sie sp\u00fcren Fehler in<\/p>\n","protected":false},"author":1,"featured_media":122,"parent":194,"menu_order":0,"comment_status":"closed","ping_status":"closed","template":"","meta":{"footnotes":""},"class_list":["post-234","page","type-page","status-publish","has-post-thumbnail","hentry"],"_links":{"self":[{"href":"https:\/\/bs16.bildungssprit.de\/index.php?rest_route=\/wp\/v2\/pages\/234","targetHints":{"allow":["GET"]}}],"collection":[{"href":"https:\/\/bs16.bildungssprit.de\/index.php?rest_route=\/wp\/v2\/pages"}],"about":[{"href":"https:\/\/bs16.bildungssprit.de\/index.php?rest_route=\/wp\/v2\/types\/page"}],"author":[{"embeddable":true,"href":"https:\/\/bs16.bildungssprit.de\/index.php?rest_route=\/wp\/v2\/users\/1"}],"replies":[{"embeddable":true,"href":"https:\/\/bs16.bildungssprit.de\/index.php?rest_route=%2Fwp%2Fv2%2Fcomments&post=234"}],"version-history":[{"count":0,"href":"https:\/\/bs16.bildungssprit.de\/index.php?rest_route=\/wp\/v2\/pages\/234\/revisions"}],"up":[{"embeddable":true,"href":"https:\/\/bs16.bildungssprit.de\/index.php?rest_route=\/wp\/v2\/pages\/194"}],"wp:featuredmedia":[{"embeddable":true,"href":"https:\/\/bs16.bildungssprit.de\/index.php?rest_route=\/wp\/v2\/media\/122"}],"wp:attachment":[{"href":"https:\/\/bs16.bildungssprit.de\/index.php?rest_route=%2Fwp%2Fv2%2Fmedia&parent=234"}],"curies":[{"name":"wp","href":"https:\/\/api.w.org\/{rel}","templated":true}]}}