{"id":237,"date":"2015-11-23T10:06:49","date_gmt":"2015-11-23T09:06:49","guid":{"rendered":"http:\/\/autoschule.schulhomepages.hamburg.de\/?page_id=237"},"modified":"2015-11-23T10:06:49","modified_gmt":"2015-11-23T09:06:49","slug":"karosserie-und-fahrzeugbaumechanikerin","status":"publish","type":"page","link":"https:\/\/bs16.bildungssprit.de\/?page_id=237","title":{"rendered":"Karosserie- und Fahrzeugbaumechaniker*in"},"content":{"rendered":"<p><strong>Das Berufsbild<\/strong><br \/>\nDie Karosserie- und Fahrzeugbaumechaniker*innen sind Spezialisten f\u00fcr Unfallreparaturen und f\u00fcr Fahrzeuge nach Ma\u00df: Behindertenfahrzeuge mit Hebeb\u00fchnen, gepanzerte Geldtransporter, rollende Imbissbuden oder Wohnmobile &#8211; Karosserie- und Fahrzeugbauer bauen f\u00fcr jeden Zweck das richtige Fahrzeug. Klar, dass sie auch Unfallsch\u00e4den sauber reparieren. Die Arbeit an Karosserie und Fahrzeugrahmen erfordert viel Spezialwissen. Karosserie- und Fahrzeugbaumechaniker werden daher in einer der drei Fachrichtungen ausgebildet:<\/p>\n<ul>\n<li>Karosserieinstandhaltungstechnik<\/li>\n<li>Karosserie- und Fahrzeugbautechnik<\/li>\n<li>Caravan- und Reisemobiltechnik<\/li>\n<\/ul>\n<p>Auf dieser <a href=\"https:\/\/www.wewantyou.de\/\">Homepage<\/a> stellt der Zentralverband Karosserie- und Fahrzeugtechnik (ZKV) den Beruf vor.<\/p>\n<p><strong>Berufliche F\u00e4higkeiten<\/strong><br \/>\nKarosserie- und Fahrzeugbaumechaniker<\/p>\n<ul>\n<li>pr\u00fcfen Fahrzeugrahmen, Karosserien und Aufbauten, halten sie instand und montieren z.B. Rahmenteile durch Schrauben und Schwei\u00dfen<\/li>\n<li>schlie\u00dfen mechanische, pneumatische und hydraulische sowie elektrische und elektronische Systeme und Anlagen an, stellen sie ein und pr\u00fcfen sie<\/li>\n<li>stellen Fehler und St\u00f6rungen am Fahrzeug fest<\/li>\n<li>pr\u00fcfen, bearbeiten und sch\u00fctzen Oberfl\u00e4chen und bessern Lacksch\u00e4den aus<\/li>\n<\/ul>\n<p><strong>Unterricht an unserer Schule<\/strong><br \/>\nUnser erfahrenes Team bringt unsere Sch\u00fcler<\/p>\n<ul>\n<li>in einer 3 \u00bd j\u00e4hrigen Ausbildung<\/li>\n<li>in 2-w\u00f6chigem, lernfeldorientiertem Blockunterricht<\/li>\n<li>im Klassen- und Fachraum<\/li>\n<li>im Lernfeldunterricht mit einem hohen Ma\u00df an Sch\u00fclerselbstt\u00e4tigkeit<\/li>\n<li>auf der Basis betrieblicher Handlungsabl\u00e4ufe<\/li>\n<li>unterst\u00fctzt durch die F\u00e4cher Sprache und Kommunikation, Wirtschaft und Gesellschaft sowie Fachenglisch<\/li>\n<li>verbunden mit Dokumentations- und Pr\u00e4sentationstechniken unter Einbeziehung der EDV<\/li>\n<li>auf den aktuellen Stand der Technik und bereitet auf das Leben vor<\/li>\n<\/ul>\n<p><strong>Das Lehrerteam<\/strong><\/p>\n<p><img loading=\"lazy\" decoding=\"async\" class=\"alignnone wp-image-2783 size-large\" src=\"https:\/\/autoschule.hamburg.de\/wp-content\/uploads\/sites\/162\/2025\/04\/Team-Kar_edit-971x1024.jpg\" alt=\"Ein Gruppenfoto des Kar-Teams.\" width=\"474\" height=\"500\" srcset=\"https:\/\/bs16.bildungssprit.de\/wp-content\/uploads\/2025\/04\/Team-Kar_edit-971x1024.jpg 971w, https:\/\/bs16.bildungssprit.de\/wp-content\/uploads\/2025\/04\/Team-Kar_edit-284x300.jpg 284w, https:\/\/bs16.bildungssprit.de\/wp-content\/uploads\/2025\/04\/Team-Kar_edit-768x810.jpg 768w, https:\/\/bs16.bildungssprit.de\/wp-content\/uploads\/2025\/04\/Team-Kar_edit.jpg 1000w\" sizes=\"auto, (max-width: 474px) 100vw, 474px\" \/><\/p>\n<p>Von links nach rechts:<br \/>\nJens Jenzen, Jochen Pelz, Jennifer Mendrala, Sebastian Glatzel, Jens Bruns, Olaf Binoit.<\/p>\n<p>&nbsp;<br \/>\n<strong>Ansprechpartner<\/strong>:<\/p>\n<div class=\"customBox01\">\n<h2><img loading=\"lazy\" decoding=\"async\" class=\"alignleft wp-image-1022\" src=\"https:\/\/autoschule.hamburg.de\/wp-content\/uploads\/sites\/162\/2019\/08\/Pelz-2019-200x300.jpg\" alt=\"Foto von Jochen Pelz\" width=\"150\" height=\"225\" srcset=\"https:\/\/bs16.bildungssprit.de\/wp-content\/uploads\/2019\/08\/Pelz-2019-200x300.jpg 200w, https:\/\/bs16.bildungssprit.de\/wp-content\/uploads\/2019\/08\/Pelz-2019.jpg 400w\" sizes=\"auto, (max-width: 150px) 100vw, 150px\" \/>Jochen Pelz<\/h2>\n<p>Abteilungsleiter<br \/>\nKarosserie- und Fahrzeugbaumechaniker*in<\/p>\n<p><img loading=\"lazy\" decoding=\"async\" class=\"alignnone size-full wp-image-303\" src=\"https:\/\/autoschule.hamburg.de\/wp-content\/uploads\/sites\/162\/2015\/04\/phone.png\" alt=\"phone\" width=\"32\" height=\"32\"\/>&nbsp; 040\/428 851 &#8211; 220<br \/>\n<img loading=\"lazy\" decoding=\"async\" class=\"alignnone size-full wp-image-302\" src=\"https:\/\/autoschule.hamburg.de\/wp-content\/uploads\/sites\/162\/2015\/04\/email.png\" alt=\"email\" width=\"32\" height=\"32\"\/>&nbsp; <a href=\"mailto:Jochen.Pelz@hibb.hamburg.de\" target=\"_blank\" rel=\"noopener\"> Jochen.Pelz@hibb.hamburg.de<\/a><\/p>\n<p>&nbsp;<\/p>\n<\/div>\n<p>&nbsp;<\/p>\n<div class=\"customBox01\">\n<h2><img loading=\"lazy\" decoding=\"async\" class=\"alignleft wp-image-1022\" src=\"https:\/\/autoschule.hamburg.de\/wp-content\/uploads\/sites\/162\/2025\/04\/Olaf-Binoit_Passfoto_200x257.jpg\" alt=\"Foto von Olaf Binoit\" width=\"150\" height=\"225\"\/>Olaf Binoit<\/h2>\n<p>Fachgruppenleiter<br \/>\nKarosserie- und Fahrzeugbaumechaniker*in<\/p>\n<p><img loading=\"lazy\" decoding=\"async\" class=\"alignnone size-full wp-image-303\" src=\"https:\/\/autoschule.hamburg.de\/wp-content\/uploads\/sites\/162\/2015\/04\/phone.png\" alt=\"phone\" width=\"32\" height=\"32\"\/>&nbsp; 040\/428 851 &#8211; 231<br \/>\n<img loading=\"lazy\" decoding=\"async\" class=\"alignnone size-full wp-image-302\" src=\"https:\/\/autoschule.hamburg.de\/wp-content\/uploads\/sites\/162\/2015\/04\/email.png\" alt=\"email\" width=\"32\" height=\"32\"\/>&nbsp; <a href=\"mailto:Olaf.Binoit@bs16.de\" target=\"_blank\" rel=\"noopener\"> Olaf.Binoit@bs16.de<\/a><\/p>\n<p>&nbsp;<\/p>\n<\/div>\n<p>&nbsp;<\/p>\n<p><strong>Hinweis:<\/strong><br \/>\nInformationen zur Weiterbildung&nbsp; finden Sie unter folgenden Links:<\/p>\n<ul>\n<li><a href=\"https:\/\/autoschule.hamburg.de\/schulformen\/fachschule-technik\/\">Fachschule Technik, Fachrichtung Karosserie- und Fahrzeugbautechnik (Technikerausbildung)<\/a><\/li>\n<li><a href=\"https:\/\/www.instagram.com\/technikerschule.hamburg\/\">Instagram-Kanal der Fachschule Technik<\/a><\/li>\n<li><a href=\"https:\/\/hamburg.kursportal.info\/k4984\">Meisterausbildung Karosserie- und Fahrzeugbautechnik Hamburg<\/a><\/li>\n<\/ul>\n[print_link]\n","protected":false},"excerpt":{"rendered":"<p>Das Berufsbild Die Karosserie- und Fahrzeugbaumechaniker*innen sind Spezialisten f\u00fcr Unfallreparaturen und f\u00fcr Fahrzeuge nach Ma\u00df: Behindertenfahrzeuge mit Hebeb\u00fchnen, gepanzerte Geldtransporter, rollende Imbissbuden oder Wohnmobile &#8211; Karosserie- und Fahrzeugbauer bauen f\u00fcr jeden Zweck das richtige Fahrzeug. Klar, dass sie auch Unfallsch\u00e4den<\/p>\n","protected":false},"author":1,"featured_media":113,"parent":194,"menu_order":0,"comment_status":"closed","ping_status":"closed","template":"","meta":{"footnotes":""},"class_list":["post-237","page","type-page","status-publish","has-post-thumbnail","hentry"],"_links":{"self":[{"href":"https:\/\/bs16.bildungssprit.de\/index.php?rest_route=\/wp\/v2\/pages\/237","targetHints":{"allow":["GET"]}}],"collection":[{"href":"https:\/\/bs16.bildungssprit.de\/index.php?rest_route=\/wp\/v2\/pages"}],"about":[{"href":"https:\/\/bs16.bildungssprit.de\/index.php?rest_route=\/wp\/v2\/types\/page"}],"author":[{"embeddable":true,"href":"https:\/\/bs16.bildungssprit.de\/index.php?rest_route=\/wp\/v2\/users\/1"}],"replies":[{"embeddable":true,"href":"https:\/\/bs16.bildungssprit.de\/index.php?rest_route=%2Fwp%2Fv2%2Fcomments&post=237"}],"version-history":[{"count":0,"href":"https:\/\/bs16.bildungssprit.de\/index.php?rest_route=\/wp\/v2\/pages\/237\/revisions"}],"up":[{"embeddable":true,"href":"https:\/\/bs16.bildungssprit.de\/index.php?rest_route=\/wp\/v2\/pages\/194"}],"wp:featuredmedia":[{"embeddable":true,"href":"https:\/\/bs16.bildungssprit.de\/index.php?rest_route=\/wp\/v2\/media\/113"}],"wp:attachment":[{"href":"https:\/\/bs16.bildungssprit.de\/index.php?rest_route=%2Fwp%2Fv2%2Fmedia&parent=237"}],"curies":[{"name":"wp","href":"https:\/\/api.w.org\/{rel}","templated":true}]}}