{"id":238,"date":"2015-11-23T10:09:54","date_gmt":"2015-11-23T09:09:54","guid":{"rendered":"http:\/\/autoschule.schulhomepages.hamburg.de\/?page_id=238"},"modified":"2015-11-23T10:09:54","modified_gmt":"2015-11-23T09:09:54","slug":"berufskraftfahrerin","status":"publish","type":"page","link":"https:\/\/bs16.bildungssprit.de\/?page_id=238","title":{"rendered":"Berufskraftfahrer\/in"},"content":{"rendered":"<p><strong>Das Berufsbild:<\/strong><br \/>\nIm LKW von Hamburg nach Istanbul oder nach Dresden.<\/p>\n<p>Berufskraftfahrer transportieren G\u00fcter in begrenzten Regionen, deutschlandweit oder international.<\/p>\n<p>Berufskraftfahrer beherrschen aber nicht nur ihre Fahrzeuge, sie verstehen auch jede Menge von Fahrzeugtechnik. Au\u00dferdem planen sie ihre Touren, wissen auf was es beim Transport der verschiedenen G\u00fcter ankommt und kennen sich mit den Grenzformalit\u00e4ten und Verkehrsbestimmungen im Ausland aus. Bei ihrem Job tragen sie viel Verantwortung f\u00fcr Ladung, Mensch und Umwelt. Verkehrssicherheit und Umweltschutz stehen daher f\u00fcr sie an erster Stelle.<\/p>\n<p>W\u00e4hrend der Ausbildung wird der F\u00fchrerschein f\u00fcr Lastkraftwagen ab dem 18. Lebensjahr erworben. Die Kosten hierf\u00fcr tr\u00e4gt der Ausbildungsbetrieb.<\/p>\n<p><strong>Berufliche F\u00e4higkeiten:<\/strong><\/p>\n<ul>\n<li>Transportieren G\u00fcter in LKW und trainieren dabei wirtschaftliches Fahren<\/li>\n<li>Lernen durch vorausschauendes Fahren, Energie und Material zu sparen<\/li>\n<li>Achten dabei auf Sicherheit sowie wirtschaftliche und umweltschonende Aspekte<\/li>\n<li>Wenden nationale und internationale Rechtsvorschriften und Sozialvorschriften des Stra\u00dfenverkehrs an<\/li>\n<li>Bestimmen die erforderlichen Papiere<\/li>\n<li>Kontrollieren, warten und pflegen Fahrzeuge<\/li>\n<li>Bereiten die Fahrzeuge f\u00fcr den Transport von G\u00fctern vor, nehmen das Transportgut an und sichern die Ladung<\/li>\n<li>Beseitigen St\u00f6rungen an Fahrzeugen<\/li>\n<li>Wissen, wie sie sich bei Unf\u00e4llen und Zwischenf\u00e4llen verhalten m\u00fcssen<\/li>\n<li>Beschaffen Information z.B zur Routenplanung, werten diese aus, stimmen Termine ab<\/li>\n<li>Pr\u00e4sentieren das Unternehmen und \u00fcben den Umgang mit Kunden<\/li>\n<\/ul>\n<p>Hier geht es zum <a href=\"https:\/\/autoschule.hamburg.de\/wp-content\/uploads\/sites\/162\/2020\/09\/Flyer_Berufskraftfahrer_2020.pdf\" target=\"_blank\" rel=\"noopener noreferrer\">Flyer der Berufskraftfahrer<\/a>.<\/p>\n<figure id=\"attachment_1219\" aria-describedby=\"caption-attachment-1219\" style=\"width: 150px\" class=\"wp-caption alignnone\"><img loading=\"lazy\" decoding=\"async\" class=\"wp-image-1219 size-thumbnail\" src=\"https:\/\/autoschule.hamburg.de\/wp-content\/uploads\/sites\/162\/2020\/09\/BKF-Flyer-Bild-150x150.jpg\" alt=\"Flyer f\u00fcr den Beruf des Berufskraftfahrers\/in\" width=\"150\" height=\"150\" srcset=\"https:\/\/bs16.bildungssprit.de\/wp-content\/uploads\/2020\/09\/BKF-Flyer-Bild-150x150.jpg 150w, https:\/\/bs16.bildungssprit.de\/wp-content\/uploads\/2020\/09\/BKF-Flyer-Bild-270x270.jpg 270w, https:\/\/bs16.bildungssprit.de\/wp-content\/uploads\/2020\/09\/BKF-Flyer-Bild-230x230.jpg 230w\" sizes=\"auto, (max-width: 150px) 100vw, 150px\" \/><figcaption id=\"caption-attachment-1219\" class=\"wp-caption-text\">BKF Flyer<\/figcaption><\/figure>\n<p><strong>&nbsp;Unterricht an unserer Schule:<\/strong><br \/>\n<em>Unser Team vermittelt<\/em><\/p>\n<ul>\n<li>in einer 3j\u00e4hrigen Ausbildung<\/li>\n<li>im Blockunterricht<\/li>\n<li>im modernen Klassen- und Werkstattraum sowie am schuleigenen LKW<\/li>\n<li>im Lernfeldunterricht mit einem hohen Ma\u00df an Sch\u00fclerselbst\u00e4ndigkeit<\/li>\n<li>unterst\u00fctzt durch die F\u00e4cher Wirtschaft und Gesellschaft, Sprache und Kommunikation sowie Fachenglisch<\/li>\n<li>auf der Basis der betrieblicher Handlungsabl\u00e4ufe<\/li>\n<li>verbunden mit Dokumentations- und Pr\u00e4sentationstechnik<\/li>\n<li>auf den aktuellen Stand der Technik<\/li>\n<\/ul>\n<p><em>und bereitet auf das Leben\/Berufsleben vor.<\/em><\/p>\n<p><iframe loading=\"lazy\" src=\"https:\/\/www.youtube.com\/embed\/dTbq5nfK3wI\" width=\"650\" height=\"515\" frameborder=\"0\" allowfullscreen=\"allowfullscreen\"><\/iframe><\/p>\n<p>Hier geht es zum Sch\u00fclerprojekt <a href=\"https:\/\/autoschule.hamburg.de\/projekte\/my-job-profile\/\">My Job Profile<\/a>.<\/p>\n<p><strong>Ansprechpartner:<\/strong><\/p>\n<div class=\"customBox01\">\n<h2><img loading=\"lazy\" decoding=\"async\" class=\"alignleft wp-image-292 size-thumbnail\" src=\"https:\/\/autoschule.hamburg.de\/wp-content\/uploads\/sites\/162\/2015\/11\/Kollegium-Bra-e1450897025171-150x150.jpg\" alt=\"Kollegium-Bra\" width=\"150\" height=\"150\"\/>U. Brauner<\/h2>\n<p><img loading=\"lazy\" decoding=\"async\" class=\"alignnone size-full wp-image-303\" src=\"https:\/\/autoschule.hamburg.de\/wp-content\/uploads\/sites\/162\/2015\/04\/phone.png\" alt=\"phone\" width=\"32\" height=\"32\"\/> 040\/428851-260<\/p>\n<p><img loading=\"lazy\" decoding=\"async\" class=\"alignnone size-full wp-image-302\" src=\"https:\/\/autoschule.hamburg.de\/wp-content\/uploads\/sites\/162\/2015\/04\/email.png\" alt=\"email\" width=\"32\" height=\"32\"\/> <a href=\"mailto:Uwe.brauner@bs16.de\">uwe.brauner@bs16.de<\/a>&nbsp;<\/p>\n<\/div>\n<p>&nbsp;<\/p>\n[print_link]\n<p>&nbsp;<\/p>\n","protected":false},"excerpt":{"rendered":"<p>Das Berufsbild: Im LKW von Hamburg nach Istanbul oder nach Dresden. Berufskraftfahrer transportieren G\u00fcter in begrenzten Regionen, deutschlandweit oder international. Berufskraftfahrer beherrschen aber nicht nur ihre Fahrzeuge, sie verstehen auch jede Menge von Fahrzeugtechnik. Au\u00dferdem planen sie ihre Touren, wissen<\/p>\n","protected":false},"author":1,"featured_media":97,"parent":194,"menu_order":0,"comment_status":"closed","ping_status":"closed","template":"","meta":{"footnotes":""},"class_list":["post-238","page","type-page","status-publish","has-post-thumbnail","hentry"],"_links":{"self":[{"href":"https:\/\/bs16.bildungssprit.de\/index.php?rest_route=\/wp\/v2\/pages\/238","targetHints":{"allow":["GET"]}}],"collection":[{"href":"https:\/\/bs16.bildungssprit.de\/index.php?rest_route=\/wp\/v2\/pages"}],"about":[{"href":"https:\/\/bs16.bildungssprit.de\/index.php?rest_route=\/wp\/v2\/types\/page"}],"author":[{"embeddable":true,"href":"https:\/\/bs16.bildungssprit.de\/index.php?rest_route=\/wp\/v2\/users\/1"}],"replies":[{"embeddable":true,"href":"https:\/\/bs16.bildungssprit.de\/index.php?rest_route=%2Fwp%2Fv2%2Fcomments&post=238"}],"version-history":[{"count":0,"href":"https:\/\/bs16.bildungssprit.de\/index.php?rest_route=\/wp\/v2\/pages\/238\/revisions"}],"up":[{"embeddable":true,"href":"https:\/\/bs16.bildungssprit.de\/index.php?rest_route=\/wp\/v2\/pages\/194"}],"wp:featuredmedia":[{"embeddable":true,"href":"https:\/\/bs16.bildungssprit.de\/index.php?rest_route=\/wp\/v2\/media\/97"}],"wp:attachment":[{"href":"https:\/\/bs16.bildungssprit.de\/index.php?rest_route=%2Fwp%2Fv2%2Fmedia&parent=238"}],"curies":[{"name":"wp","href":"https:\/\/api.w.org\/{rel}","templated":true}]}}