{"id":239,"date":"2015-11-23T10:16:44","date_gmt":"2015-11-23T09:16:44","guid":{"rendered":"http:\/\/autoschule.schulhomepages.hamburg.de\/?page_id=239"},"modified":"2015-11-23T10:16:44","modified_gmt":"2015-11-23T09:16:44","slug":"fachkraft-im-fahrbetrieb","status":"publish","type":"page","link":"https:\/\/bs16.bildungssprit.de\/?page_id=239","title":{"rendered":"Fachkraft im Fahrbetrieb"},"content":{"rendered":"<p><strong>Berufsbild<\/strong><br \/>\nDie Fachkr\u00e4fte im Fahrbetrieb, kurz FiF genannt, arbeiten in Verkehrsunternehmen des \u00f6ffentlichen Personennahverkehrs. Zu ihren Aufgaben geh\u00f6rt das F\u00fchren von Kraftomnibussen und die damit verbundene sichere und fahrgastfreundliche Bef\u00f6rderung der Fahrg\u00e4ste sowie der direkte Kundenservice vor Ort. Sie wirken beim Kundendienst und Marketing sowie bei der Planung und Disposition von Fahrbetrieb und Fahrzeugeinsatz mit.<\/p>\n<p>Neben der Qualifizierung zum F\u00fchren von Omnibussen beinhaltet der Beruf sowohl technische als auch kaufm\u00e4nnische Qualifikationen in folgenden Bereichen (eine Auswahl):<\/p>\n<ul>\n<li>Kunden- und Verkehrsservice, wie z. B. die Beratung von Fahrg\u00e4sten und der Fahrkartenverkauf<\/li>\n<li>\u00d6ffentlichkeitsarbeit, Marketing<\/li>\n<li>Kaufm\u00e4nnische Betriebsf\u00fchrung<\/li>\n<li>Betriebsplanung, wie z. B. das Erstellen von Fahrpl\u00e4nen und Disposition des Fahrbetriebes<\/li>\n<li>Technische \u00dcberpr\u00fcfung und kleinere Wartungsarbeiten an Fahrzeugen<\/li>\n<\/ul>\n<p>Fachkr\u00e4fte im Fahrbetrieb werden funktions\u00fcbergreifend eingesetzt. Dies erfordert neben Eigeninitiative und Verantwortungsbewusstsein auch ein vorausschauendes Handeln<strong>, <\/strong>Team- und Kommunikationsf\u00e4higkeit, geistige Flexibilit\u00e4t und Mobilit\u00e4t, die F\u00e4higkeit zur Nutzung technischer und organisatorischer Hilfsmittel und die Bereitschaft zur st\u00e4ndigen Fortbildung.<\/p>\n<p><strong>Unterricht an unserer Berufsschule<\/strong><br \/>\nDer Unterricht in den drei Ausbildungsjahren erfolgt in Blockform zu je 12 Wochen in einem Schuljahr. Gearbeitet wird in EDV-ausgestatteten Klassenr\u00e4umen sowie der im Januar 2011 fertig gestellten modernen Fachraumhalle.<\/p>\n<p>Neben den berufsspezifischen Lernfeldern erfolgt eine Erweiterung der Allgemeinbildung in den F\u00e4chern Wirtschaft und Gesellschaft, Sprache und Kommunikation sowie Fachenglisch. Dabei wird der Bedeutung der Kundenorientierung im \u00d6PNV w\u00e4hrend der gesamten Ausbildung ein besonderer Stellenwert einger\u00e4umt.<\/p>\n[print_link]\n","protected":false},"excerpt":{"rendered":"<p>Berufsbild Die Fachkr\u00e4fte im Fahrbetrieb, kurz FiF genannt, arbeiten in Verkehrsunternehmen des \u00f6ffentlichen Personennahverkehrs. Zu ihren Aufgaben geh\u00f6rt das F\u00fchren von Kraftomnibussen und die damit verbundene sichere und fahrgastfreundliche Bef\u00f6rderung der Fahrg\u00e4ste sowie der direkte Kundenservice vor Ort. Sie wirken<\/p>\n","protected":false},"author":1,"featured_media":278,"parent":194,"menu_order":0,"comment_status":"closed","ping_status":"closed","template":"","meta":{"footnotes":""},"class_list":["post-239","page","type-page","status-publish","has-post-thumbnail","hentry"],"_links":{"self":[{"href":"https:\/\/bs16.bildungssprit.de\/index.php?rest_route=\/wp\/v2\/pages\/239","targetHints":{"allow":["GET"]}}],"collection":[{"href":"https:\/\/bs16.bildungssprit.de\/index.php?rest_route=\/wp\/v2\/pages"}],"about":[{"href":"https:\/\/bs16.bildungssprit.de\/index.php?rest_route=\/wp\/v2\/types\/page"}],"author":[{"embeddable":true,"href":"https:\/\/bs16.bildungssprit.de\/index.php?rest_route=\/wp\/v2\/users\/1"}],"replies":[{"embeddable":true,"href":"https:\/\/bs16.bildungssprit.de\/index.php?rest_route=%2Fwp%2Fv2%2Fcomments&post=239"}],"version-history":[{"count":0,"href":"https:\/\/bs16.bildungssprit.de\/index.php?rest_route=\/wp\/v2\/pages\/239\/revisions"}],"up":[{"embeddable":true,"href":"https:\/\/bs16.bildungssprit.de\/index.php?rest_route=\/wp\/v2\/pages\/194"}],"wp:featuredmedia":[{"embeddable":true,"href":"https:\/\/bs16.bildungssprit.de\/index.php?rest_route=\/wp\/v2\/media\/278"}],"wp:attachment":[{"href":"https:\/\/bs16.bildungssprit.de\/index.php?rest_route=%2Fwp%2Fv2%2Fmedia&parent=239"}],"curies":[{"name":"wp","href":"https:\/\/api.w.org\/{rel}","templated":true}]}}