{"id":241,"date":"2015-11-23T10:39:39","date_gmt":"2015-11-23T09:39:39","guid":{"rendered":"http:\/\/autoschule.schulhomepages.hamburg.de\/?page_id=241"},"modified":"2015-11-23T10:39:39","modified_gmt":"2015-11-23T09:39:39","slug":"fahrzeuglackiererin","status":"publish","type":"page","link":"https:\/\/bs16.bildungssprit.de\/?page_id=241","title":{"rendered":"Fahrzeuglackierer\/in"},"content":{"rendered":"<h6>Das Berufsbild<\/h6>\n<p>Fahrzeuglackierer\/innen gestalten, lackieren und reparieren Fahrzeuge, Fahrzeugteile und Objekte. Sie f\u00fchren Instandhaltungs- und Instandsetzungsarbeiten an Fahrzeugoberfl\u00e4chen sowie hierf\u00fcr notwendige Montage-, Demontage- und Pr\u00fcfarbeiten aus.<\/p>\n<p>Lackieren verbindet Handwerk, Technik und Kunst. Fahrzeuglackierer\/innen haben die M\u00f6glichkeit bei der Applikation von Werbemotiven, Schriftdesign oder der individuellen Bildgestaltung auf Fahrzeugen, Kraftfahrzeugen, Motorr\u00e4dern, Schutzhelmen, Snowboards und vielem mehr ihre k\u00fcnstlerische F\u00e4higkeiten zu entwickeln und umzusetzen. Gefragt sind Kreativit\u00e4t, Augenma\u00df, eine ge\u00fcbte Hand und ein sicheres Gef\u00fchl f\u00fcr Farben und Formen.<\/p>\n<h6>Berufliche F\u00e4higkeiten<\/h6>\n<p>Fahrzeuglackierer\/innen<\/p>\n<ul>\n<li>pr\u00fcfen und bewerten Untergr\u00fcnde und bereiten diese vor.<\/li>\n<li>tragen Beschichtungsstoffe mit Spachteln und Spritzpistolen auf.<\/li>\n<li>\u00fcberpr\u00fcfen die Funktion elektrischer, elektronischer, pneumatischer und hydraulischer Bauteile und Systeme.<\/li>\n<li>montieren und demontieren Bauteile und setzen Fahrzeugverglasungen ein.<\/li>\n<li>halten Oberfl\u00e4chen durch Konservierungsma\u00dfnahmen in Stand.<\/li>\n<\/ul>\n<h6>Unterricht an unserer Berufsschule<\/h6>\n<p>Unser junges Team vermittelt<\/p>\n<ul>\n<li>in einer 3-j\u00e4hrigen Ausbildung<\/li>\n<li>im Blockunterricht<\/li>\n<li>im modernen Lackierzentrum<\/li>\n<li>im Lernfeldunterricht mit einem hohen Ma\u00df an Sch\u00fclerselbstt\u00e4tigkeit im Team<\/li>\n<li>unterst\u00fctzt durch die F\u00e4cher Wirtschaft und Gesellschaft, Sprache und Kommunikation sowie Fachenglisch<\/li>\n<li>auf der Basis betrieblicher Handlungsabl\u00e4ufe<\/li>\n<li>auf dem aktuellen Stand der Technik<\/li>\n<li>EDV-unterst\u00fctzt,<\/li>\n<li>fachtechnologisches Know-how,<\/li>\n<li>Dokumentations- und Pr\u00e4sentationstechniken<\/li>\n<li>sowie kreative Lackiertechniken oder Airbrush.<\/li>\n<\/ul>\n<p>&nbsp;<\/p>\n<p><strong>Ansprechpartner:<\/strong><\/p>\n<div class=\"customBox01\">\n<h2><img loading=\"lazy\" decoding=\"async\" class=\"alignleft wp-image-296 size-thumbnail\" src=\"https:\/\/autoschule.hamburg.de\/wp-content\/uploads\/sites\/162\/2015\/11\/Kollegium-Sch-e1450901801818-150x150.jpg\" alt=\"Kollegium-Sch\" width=\"150\" height=\"150\"\/>Marco Schlicht<\/h2>\n<p><img loading=\"lazy\" decoding=\"async\" class=\"alignnone size-full wp-image-303\" src=\"https:\/\/autoschule.hamburg.de\/wp-content\/uploads\/sites\/162\/2015\/04\/phone.png\" alt=\"phone\" width=\"32\" height=\"32\"\/> 040\/428851-01<\/p>\n<p><img loading=\"lazy\" decoding=\"async\" class=\"alignnone size-full wp-image-302\" src=\"https:\/\/autoschule.hamburg.de\/wp-content\/uploads\/sites\/162\/2015\/04\/email.png\" alt=\"email\" width=\"32\" height=\"32\"\/> <a href=\"mailto:Lackierzentrum@bs16.de\">Lackierzentrum@bs16.de<\/a><\/p>\n<\/div>\n<p>&nbsp;<\/p>\n[print_link]\n","protected":false},"excerpt":{"rendered":"<p>Das Berufsbild Fahrzeuglackierer\/innen gestalten, lackieren und reparieren Fahrzeuge, Fahrzeugteile und Objekte. Sie f\u00fchren Instandhaltungs- und Instandsetzungsarbeiten an Fahrzeugoberfl\u00e4chen sowie hierf\u00fcr notwendige Montage-, Demontage- und Pr\u00fcfarbeiten aus. Lackieren verbindet Handwerk, Technik und Kunst. Fahrzeuglackierer\/innen haben die M\u00f6glichkeit bei der Applikation von<\/p>\n","protected":false},"author":1,"featured_media":50,"parent":194,"menu_order":0,"comment_status":"closed","ping_status":"closed","template":"","meta":{"footnotes":""},"class_list":["post-241","page","type-page","status-publish","has-post-thumbnail","hentry"],"_links":{"self":[{"href":"https:\/\/bs16.bildungssprit.de\/index.php?rest_route=\/wp\/v2\/pages\/241","targetHints":{"allow":["GET"]}}],"collection":[{"href":"https:\/\/bs16.bildungssprit.de\/index.php?rest_route=\/wp\/v2\/pages"}],"about":[{"href":"https:\/\/bs16.bildungssprit.de\/index.php?rest_route=\/wp\/v2\/types\/page"}],"author":[{"embeddable":true,"href":"https:\/\/bs16.bildungssprit.de\/index.php?rest_route=\/wp\/v2\/users\/1"}],"replies":[{"embeddable":true,"href":"https:\/\/bs16.bildungssprit.de\/index.php?rest_route=%2Fwp%2Fv2%2Fcomments&post=241"}],"version-history":[{"count":0,"href":"https:\/\/bs16.bildungssprit.de\/index.php?rest_route=\/wp\/v2\/pages\/241\/revisions"}],"up":[{"embeddable":true,"href":"https:\/\/bs16.bildungssprit.de\/index.php?rest_route=\/wp\/v2\/pages\/194"}],"wp:featuredmedia":[{"embeddable":true,"href":"https:\/\/bs16.bildungssprit.de\/index.php?rest_route=\/wp\/v2\/media\/50"}],"wp:attachment":[{"href":"https:\/\/bs16.bildungssprit.de\/index.php?rest_route=%2Fwp%2Fv2%2Fmedia&parent=241"}],"curies":[{"name":"wp","href":"https:\/\/api.w.org\/{rel}","templated":true}]}}