{"id":253,"date":"2015-11-25T23:27:39","date_gmt":"2015-11-25T22:27:39","guid":{"rendered":"http:\/\/autoschule.schulhomepages.hamburg.de\/?page_id=253"},"modified":"2015-11-25T23:27:39","modified_gmt":"2015-11-25T22:27:39","slug":"verfahrensmechanikerin-fuer-beschichtungstechnik","status":"publish","type":"page","link":"https:\/\/bs16.bildungssprit.de\/?page_id=253","title":{"rendered":"Verfahrensmechaniker\/in f\u00fcr Beschichtungstechnik"},"content":{"rendered":"<h6>Das Berufsbild<\/h6>\n<p>Ob zum Schutz, zur Dekoration oder aus Gr\u00fcnden der Sicherheit, die Mehrheit aller Industrieprodukte wird beschichtet.Vom Flugzeug bis zur Bratpfanne, die Verfahrensmechaniker\/innen f\u00fcr Beschichtungstechnik sind immer dabei. Sie kennen sich mit den Eigenschaften verschiedener Beschichtungsstoffe und mit unterschiedlichen Beschichtungstechniken aus. Sie beschichten Holz-, Metall- und Kunststoffoberfl\u00e4chen mit unterschiedlichen Lacken und planen und koordinieren den Beschichtungsprozess. Am Ende der Arbeitskette steht die Qualit\u00e4tskontrolle des Endproduktes.<\/p>\n<h6>Berufliche F\u00e4higkeiten<\/h6>\n<p>Verfahrensmechaniker\/innen f\u00fcr Beschichtungstechnik<\/p>\n<ul>\n<li>legen die Art der Vorbehandlung und das zum Einsatz kommende Beschichtungsmaterial fest,<\/li>\n<li>entfernen bereits vorhandene Beschichtungen,<\/li>\n<li>f\u00fchren Lackierungen manuell oder maschinell aus,<\/li>\n<li>\u00fcberwachen und pr\u00fcfen die Schichtbildung und H\u00e4rtung,<\/li>\n<li>sichern den Qualit\u00e4tsstandard durch systematische Fehleranalyse<\/li>\n<\/ul>\n<p><em>Und &#8230;<br \/>\nSie werden hier in unserer Schule zusammen mit unseren Ausbildungspartnern der Industrie ausgebildet<\/em><\/p>\n<p><strong>Unterricht an unserer Berufsschule<\/strong><br \/>\nUnser junges Team vermittelt<\/p>\n<ul>\n<li>in einer 3-j\u00e4hrigen Ausbildung<\/li>\n<li>im Blockunterricht (2,25 Wochenblock)<\/li>\n<li>im modernen Lackierzentrum<\/li>\n<li>im Lernfeldunterricht mit einem hohen Ma\u00df an Sch\u00fclerselbstt\u00e4tigkeit<\/li>\n<li>unterst\u00fctzt durch die F\u00e4cher Wirtschaft und Gesellschaft, Sprache und Kommunikation sowie Englisch<\/li>\n<li>auf der Basis betrieblicher Handlungsabl\u00e4ufe<\/li>\n<li>auf dem aktuellen Stand der Technik<\/li>\n<li>EDV-unterst\u00fctzt,<\/li>\n<li>fachtechnologisches Know how,<\/li>\n<li>Dokumentations- und Pr\u00e4sentationstechniken<\/li>\n<li>sowie kreative Lackiertechniken oder Airbrush.<\/li>\n<\/ul>\n<p><strong>Das Lehrerteam im Lackierzentrum<\/strong><\/p>\n<p><img loading=\"lazy\" decoding=\"async\" src=\"http:\/\/kfz-schule.hamburg.de\/images\/lackteam.jpg\" alt=\"\" width=\"640\" height=\"396\" \/><\/p>\n<p>&nbsp;<\/p>\n[print_link]\n","protected":false},"excerpt":{"rendered":"<p>Das Berufsbild Ob zum Schutz, zur Dekoration oder aus Gr\u00fcnden der Sicherheit, die Mehrheit aller Industrieprodukte wird beschichtet.Vom Flugzeug bis zur Bratpfanne, die Verfahrensmechaniker\/innen f\u00fcr Beschichtungstechnik sind immer dabei. Sie kennen sich mit den Eigenschaften verschiedener Beschichtungsstoffe und mit unterschiedlichen<\/p>\n","protected":false},"author":1,"featured_media":139,"parent":194,"menu_order":0,"comment_status":"closed","ping_status":"closed","template":"","meta":{"footnotes":""},"class_list":["post-253","page","type-page","status-publish","has-post-thumbnail","hentry"],"_links":{"self":[{"href":"https:\/\/bs16.bildungssprit.de\/index.php?rest_route=\/wp\/v2\/pages\/253","targetHints":{"allow":["GET"]}}],"collection":[{"href":"https:\/\/bs16.bildungssprit.de\/index.php?rest_route=\/wp\/v2\/pages"}],"about":[{"href":"https:\/\/bs16.bildungssprit.de\/index.php?rest_route=\/wp\/v2\/types\/page"}],"author":[{"embeddable":true,"href":"https:\/\/bs16.bildungssprit.de\/index.php?rest_route=\/wp\/v2\/users\/1"}],"replies":[{"embeddable":true,"href":"https:\/\/bs16.bildungssprit.de\/index.php?rest_route=%2Fwp%2Fv2%2Fcomments&post=253"}],"version-history":[{"count":0,"href":"https:\/\/bs16.bildungssprit.de\/index.php?rest_route=\/wp\/v2\/pages\/253\/revisions"}],"up":[{"embeddable":true,"href":"https:\/\/bs16.bildungssprit.de\/index.php?rest_route=\/wp\/v2\/pages\/194"}],"wp:featuredmedia":[{"embeddable":true,"href":"https:\/\/bs16.bildungssprit.de\/index.php?rest_route=\/wp\/v2\/media\/139"}],"wp:attachment":[{"href":"https:\/\/bs16.bildungssprit.de\/index.php?rest_route=%2Fwp%2Fv2%2Fmedia&parent=253"}],"curies":[{"name":"wp","href":"https:\/\/api.w.org\/{rel}","templated":true}]}}