{"id":255,"date":"2015-11-25T23:31:59","date_gmt":"2015-11-25T22:31:59","guid":{"rendered":"http:\/\/autoschule.schulhomepages.hamburg.de\/?page_id=255"},"modified":"2015-11-25T23:31:59","modified_gmt":"2015-11-25T22:31:59","slug":"gastschueler","status":"publish","type":"page","link":"https:\/\/bs16.bildungssprit.de\/?page_id=255","title":{"rendered":"Gastsch\u00fcler"},"content":{"rendered":"<p><strong>Antrag auf Beschulung in Hamburg<\/strong><\/p>\n<p>Liegt Ihr Ausbildungsbetrieb <strong>nicht in Hamburg<\/strong>, k\u00f6nnen Sie bei uns als Gastsch\u00fcler beschult werden. Daf\u00fcr stellen Sie in dem Bundesland, in dem Ihr Ausbildungsbetrieb liegt, einen &#8222;Antrag auf Beschulung in Hamburg&#8220;. So gehen Sie vor:<\/p>\n<p><strong>Ausbildungsbetrieb liegt in Schleswig-Holstein:<\/strong><\/p>\n<p>Senden Sie einen formlosen &#8222;Antrag auf Beschulung in Hamburg&#8220;&nbsp; an:<\/p>\n<p>Schleswig-Holsteinisches Institut f\u00fcr Berufliche Bildung<br \/>\nSachgebiet 11 &#8211; Gastschulwesen<br \/>\nSophienblatt 50a<br \/>\n24114 Kiel<\/p>\n<p>Dieser Antrag ist vom Auszubildenden auszuf\u00fcllen und muss die Anschrift des Ausbildungsbetriebes, den Wohnort des Auszubildenden, den Ausbildungsberuf, eine Kopie des Ausbildungsvertrages und die Anschrift unserer Schule enthalten.<\/p>\n<p>Ansprechpartner sind Herr Ziesmann und Herr B\u00f6rchers:<\/p>\n<p><img loading=\"lazy\" decoding=\"async\" class=\"alignnone size-full wp-image-303\" src=\"https:\/\/autoschule.hamburg.de\/wp-content\/uploads\/sites\/162\/2015\/04\/phone.png\" alt=\"phone\" width=\"32\" height=\"32\"\/> 0431\/9 88-9738 (Ziesmann)<\/p>\n<p><img loading=\"lazy\" decoding=\"async\" class=\"alignnone size-full wp-image-303\" src=\"https:\/\/autoschule.hamburg.de\/wp-content\/uploads\/sites\/162\/2015\/04\/phone.png\" alt=\"phone\" width=\"32\" height=\"32\"\/> 0431\/9 88-9737 (B\u00f6rchers)<\/p>\n<p>E-Mail: <a href=\"mailto:gastschulwesen@shibb.landsh.de\">gastschulwesen@shibb.landsh.de<\/a><\/p>\n<p><em><strong>Ausnahme<\/strong><\/em><strong>: <\/strong>Auszubildende Zweiradmechaniker, Fahrradmonteure, Fachkr\u00e4fte im Fahrbetrieb und Verfahrensmechaniker f\u00fcr Beschichtungstechnik k\u00f6nnen ohne o. g. Antrag an unserer Berufsschule aufgenommen werden, wenn der Ausbildungsbetrieb in Schleswig-Holstein liegt.<\/p>\n<p>&nbsp;<\/p>\n<p><strong>Ausbildungsbetrieb liegt in Niedersachsen:<\/strong><\/p>\n<p>Bitte f\u00fcllen Sie den <a href=\"https:\/\/autoschule.hamburg.de\/wp-content\/uploads\/sites\/162\/2015\/04\/Gastschueler_Antrag-Beschulung-Hamburg-NI.pdf\" target=\"_blank\" rel=\"noopener\">Gastsch\u00fcler*innenantrag Beschulung Hamburg<\/a> aus und senden diesen an die angegebene Adresse.<\/p>\n<p>Ansprechpartnerinnen sind:<\/p>\n<div>\n<p><img loading=\"lazy\" decoding=\"async\" class=\"alignnone size-full wp-image-303\" src=\"https:\/\/autoschule.hamburg.de\/wp-content\/uploads\/sites\/162\/2015\/04\/phone.png\" alt=\"phone\" width=\"32\" height=\"32\"\/> 040\/428 63- 20 39 (Frau Kukem\u00fcller)&nbsp;<\/p>\n<div>\n<p><img loading=\"lazy\" decoding=\"async\" class=\"alignnone size-full wp-image-303\" src=\"https:\/\/autoschule.hamburg.de\/wp-content\/uploads\/sites\/162\/2015\/04\/phone.png\" alt=\"phone\" width=\"32\" height=\"32\"\/> 040\/428 63-46 17 (Frau Kosgalwies)<\/p>\n<div>\n<p style=\"margin-bottom: 5px;margin-top: 5px;text-align: left\">E-Mail:&nbsp;<a href=\"https:\/\/go.prowim.de\/DeskTop000000000000000000000\/8000000100011F5B000000001801\">hibb-berufsschulen-gastschueler@hibb.hamburg.de<\/a><\/p>\n<\/div>\n<\/div>\n<\/div>\n<p>&nbsp;<\/p>\n<p><strong>Bilaterale Vereinbarungen (z.B. mit Mecklenburg-Vorpommern):<\/strong><\/p>\n<p>Wenden Sie sich bitte an Frau Niel<\/p>\n<p><img loading=\"lazy\" decoding=\"async\" class=\"alignnone size-full wp-image-303\" src=\"https:\/\/autoschule.hamburg.de\/wp-content\/uploads\/sites\/162\/2015\/04\/phone.png\" alt=\"phone\" width=\"32\" height=\"32\"\/> 040\/428 63 &#8211; 3487<\/p>\n<p>E-Mail: <a href=\"mailto:clarissa.niel@hibb.hamburg.de\">clarissa.niel@hibb.hamburg.de<\/a><\/p>\n<p>&nbsp;<\/p>\n[print_link]\n","protected":false},"excerpt":{"rendered":"<p>Antrag auf Beschulung in Hamburg Liegt Ihr Ausbildungsbetrieb nicht in Hamburg, k\u00f6nnen Sie bei uns als Gastsch\u00fcler beschult werden. Daf\u00fcr stellen Sie in dem Bundesland, in dem Ihr Ausbildungsbetrieb liegt, einen &#8222;Antrag auf Beschulung in Hamburg&#8220;. So gehen Sie vor:<\/p>\n","protected":false},"author":1,"featured_media":102,"parent":194,"menu_order":0,"comment_status":"closed","ping_status":"closed","template":"","meta":{"footnotes":""},"class_list":["post-255","page","type-page","status-publish","has-post-thumbnail","hentry"],"_links":{"self":[{"href":"https:\/\/bs16.bildungssprit.de\/index.php?rest_route=\/wp\/v2\/pages\/255","targetHints":{"allow":["GET"]}}],"collection":[{"href":"https:\/\/bs16.bildungssprit.de\/index.php?rest_route=\/wp\/v2\/pages"}],"about":[{"href":"https:\/\/bs16.bildungssprit.de\/index.php?rest_route=\/wp\/v2\/types\/page"}],"author":[{"embeddable":true,"href":"https:\/\/bs16.bildungssprit.de\/index.php?rest_route=\/wp\/v2\/users\/1"}],"replies":[{"embeddable":true,"href":"https:\/\/bs16.bildungssprit.de\/index.php?rest_route=%2Fwp%2Fv2%2Fcomments&post=255"}],"version-history":[{"count":0,"href":"https:\/\/bs16.bildungssprit.de\/index.php?rest_route=\/wp\/v2\/pages\/255\/revisions"}],"up":[{"embeddable":true,"href":"https:\/\/bs16.bildungssprit.de\/index.php?rest_route=\/wp\/v2\/pages\/194"}],"wp:featuredmedia":[{"embeddable":true,"href":"https:\/\/bs16.bildungssprit.de\/index.php?rest_route=\/wp\/v2\/media\/102"}],"wp:attachment":[{"href":"https:\/\/bs16.bildungssprit.de\/index.php?rest_route=%2Fwp%2Fv2%2Fmedia&parent=255"}],"curies":[{"name":"wp","href":"https:\/\/api.w.org\/{rel}","templated":true}]}}