{"id":2642,"date":"2025-01-14T13:07:40","date_gmt":"2025-01-14T12:07:40","guid":{"rendered":"https:\/\/autoschule.hamburg.de\/?page_id=2642"},"modified":"2025-01-14T13:07:40","modified_gmt":"2025-01-14T12:07:40","slug":"betriebe","status":"publish","type":"page","link":"https:\/\/bs16.bildungssprit.de\/?page_id=2642","title":{"rendered":"Infos f\u00fcr die Betriebe"},"content":{"rendered":"<h2>Aktuelles &amp; Allgemeine Infos<br \/>\nf\u00fcr die Betriebe<\/h2>\n<p>Hier finden Sie aktuelle Information, wenn z.B. kein Berufsschulunterricht stattfindet.<\/p>\n<div class=\"su-box su-box-style-default\" id=\"\" style=\"border-color:#750000;border-radius:0px;max-width:none\"><div class=\"su-box-title\" style=\"background-color:#a83023;color:#fff;border-top-left-radius:0px;border-top-right-radius:0px\">ACHTUNG:<\/div><div class=\"su-box-content su-u-clearfix su-u-trim\" style=\"border-bottom-left-radius:0px;border-bottom-right-radius:0px\">\n<p><b data-olk-copy-source=\"MessageBody\">Anmeldungen zur Berufsschule bitte ab sofort an:<br \/>\n<a title=\"mailto:bs16-anmeldung@hibb.hamburg.de\" href=\"mailto:bs16-anmeldung@hibb.hamburg.de\" data-linkindex=\"0\" data-ogsc=\"\">bs16-anmeldung@hibb.hamburg.de<\/a>&nbsp;<br \/>\nsenden.<\/b><\/p>\n<\/div><\/div>\n<div class=\"su-box su-box-style-default\" id=\"\" style=\"border-color:#750000;border-radius:0px;max-width:none\"><div class=\"su-box-title\" style=\"background-color:#a83023;color:#fff;border-top-left-radius:0px;border-top-right-radius:0px\">HINWEIS:<\/div><div class=\"su-box-content su-u-clearfix su-u-trim\" style=\"border-bottom-left-radius:0px;border-bottom-right-radius:0px\">Bitte melden Sie Ihre Auszubildenden, die die Abschlusspr\u00fcfung <u>nicht bestanden haben und die Ausbildung verl\u00e4ngern<\/u>, unbedingt bei uns weiter zum Berufsschulunterricht an (bitte per Mail an: <a href=\"mailto:BS16-Anmeldung@hibb.hamburg.de\">BS16-Anmeldung@hibb.hamburg.de<\/a>)<\/p>\n<p><strong>Der Tagesunterricht f\u00fcr die Wiederholenden findet wie folgt statt:<\/strong><br \/>\nKlasse <strong>Wh22.1<\/strong>: Tagesunterricht immer freitags mit Beginn am <strong>13. Februar 2026<\/strong>, Unterrichtsbeginn 8:15 Uhr, Unterrichtsende 15:00 Uhr (letzter Schultag: 8. Mai 2026)<\/p>\n<p>Klasse <strong>Wh22.2<\/strong>: Tagesunterricht immer montags mit Beginn am <strong>9. Februar 2026<\/strong>, Unterrichtsbeginn 8:15 Uhr, Unterrichtsende 15:00 Uhr (letzter Schultag: 4. Mai 2026)<\/div><\/div>\n<p><strong>Allgemeines<\/strong><\/p>\n<p>Die Auszubildenden der Kfz-Mechatroniker, Zweiradmechatroniker, Land- und Baumaschinenmechatroniker und die Karosserie- und Fahrzeugbaumechaniker haben im letzten Ausbildungsjahr generell nur noch einen Berufsschulblock und sind danach bis zu den Gesellenpr\u00fcfungen in den Betrieben (bei einer regul\u00e4ren Ausbildungszeit, in der die Pr\u00fcfungen im Winter liegen; also zum 31.1. des jeweiligen Jahres ausgelernt wird).<\/p>\n<p>Bitte beachten Sie, dass wir keine Berufsschulklassen zum Februar haben. Auszubildende, die z.B. die Ausbildung zum 1.2. oder 1.3. beginnen, werden in die bestehenden Klassen eingeschult und m\u00fcssen den \u201everpassten\u201c Unterrichtsstoff nachholen.<\/p>\n<p>Bei weiteren Fragen schreiben Sie uns gerne:<\/p>\n<a href=\"https:\/\/autoschule.hamburg.de\/kontakt\/\" class=\"su-button su-button-style-default\" style=\"color:#FFFFFF;background-color:#2D89EF;border-color:#246ec0;border-radius:7px\" target=\"_self\"><span style=\"color:#FFFFFF;padding:7px 20px;font-size:16px;line-height:24px;border-color:#6cadf4;border-radius:7px;text-shadow:none\"><i class=\"sui sui-envelope-o\" style=\"font-size:16px;color:#FFFFFF\"><\/i> Kontakt aufnehmen<\/span><\/a>\n","protected":false},"excerpt":{"rendered":"<p>Aktuelles &amp; Allgemeine Infos f\u00fcr die Betriebe Hier finden Sie aktuelle Information, wenn z.B. kein Berufsschulunterricht stattfindet. Allgemeines Die Auszubildenden der Kfz-Mechatroniker, Zweiradmechatroniker, Land- und Baumaschinenmechatroniker und die Karosserie- und Fahrzeugbaumechaniker haben im letzten Ausbildungsjahr generell nur noch einen Berufsschulblock<\/p>\n","protected":false},"author":1,"featured_media":2649,"parent":0,"menu_order":0,"comment_status":"closed","ping_status":"closed","template":"","meta":{"footnotes":""},"class_list":["post-2642","page","type-page","status-publish","has-post-thumbnail","hentry"],"_links":{"self":[{"href":"https:\/\/bs16.bildungssprit.de\/index.php?rest_route=\/wp\/v2\/pages\/2642","targetHints":{"allow":["GET"]}}],"collection":[{"href":"https:\/\/bs16.bildungssprit.de\/index.php?rest_route=\/wp\/v2\/pages"}],"about":[{"href":"https:\/\/bs16.bildungssprit.de\/index.php?rest_route=\/wp\/v2\/types\/page"}],"author":[{"embeddable":true,"href":"https:\/\/bs16.bildungssprit.de\/index.php?rest_route=\/wp\/v2\/users\/1"}],"replies":[{"embeddable":true,"href":"https:\/\/bs16.bildungssprit.de\/index.php?rest_route=%2Fwp%2Fv2%2Fcomments&post=2642"}],"version-history":[{"count":0,"href":"https:\/\/bs16.bildungssprit.de\/index.php?rest_route=\/wp\/v2\/pages\/2642\/revisions"}],"wp:featuredmedia":[{"embeddable":true,"href":"https:\/\/bs16.bildungssprit.de\/index.php?rest_route=\/wp\/v2\/media\/2649"}],"wp:attachment":[{"href":"https:\/\/bs16.bildungssprit.de\/index.php?rest_route=%2Fwp%2Fv2%2Fmedia&parent=2642"}],"curies":[{"name":"wp","href":"https:\/\/api.w.org\/{rel}","templated":true}]}}