{"id":2662,"date":"2025-01-24T08:00:47","date_gmt":"2025-01-24T07:00:47","guid":{"rendered":"https:\/\/autoschule.hamburg.de\/?page_id=2662"},"modified":"2025-01-24T08:00:47","modified_gmt":"2025-01-24T07:00:47","slug":"anmeldung-berufsschule","status":"publish","type":"page","link":"https:\/\/bs16.bildungssprit.de\/?page_id=2662","title":{"rendered":"Anmeldung Berufsschule"},"content":{"rendered":"<h2>Anmeldeformular f\u00fcr die Berufsschule<\/h2>\n<p>Bitte melden Sie Ihre Auszubildenden mit unserem Anmeldeformular bei uns zur Berufsschule an.<\/p>\n<p>Sie k\u00f6nnen auf der Anmeldung gerne Ihre bevorzugte Blocklage angeben. Bitte beachten Sie dabei, dass wir nicht immer alle W\u00fcnsche ber\u00fccksichtigen k\u00f6nnen.<\/p>\n<p><a href=\"https:\/\/autoschule.hamburg.de\/wp-content\/uploads\/sites\/162\/2026\/01\/Anmeldung_BS16_20260128.pdf\" target=\"_blank\" rel=\"noopener\"><span data-olk-copy-source=\"MessageBody\">Anmeldeformular zur Berufsschule<\/span><\/a><\/p>\n<p>Bei weiteren Fragen schreiben Sie uns gerne:<\/p>\n<a href=\"https:\/\/autoschule.hamburg.de\/kontakt\/\" class=\"su-button su-button-style-default\" style=\"color:#FFFFFF;background-color:#2D89EF;border-color:#246ec0;border-radius:7px\" target=\"_self\"><span style=\"color:#FFFFFF;padding:7px 20px;font-size:16px;line-height:24px;border-color:#6cadf4;border-radius:7px;text-shadow:none\"><i class=\"sui sui-envelope-o\" style=\"font-size:16px;color:#FFFFFF\"><\/i> Kontakt aufnehmen<\/span><\/a>\n","protected":false},"excerpt":{"rendered":"<p>Anmeldeformular f\u00fcr die Berufsschule Bitte melden Sie Ihre Auszubildenden mit unserem Anmeldeformular bei uns zur Berufsschule an. Sie k\u00f6nnen auf der Anmeldung gerne Ihre bevorzugte Blocklage angeben. Bitte beachten Sie dabei, dass wir nicht immer alle W\u00fcnsche ber\u00fccksichtigen k\u00f6nnen. Anmeldeformular<\/p>\n","protected":false},"author":1,"featured_media":2663,"parent":0,"menu_order":0,"comment_status":"closed","ping_status":"closed","template":"","meta":{"footnotes":""},"class_list":["post-2662","page","type-page","status-publish","has-post-thumbnail","hentry"],"_links":{"self":[{"href":"https:\/\/bs16.bildungssprit.de\/index.php?rest_route=\/wp\/v2\/pages\/2662","targetHints":{"allow":["GET"]}}],"collection":[{"href":"https:\/\/bs16.bildungssprit.de\/index.php?rest_route=\/wp\/v2\/pages"}],"about":[{"href":"https:\/\/bs16.bildungssprit.de\/index.php?rest_route=\/wp\/v2\/types\/page"}],"author":[{"embeddable":true,"href":"https:\/\/bs16.bildungssprit.de\/index.php?rest_route=\/wp\/v2\/users\/1"}],"replies":[{"embeddable":true,"href":"https:\/\/bs16.bildungssprit.de\/index.php?rest_route=%2Fwp%2Fv2%2Fcomments&post=2662"}],"version-history":[{"count":0,"href":"https:\/\/bs16.bildungssprit.de\/index.php?rest_route=\/wp\/v2\/pages\/2662\/revisions"}],"wp:featuredmedia":[{"embeddable":true,"href":"https:\/\/bs16.bildungssprit.de\/index.php?rest_route=\/wp\/v2\/media\/2663"}],"wp:attachment":[{"href":"https:\/\/bs16.bildungssprit.de\/index.php?rest_route=%2Fwp%2Fv2%2Fmedia&parent=2662"}],"curies":[{"name":"wp","href":"https:\/\/api.w.org\/{rel}","templated":true}]}}