{"id":2676,"date":"2025-01-27T13:20:19","date_gmt":"2025-01-27T12:20:19","guid":{"rendered":"https:\/\/autoschule.hamburg.de\/?page_id=2676"},"modified":"2025-01-27T13:20:19","modified_gmt":"2025-01-27T12:20:19","slug":"blockplan","status":"publish","type":"page","link":"https:\/\/bs16.bildungssprit.de\/?page_id=2676","title":{"rendered":"Blockplan"},"content":{"rendered":"<h2>Informationen zum Blockplan<\/h2>\n<p>Hier finden Sie unseren aktuellen Blockplan. <strong>Bitte beachten Sie, dass die Auszubildenden folgender Ausbildungsberufe mit Ausbildungsbeginn ab 1.8. immer erst im jeweils<\/strong> <strong>zweiten A-, B- und C-Block beginnen<\/strong>, da w\u00e4hrend des ersten A-, B- und C-Blocks die 4. Ausbildungsjahre zum letzten Mal Berufsschulunterricht haben:<\/p>\n<ul>\n<li>Kfz-Mechatroniker<\/li>\n<li>Zweiradmechatroniker<\/li>\n<li>Land- und Baumaschinenmechatroniker<\/li>\n<li>Karosserie- und Fahrzeugbaumechaniker<\/li>\n<li>Verfahrensmechaniker f\u00fcr Beschichtungstechnik<\/li>\n<\/ul>\n<p><a href=\"https:\/\/autoschule.hamburg.de\/wp-content\/uploads\/sites\/162\/2025\/09\/BS16_Blockplan-fuer-alle-ab_2025.pdf\" target=\"_blank\" rel=\"noopener\">Blockplan herunterladen<\/a><\/p>\n<p><span style=\"color: #a83023\"><strong>&#8212;&#8212;&#8212;- HINWEIS: &#8212;&#8212;&#8212;-<\/strong><\/span><\/p>\n<p><strong>Berufskraftfahrer, Fachkraft im Fahrbetrieb, Fahrzeuglackierer und Verfahrensmechaniker f\u00fcr Beschichtungstechnik<\/strong><\/p>\n<p>Bei diesen Berufsgruppen gibt es <strong>j\u00e4hrlich einen Blockwechsel<\/strong>, \u00fcber den Sie als Ausbildungsbetrieb schriftlich von uns informiert werden.<\/p>\n<p>Das erste Ausbildungsjahr ist immer im A-Block, das zweite Ausbildungsjahr immer im B-Block und das dritte Ausbildungsjahr immer im C-Block. Der j\u00e4hrliche Blockwechsel findet immer zum neuen Schuljahr (also nach den Hamburger Sommerferien) statt.<\/p>\n<p style=\"border: 1px solid #a83023;padding: 5px\">Blockpl\u00e4ne der Berufskraftfahrer:innen (BKF) und der Fachkr\u00e4fte im Fahrgesch\u00e4ft (FiF) finden Sie unter <a href=\"https:\/\/autoschule.hamburg.de\/downloads#blockplaene\">Downloads -&gt; Blockpl\u00e4ne<\/a>.<\/p>\n<p>Bei weiteren Fragen schreiben Sie uns gerne:<\/p>\n<a href=\"https:\/\/autoschule.hamburg.de\/kontakt\/\" class=\"su-button su-button-style-default\" style=\"color:#FFFFFF;background-color:#a83023;border-color:#87271c;border-radius:0px\" target=\"_self\"><span style=\"color:#FFFFFF;padding:7px 20px;font-size:16px;line-height:24px;border-color:#c36f65;border-radius:0px;text-shadow:none\"><i class=\"sui sui-envelope-o\" style=\"font-size:16px;color:#FFFFFF\"><\/i> Kontakt aufnehmen<\/span><\/a>\n","protected":false},"excerpt":{"rendered":"<p>Informationen zum Blockplan Hier finden Sie unseren aktuellen Blockplan. Bitte beachten Sie, dass die Auszubildenden folgender Ausbildungsberufe mit Ausbildungsbeginn ab 1.8. immer erst im jeweils zweiten A-, B- und C-Block beginnen, da w\u00e4hrend des ersten A-, B- und C-Blocks die<\/p>\n","protected":false},"author":1,"featured_media":2682,"parent":0,"menu_order":0,"comment_status":"closed","ping_status":"closed","template":"","meta":{"footnotes":""},"class_list":["post-2676","page","type-page","status-publish","has-post-thumbnail","hentry"],"_links":{"self":[{"href":"https:\/\/bs16.bildungssprit.de\/index.php?rest_route=\/wp\/v2\/pages\/2676","targetHints":{"allow":["GET"]}}],"collection":[{"href":"https:\/\/bs16.bildungssprit.de\/index.php?rest_route=\/wp\/v2\/pages"}],"about":[{"href":"https:\/\/bs16.bildungssprit.de\/index.php?rest_route=\/wp\/v2\/types\/page"}],"author":[{"embeddable":true,"href":"https:\/\/bs16.bildungssprit.de\/index.php?rest_route=\/wp\/v2\/users\/1"}],"replies":[{"embeddable":true,"href":"https:\/\/bs16.bildungssprit.de\/index.php?rest_route=%2Fwp%2Fv2%2Fcomments&post=2676"}],"version-history":[{"count":0,"href":"https:\/\/bs16.bildungssprit.de\/index.php?rest_route=\/wp\/v2\/pages\/2676\/revisions"}],"wp:featuredmedia":[{"embeddable":true,"href":"https:\/\/bs16.bildungssprit.de\/index.php?rest_route=\/wp\/v2\/media\/2682"}],"wp:attachment":[{"href":"https:\/\/bs16.bildungssprit.de\/index.php?rest_route=%2Fwp%2Fv2%2Fmedia&parent=2676"}],"curies":[{"name":"wp","href":"https:\/\/api.w.org\/{rel}","templated":true}]}}