{"id":2745,"date":"2025-03-25T17:29:04","date_gmt":"2025-03-25T16:29:04","guid":{"rendered":"https:\/\/autoschule.hamburg.de\/?page_id=2745"},"modified":"2025-03-25T17:29:04","modified_gmt":"2025-03-25T16:29:04","slug":"fahrradmonteurin-3","status":"publish","type":"page","link":"https:\/\/bs16.bildungssprit.de\/?page_id=2745","title":{"rendered":"Fahrradmonteur:in"},"content":{"rendered":"<div data-class=\"abschnitt\">\n<section>\n<header>\n<h3>Was macht man in diesem Beruf?<\/h3>\n<\/header>\n<p data-display=\"all\">Fahrradmonteure und -monteurinnen bauen Fahrr\u00e4der zusammen, warten bzw. reparieren diese oder passen sie den W\u00fcnschen der Kunden an. So stellen sie einzelne Fahrradkomponenten individuell nach Kundenwunsch zusammen oder r\u00fcsten Standardmodelle mit Zusatzteilen aus. Um Fahrr\u00e4der zu warten, demontieren und reinigen sie einzelne Baugruppen und \u00fcberpr\u00fcfen deren Funktion, wobei sie Pr\u00fcf- und Messger\u00e4te einsetzen. Sie identifizieren und beheben M\u00e4ngel und stellen sicher, dass das Fahrrad verkehrssicher und funktionst\u00fcchtig ist. Bei der \u00dcbergabe erkl\u00e4ren sie dem Kunden, welche Arbeiten sie durchgef\u00fchrt haben und was beim Gebrauch des Rades zu beachten ist. Au\u00dferdem beraten sie Kaufinteressenten \u00fcber Vor- und Nachteile verschiedener Modelle.<\/p>\n<\/section>\n<p data-display=\"all\">[Quelle: Text ist \u00fcbernommen von: <a href=\"https:\/\/web.arbeitsagentur.de\/berufenet\/beruf\/steckbrief\/27394\" target=\"_blank\" rel=\"noopener\">Arbeitsagentur, berufenet<\/a>]\n<\/div>\n","protected":false},"excerpt":{"rendered":"<p>Was macht man in diesem Beruf? Fahrradmonteure und -monteurinnen bauen Fahrr\u00e4der zusammen, warten bzw. reparieren diese oder passen sie den W\u00fcnschen der Kunden an. So stellen sie einzelne Fahrradkomponenten individuell nach Kundenwunsch zusammen oder r\u00fcsten Standardmodelle mit Zusatzteilen aus. Um<\/p>\n","protected":false},"author":1,"featured_media":2746,"parent":0,"menu_order":0,"comment_status":"closed","ping_status":"closed","template":"","meta":{"footnotes":""},"class_list":["post-2745","page","type-page","status-publish","has-post-thumbnail","hentry"],"_links":{"self":[{"href":"https:\/\/bs16.bildungssprit.de\/index.php?rest_route=\/wp\/v2\/pages\/2745","targetHints":{"allow":["GET"]}}],"collection":[{"href":"https:\/\/bs16.bildungssprit.de\/index.php?rest_route=\/wp\/v2\/pages"}],"about":[{"href":"https:\/\/bs16.bildungssprit.de\/index.php?rest_route=\/wp\/v2\/types\/page"}],"author":[{"embeddable":true,"href":"https:\/\/bs16.bildungssprit.de\/index.php?rest_route=\/wp\/v2\/users\/1"}],"replies":[{"embeddable":true,"href":"https:\/\/bs16.bildungssprit.de\/index.php?rest_route=%2Fwp%2Fv2%2Fcomments&post=2745"}],"version-history":[{"count":0,"href":"https:\/\/bs16.bildungssprit.de\/index.php?rest_route=\/wp\/v2\/pages\/2745\/revisions"}],"wp:featuredmedia":[{"embeddable":true,"href":"https:\/\/bs16.bildungssprit.de\/index.php?rest_route=\/wp\/v2\/media\/2746"}],"wp:attachment":[{"href":"https:\/\/bs16.bildungssprit.de\/index.php?rest_route=%2Fwp%2Fv2%2Fmedia&parent=2745"}],"curies":[{"name":"wp","href":"https:\/\/api.w.org\/{rel}","templated":true}]}}