{"id":3335,"date":"2015-04-01T10:54:03","date_gmt":"2015-04-01T08:54:03","guid":{"rendered":"http:\/\/autoschule.schulhomepages.hamburg.de\/?page_id=6"},"modified":"2015-04-01T10:54:03","modified_gmt":"2015-04-01T08:54:03","slug":"berufliche-schule-fahrzeugtechnik-in-hamburg","status":"publish","type":"page","link":"https:\/\/bs16.bildungssprit.de\/","title":{"rendered":"Willkommen"},"content":{"rendered":"<p>Wir sind eine der gr\u00f6\u00dften Berufsschulen f\u00fcr Kraftfahrzeugtechnik in Deutschland. In Hamburg sind wir f\u00fcr alle Auszubildenden der kraftfahrzeugtechnischen Berufe zust\u00e4ndig.<\/p>\n<ul>\n<li>Unser <a href=\"https:\/\/autoschule.hamburg.de\/die-autoschule\/kollegium\/\">Kollegium <\/a>besteht aus \u00fcber 70 Kolleginnen und Kollegen, die in den verschiedensten Fachgebieten und Schulformen t\u00e4tig sind.<\/li>\n<\/ul>\n<ul>\n<li>Die <a href=\"https:\/\/autoschule.hamburg.de\/die-autoschule\/schulleitung\/\">Schulleitung <\/a> und die Abteilungsleitungen halten den Kontakt zu allen au\u00dferschulischen Stellen und organisieren die Abl\u00e4ufe innerhalb der Schule.<\/li>\n<\/ul>\n<ul>\n<li>Unser <a href=\"https:\/\/autoschule.hamburg.de\/die-autoschule\/schulbuero\/\">Schulb\u00fcro <\/a> ist die Anlaufstelle f\u00fcr alle Anfragen und Anliegen, hier werden Sie freundlich und kompetent beraten.<\/li>\n<\/ul>\n<ul>\n<li>Das <a href=\"https:\/\/autoschule.hamburg.de\/die-autoschule\/hausmeister\/\">Hausmeisterteam<\/a> macht einen reibungslosen Schulablauf erst m\u00f6glich und sorgt, wie alle Mitarbeiter des p\u00e4dagogischen und des nicht-p\u00e4dagogischen Personals daf\u00fcr, dass die Sch\u00fclerinnen und Sch\u00fcler gern an unserer Schule lernen.<\/li>\n<\/ul>\n<p>Anfahrts- und Wegbeschreibung finden Sie unter <a href=\"https:\/\/autoschule.hamburg.de\/kontakt\/\">Kontakt<\/a>.<\/p>\n[print_link]\n","protected":false},"excerpt":{"rendered":"<p>Wir sind eine der gr\u00f6\u00dften Berufsschulen f\u00fcr Kraftfahrzeugtechnik in Deutschland. In Hamburg sind wir f\u00fcr alle Auszubildenden der kraftfahrzeugtechnischen Berufe zust\u00e4ndig. Unser Kollegium besteht aus \u00fcber 70 Kolleginnen und Kollegen, die in den verschiedensten Fachgebieten und Schulformen t\u00e4tig sind. Die<\/p>\n","protected":false},"author":1,"featured_media":0,"parent":0,"menu_order":0,"comment_status":"closed","ping_status":"closed","template":"","meta":{"footnotes":""},"class_list":["post-3335","page","type-page","status-publish","hentry"],"_links":{"self":[{"href":"https:\/\/bs16.bildungssprit.de\/index.php?rest_route=\/wp\/v2\/pages\/3335","targetHints":{"allow":["GET"]}}],"collection":[{"href":"https:\/\/bs16.bildungssprit.de\/index.php?rest_route=\/wp\/v2\/pages"}],"about":[{"href":"https:\/\/bs16.bildungssprit.de\/index.php?rest_route=\/wp\/v2\/types\/page"}],"author":[{"embeddable":true,"href":"https:\/\/bs16.bildungssprit.de\/index.php?rest_route=\/wp\/v2\/users\/1"}],"replies":[{"embeddable":true,"href":"https:\/\/bs16.bildungssprit.de\/index.php?rest_route=%2Fwp%2Fv2%2Fcomments&post=3335"}],"version-history":[{"count":0,"href":"https:\/\/bs16.bildungssprit.de\/index.php?rest_route=\/wp\/v2\/pages\/3335\/revisions"}],"wp:attachment":[{"href":"https:\/\/bs16.bildungssprit.de\/index.php?rest_route=%2Fwp%2Fv2%2Fmedia&parent=3335"}],"curies":[{"name":"wp","href":"https:\/\/api.w.org\/{rel}","templated":true}]}}