{"id":35,"date":"2015-04-25T21:05:43","date_gmt":"2015-04-25T19:05:43","guid":{"rendered":"http:\/\/autoschule.schulhomepages.hamburg.de\/?page_id=35"},"modified":"2015-04-25T21:05:43","modified_gmt":"2015-04-25T19:05:43","slug":"schulbuero","status":"publish","type":"page","link":"https:\/\/bs16.bildungssprit.de\/?page_id=35","title":{"rendered":"Schulb\u00fcro und Verwaltung"},"content":{"rendered":"<p><strong>\u00d6ffnungszeiten (Raum 1.1.14 und 1.1.13)<\/strong><strong>:<\/strong><\/p>\n<table style=\"width: 100.211%\" width=\"459\">\n<tbody>\n<tr>\n<td style=\"width: 29.9578%\">Mo &#8211; Fr<\/td>\n<td style=\"width: 70.674%\">7:30 Uhr bis 12:30 Uhr und<br \/>\n13:30 bis 15:00 Uhr<\/td>\n<\/tr>\n<tr>\n<td style=\"width: 29.9578%\">Fr<\/td>\n<td style=\"width: 70.674%\">7:30 bis 13:00 Uhr<\/td>\n<\/tr>\n<\/tbody>\n<\/table>\n<p><em>W\u00e4hrend der Hamburger Schulferien gelten gesonderte \u00d6ffnungszeiten! =&gt; Bitte rufen Sie uns vorher an.<\/em><\/p>\n<h3><strong>Schulb\u00fcro Raum 1.1.14:<\/strong><\/h3>\n<div class=\"customBox01\">\n<h2><img loading=\"lazy\" decoding=\"async\" class=\"alignleft wp-image-473\" src=\"https:\/\/autoschule.hamburg.de\/wp-content\/uploads\/sites\/162\/2016\/04\/koll-lieb-200x300.jpg\" alt=\"Frau Behncke\" width=\"150\" height=\"225\" srcset=\"https:\/\/bs16.bildungssprit.de\/wp-content\/uploads\/2016\/04\/koll-lieb-200x300.jpg 200w, https:\/\/bs16.bildungssprit.de\/wp-content\/uploads\/2016\/04\/koll-lieb.jpg 400w\" sizes=\"auto, (max-width: 150px) 100vw, 150px\" \/>Andrea Behncke<\/h2>\n<p><strong><small>Aufgabenbereiche:&nbsp; <\/small><\/strong><small>Berufsschule (alle dualen Berufe),&nbsp; Einstiegsqualifizierung, Gastsch\u00fcler und externe Sch\u00fcler<\/small><\/p>\n<p><strong>Tel:<\/strong> 040\/428 851-216<br \/>\n<strong>E-Mail:<\/strong> <a href=\"mailto:andrea.behncke@hibb.hamburg.de\">andrea.behncke@hibb.hamburg.de<\/a><\/p>\n<p><span style=\"color: #39ad0a\"><strong>Anmeldungen zur Berufsschule senden Sie bitte an:<\/strong><\/span>&nbsp;<a title=\"mailto:bs16-anmeldung@hibb.hamburg.de\" href=\"mailto:bs16-anmeldung@hibb.hamburg.de\" data-linkindex=\"1\" data-ogsc=\"\">bs16-anmeldung@hibb.hamburg.de<\/a><\/p>\n<\/div>\n<p>&nbsp;<\/p>\n<div class=\"customBox01\">\n<h2><img loading=\"lazy\" decoding=\"async\" class=\"alignleft wp-image-1915\" src=\"https:\/\/autoschule.hamburg.de\/wp-content\/uploads\/sites\/162\/2023\/04\/Alina2-200x300.jpg\" alt=\"Frau Pogrebetska\" width=\"150\" height=\"225\"\/>Alina Pogrebetska<\/h2>\n<p><small><strong>Aufgabenbereiche:<\/strong> Vollzeitschulformen AV\/AVM\/EQM\/BQ,&nbsp; <\/small><small>Fachschule Technik, Bildungs- und Teilhabepaket (BuT), Umsch\u00fcler Geb\u00fchren<\/small><\/p>\n<p><strong>Tel:<\/strong> 040\/428 851-211 und -01<br \/>\n<strong>E-Mail: <\/strong><a href=\"mailto:alina.pogrebetska@hibb.hamburg.de\">alina.pogrebetska@hibb.hamburg.de<\/a><\/p>\n<\/div>\n<p>&nbsp;<\/p>\n<div class=\"customBox01\">\n<h2><img loading=\"lazy\" decoding=\"async\" class=\"alignleft wp-image-469\" src=\"https:\/\/autoschule.hamburg.de\/wp-content\/uploads\/sites\/162\/2016\/04\/koll-bats-200x300.jpg\" alt=\"Frau Bats\" width=\"150\" height=\"225\" srcset=\"https:\/\/bs16.bildungssprit.de\/wp-content\/uploads\/2016\/04\/koll-bats-200x300.jpg 200w, https:\/\/bs16.bildungssprit.de\/wp-content\/uploads\/2016\/04\/koll-bats.jpg 400w\" sizes=\"auto, (max-width: 150px) 100vw, 150px\" \/>Tamara Bats<\/h2>\n<p><small><strong>Aufgabenbereiche:<\/strong> Finanz- und Haushaltswesen, Personalangelegenheiten<\/small><\/p>\n<p><strong>Tel:<\/strong> 040\/428 851-250<br \/>\n<strong>E-Mail:<\/strong> <a href=\"mailto:tamara.bats@hibb.hamburg.de\">tamara.bats@hibb.hamburg.de<\/a><\/p>\n<\/div>\n<p>&nbsp;<\/p>\n<h3><strong>Verwaltungsleitung Raum 1.1.13:<\/strong><\/h3>\n<div class=\"customBox01\">\n<h2>Katrin Hentschel<strong><small>&nbsp;<\/small><\/strong><\/h2>\n<p><small><strong>Aufgabenbereiche:<\/strong><br \/>\nHaushaltsangelegenheiten und Budgetverwaltung, Verwaltungsmanagement, Bauangelegenheiten<\/small><\/p>\n<p>&nbsp;<\/p>\n<p><strong>Tel:<\/strong> 040\/428 851-257<br \/>\n<strong>E-Mail:<\/strong> <a href=\"mailto:katrin.hentschel@hibb.hamburg.de\">katrin.hentschel@hibb.hamburg.de<\/a><\/p>\n<\/div>\n<p>&nbsp;<\/p>\n<p>Hier finden Sie jeweils die aktuellen <a href=\"http:\/\/www.schulferien.org\/Hamburg\/hamburg.html\" target=\"_blank\" rel=\"noopener noreferrer\">Hamburger Schulferien<\/a><\/p>\n[print_link]\n","protected":false},"excerpt":{"rendered":"<p>\u00d6ffnungszeiten (Raum 1.1.14 und 1.1.13): Mo &#8211; Fr 7:30 Uhr bis 12:30 Uhr und 13:30 bis 15:00 Uhr Fr 7:30 bis 13:00 Uhr W\u00e4hrend der Hamburger Schulferien gelten gesonderte \u00d6ffnungszeiten! =&gt; Bitte rufen Sie uns vorher an. Schulb\u00fcro Raum 1.1.14:<\/p>\n","protected":false},"author":1,"featured_media":0,"parent":3335,"menu_order":0,"comment_status":"closed","ping_status":"closed","template":"","meta":{"footnotes":""},"class_list":["post-35","page","type-page","status-publish","hentry"],"_links":{"self":[{"href":"https:\/\/bs16.bildungssprit.de\/index.php?rest_route=\/wp\/v2\/pages\/35","targetHints":{"allow":["GET"]}}],"collection":[{"href":"https:\/\/bs16.bildungssprit.de\/index.php?rest_route=\/wp\/v2\/pages"}],"about":[{"href":"https:\/\/bs16.bildungssprit.de\/index.php?rest_route=\/wp\/v2\/types\/page"}],"author":[{"embeddable":true,"href":"https:\/\/bs16.bildungssprit.de\/index.php?rest_route=\/wp\/v2\/users\/1"}],"replies":[{"embeddable":true,"href":"https:\/\/bs16.bildungssprit.de\/index.php?rest_route=%2Fwp%2Fv2%2Fcomments&post=35"}],"version-history":[{"count":0,"href":"https:\/\/bs16.bildungssprit.de\/index.php?rest_route=\/wp\/v2\/pages\/35\/revisions"}],"up":[{"embeddable":true,"href":"https:\/\/bs16.bildungssprit.de\/index.php?rest_route=\/wp\/v2\/pages\/3335"}],"wp:attachment":[{"href":"https:\/\/bs16.bildungssprit.de\/index.php?rest_route=%2Fwp%2Fv2%2Fmedia&parent=35"}],"curies":[{"name":"wp","href":"https:\/\/api.w.org\/{rel}","templated":true}]}}