{"id":461,"date":"2016-04-07T18:41:31","date_gmt":"2016-04-07T16:41:31","guid":{"rendered":"http:\/\/autoschule.schulhomepages.hamburg.de\/?page_id=461"},"modified":"2016-04-07T18:41:31","modified_gmt":"2016-04-07T16:41:31","slug":"zweiradmechatroniker-fahrradtechnik","status":"publish","type":"page","link":"https:\/\/bs16.bildungssprit.de\/?page_id=461","title":{"rendered":"Zweiradmechatroniker Fahrradtechnik"},"content":{"rendered":"<p><strong>Das Berufsbild<\/strong><\/p>\n<p>Zweiradmechatroniker\/innen mit der Fachrichtung Fahrradtechnik\u00a0 warten, reparieren und restaurieren Fahrr\u00e4der, Mofas und Kleinkraftr\u00e4der. Sie arbeiten in der Mehrzahl in kleinen Handwerksbetrieben mit gro\u00dfer Kundenbindung und Kundenn\u00e4he. Sie nehmen Umbauten und Instandsetzungsarbeiten an diesen Fahrzeugen vor, beraten die Kunden und sind auch im Verkauf und der Auftragsannahme t\u00e4tig.<\/p>\n<p><strong>Berufliche F\u00e4higkeiten<\/strong><\/p>\n<p>Zweiradmechatroniker\/innen Fahrradtechnik begeistern sich f\u00fcr alle Arten von Fahrr\u00e4dern, haben handwerkliches Geschick und interessieren sich f\u00fcr Physik, Ergonomie und Biomechanik. Sie kommunizieren gerne und sind kundenorientiert, da sie meist zugleich beraten, reparieren und verkaufen. Auch sind sie der englischen Sprache gegen\u00fcber aufgeschlossen, die ihnen in vielen Werkstatthandb\u00fcchern und anderen Zusammenh\u00e4ngen immer wieder begegnet.<\/p>\n<p><strong>Unterricht an unserer Schule<\/strong><\/p>\n<p>Die 3,5-j\u00e4hrige Ausbildung erfolgt dual, das hei\u00dft, der\/die Zweiradmechatroniker\/in schlie\u00dft mit einem Ausbildungsbetrieb einen Ausbildungsvertrag ab. Der Schulunterricht erfolgt in eigenen Klassen- und Fachr\u00e4umen mit einem hohen Ma\u00df an selbstverantwortlichem Lernen. Unsere Schule besitzt viele eigene Fahrr\u00e4der, Rahmen und Aggregate f\u00fcr einen handlungs- und sch\u00fclerorientierten Unterricht. Neben dem <em>lernfeldbasiertem Fachunterricht<\/em> bieten die F\u00e4cher <em>Fachenglisch<\/em>, <em>Sprache und Kommunikation<\/em> und <em>Wirtschaft und Gesellschaft<\/em> fachbezogene Unterst\u00fctzung f\u00fcr den erfolgreichen Abschluss der Ausbildung. Im Fachunterricht werden zwei Jahre Fahrradthemen und ein Jahr Themen motorisierter Zweir\u00e4der bearbeitet.<\/p>\n<p><strong>Der Fahrradmonteur<\/strong><\/p>\n<p>Eine verk\u00fcrzte, zweij\u00e4hrige ebenfalls duale Ausbildung ist die Ausbildung zum Fahrradmonteur. Diese Sch\u00fclerinnen und Sch\u00fcler besch\u00e4ftigen sich ausschlie\u00dflich mit Fahrradthemen und -inhalten. Der Unterricht erfolgt in eigenen Klassen<\/p>\n<p><strong>Ansprechpartner<\/strong><\/p>\n<p>Siehe Seitenleiste rechts.<\/p>\n<p>&nbsp;<\/p>\n[print_link]\n","protected":false},"excerpt":{"rendered":"<p>Das Berufsbild Zweiradmechatroniker\/innen mit der Fachrichtung Fahrradtechnik\u00a0 warten, reparieren und restaurieren Fahrr\u00e4der, Mofas und Kleinkraftr\u00e4der. Sie arbeiten in der Mehrzahl in kleinen Handwerksbetrieben mit gro\u00dfer Kundenbindung und Kundenn\u00e4he. Sie nehmen Umbauten und Instandsetzungsarbeiten an diesen Fahrzeugen vor, beraten die Kunden<\/p>\n","protected":false},"author":1,"featured_media":168,"parent":194,"menu_order":0,"comment_status":"closed","ping_status":"closed","template":"","meta":{"footnotes":""},"class_list":["post-461","page","type-page","status-publish","has-post-thumbnail","hentry"],"_links":{"self":[{"href":"https:\/\/bs16.bildungssprit.de\/index.php?rest_route=\/wp\/v2\/pages\/461","targetHints":{"allow":["GET"]}}],"collection":[{"href":"https:\/\/bs16.bildungssprit.de\/index.php?rest_route=\/wp\/v2\/pages"}],"about":[{"href":"https:\/\/bs16.bildungssprit.de\/index.php?rest_route=\/wp\/v2\/types\/page"}],"author":[{"embeddable":true,"href":"https:\/\/bs16.bildungssprit.de\/index.php?rest_route=\/wp\/v2\/users\/1"}],"replies":[{"embeddable":true,"href":"https:\/\/bs16.bildungssprit.de\/index.php?rest_route=%2Fwp%2Fv2%2Fcomments&post=461"}],"version-history":[{"count":0,"href":"https:\/\/bs16.bildungssprit.de\/index.php?rest_route=\/wp\/v2\/pages\/461\/revisions"}],"up":[{"embeddable":true,"href":"https:\/\/bs16.bildungssprit.de\/index.php?rest_route=\/wp\/v2\/pages\/194"}],"wp:featuredmedia":[{"embeddable":true,"href":"https:\/\/bs16.bildungssprit.de\/index.php?rest_route=\/wp\/v2\/media\/168"}],"wp:attachment":[{"href":"https:\/\/bs16.bildungssprit.de\/index.php?rest_route=%2Fwp%2Fv2%2Fmedia&parent=461"}],"curies":[{"name":"wp","href":"https:\/\/api.w.org\/{rel}","templated":true}]}}