{"id":545,"date":"2016-12-06T10:56:08","date_gmt":"2016-12-06T09:56:08","guid":{"rendered":"http:\/\/autoschule.schulhomepages.hamburg.de\/?page_id=545"},"modified":"2016-12-06T10:56:08","modified_gmt":"2016-12-06T09:56:08","slug":"schulverein","status":"publish","type":"page","link":"https:\/\/bs16.bildungssprit.de\/?page_id=545","title":{"rendered":"Schulverein"},"content":{"rendered":"<p>Der Schulverein der Beruflichen Schule Fahrzeugtechnik ist ein gemeinn\u00fctziger Verein zur F\u00f6rderung und Unterst\u00fctzung der Sch\u00fclerinnen und Sch\u00fcler bei Schulfahrten, Klassenreisen oder Sch\u00fcleraustauschen. Auch andere Vorhaben, wie unsere&nbsp;gro\u00dfen Kanadier-Boote &#8222;Otto&#8220; und &#8222;Diesel&#8220;, k\u00f6nnen unterst\u00fctzt werden.<\/p>\n<p>Der Schulverein verwahrt und verwaltet die Einnahmen seiner Mitglieder und die Zuwendungen der Sch\u00fclerinnen und Sch\u00fcler in einem &#8222;Solidarischen Topf&#8220;. Daraus k\u00f6nnen die oben genannten Vorhaben auf Antrag gef\u00f6rdert werden.<\/p>\n<p>Die Mitglieder des Schulvereins arbeiten ehrenamtlich. Ausbilder aus den Betrieben und auch Lehrer sind Mitglieder im Schulverein und zahlen ihren Jahresbeitrag. Die Klassenlehrer sollten ihre&nbsp;Sch\u00fclerinnen und Sch\u00fcler zu Schulbeginn auffordern, die Arbeit des Schulvereins mit einer f\u00fcr alle gleichen Zuwendung zu unterst\u00fctzen. Nur dann kann die Klasse sp\u00e4ter auch etwas aus dem gemeinsamen Topf erwarten.&nbsp;Die Schule bildet somit eine kleine Solidargemeinschaft.<\/p>\n<p>Die Mitglieder des Vorstandes des Schulvereins sind auch gleichzeitig die Ansprechpartner: J\u00f6rn Winzer, Alf Strau\u00df, Manfred Kien und Thomas K\u00f6lbel. Wer sie erreichen m\u00f6chte, kann eine Nachricht in ihr Fach im Lehrerzimmer legen oder legen lassen. Selbstverst\u00e4ndlich geht auch die elektronische Post per E-Mail:<\/p>\n<p>E-Mail: <a href=\"mailto:Schulverein@Kfz-Schule.de\">Schulverein@Kfz-Schule.de<\/a><\/p>\n<p>Die Bankverbindung des Schulvereins bei der HASPA lautet:<br \/>\nIBAN: DE29 2005 0550 1286 1133 92<br \/>\nBIC: HASPDEHHXXX<\/p>\n[print_link]\n","protected":false},"excerpt":{"rendered":"<p>Der Schulverein der Beruflichen Schule Fahrzeugtechnik ist ein gemeinn\u00fctziger Verein zur F\u00f6rderung und Unterst\u00fctzung der Sch\u00fclerinnen und Sch\u00fcler bei Schulfahrten, Klassenreisen oder Sch\u00fcleraustauschen. Auch andere Vorhaben, wie unsere&nbsp;gro\u00dfen Kanadier-Boote &#8222;Otto&#8220; und &#8222;Diesel&#8220;, k\u00f6nnen unterst\u00fctzt werden. Der Schulverein verwahrt und verwaltet<\/p>\n","protected":false},"author":1,"featured_media":150,"parent":3335,"menu_order":0,"comment_status":"closed","ping_status":"closed","template":"","meta":{"footnotes":""},"class_list":["post-545","page","type-page","status-publish","has-post-thumbnail","hentry"],"_links":{"self":[{"href":"https:\/\/bs16.bildungssprit.de\/index.php?rest_route=\/wp\/v2\/pages\/545","targetHints":{"allow":["GET"]}}],"collection":[{"href":"https:\/\/bs16.bildungssprit.de\/index.php?rest_route=\/wp\/v2\/pages"}],"about":[{"href":"https:\/\/bs16.bildungssprit.de\/index.php?rest_route=\/wp\/v2\/types\/page"}],"author":[{"embeddable":true,"href":"https:\/\/bs16.bildungssprit.de\/index.php?rest_route=\/wp\/v2\/users\/1"}],"replies":[{"embeddable":true,"href":"https:\/\/bs16.bildungssprit.de\/index.php?rest_route=%2Fwp%2Fv2%2Fcomments&post=545"}],"version-history":[{"count":0,"href":"https:\/\/bs16.bildungssprit.de\/index.php?rest_route=\/wp\/v2\/pages\/545\/revisions"}],"up":[{"embeddable":true,"href":"https:\/\/bs16.bildungssprit.de\/index.php?rest_route=\/wp\/v2\/pages\/3335"}],"wp:featuredmedia":[{"embeddable":true,"href":"https:\/\/bs16.bildungssprit.de\/index.php?rest_route=\/wp\/v2\/media\/150"}],"wp:attachment":[{"href":"https:\/\/bs16.bildungssprit.de\/index.php?rest_route=%2Fwp%2Fv2%2Fmedia&parent=545"}],"curies":[{"name":"wp","href":"https:\/\/api.w.org\/{rel}","templated":true}]}}