{"id":590,"date":"2017-02-21T12:31:57","date_gmt":"2017-02-21T11:31:57","guid":{"rendered":"http:\/\/autoschule.schulhomepages.hamburg.de\/?page_id=590"},"modified":"2017-02-21T12:31:57","modified_gmt":"2017-02-21T11:31:57","slug":"land-und-baumaschinenmechatronikerin","status":"publish","type":"page","link":"https:\/\/bs16.bildungssprit.de\/?page_id=590","title":{"rendered":"Land- und Baumaschinenmechatroniker\/in"},"content":{"rendered":"<p><strong>Das Berufsbild<\/strong><\/p>\n<p>Radlader reparieren, Kettens\u00e4gen instand setzen, Aufsitzm\u00e4her warten oder gro\u00dfe Hafenfahrzeuge betreuen: Das Berufsbild des Land- und Baumaschinenmechatronikers ist sehr vielseitig. Genauso abwechslungsreich wie die T\u00e4tigkeiten sind auch die Maschinen, die&nbsp;betreut werden: von der Motors\u00e4ge oder dem Rasenm\u00e4her bis hin zur Hafenameise, einem Stra\u00dfenfegerfahrzeug oder einem gro\u00dfen Containerverladefahrzeug (VAN-Carreer) im Hamburger Hafen. &nbsp;Viele Auft\u00e4ge m\u00fcssen beim Kunden vor Ort erledigt werden. Da sind Flexibilit\u00e4t, Kundenverst\u00e4ndnis und gute Umgangsformen notwendige Einstellungsvoraussetzungen.<\/p>\n<p><strong>Berufliche F\u00e4higkeiten<\/strong><\/p>\n<p>Sie m\u00fcssen Spa\u00df an abwechslungsreichen T\u00e4tigkeiten haben, Sie m\u00fcssen sowohl mechanische, hydraulische wie auch elektrische Aufgaben erledigen. Mussten Sie eben noch Fehler in elektronischen Bauteilen finden und beseitigen, so stehen danach vielleicht Schwei\u00dfarbeiten oder ein \u00d6lwechsel an. Land- und Baumaschinenmechatroniker\/innen arbeiten sehr selbstst\u00e4ndig bei jedem Wind und Wetter und haben keine Angst, auch schmutzig zu werden. Sie dokumentieren ihre durchgef\u00fchrten Arbeiten und Wartungsschritte und sind h\u00e4ufig im Au\u00dfendienst auf der Baustelle allein unterwegs und auch allein verantwortlich. Wem diese Aufgaben reizen, der findet einen interessanten Lehrberuf mit guten \u00dcbernahmechancen vor.<\/p>\n<p><strong>Unterricht an unserer Berufsschule<\/strong><\/p>\n<p>Der Unterricht findet in so genannten Lernfeldern statt. Diese ber\u00fccksichtigen die berufliche Vielfalt. Selbstst\u00e4ndige Mitarbeit wird in der Berufsschule von Anfang an erwartet. Mit Hilfe von Herstellerunterlagen m\u00fcssen L\u00f6sungen gefunden werden. Den Sch\u00fclerinnen und Sch\u00fclern stehen w\u00e4hrend der Ausbildung eine Vielzahl von schuleigenen Fahrzeugen und Maschinen zur Verf\u00fcgung: ein Minibagger, vier Anh\u00e4nger, Trennschneider und vorinstallierte Beleuchtungsanlagen sind in der gro\u00dfz\u00fcgig ausgestatteten eigenen Werkhalle vorhanden. Auch konstruktive Aufgaben sind Bestandteil der Ausbildung und erfordern umfangreiche Kenntnisse der Fertigungstechnik. Die Ausbildung dauert 3,5 Jahre.<\/p>\n<p><strong>Der Beruf des Land- und Baumaschinenmechatronikers im Film<\/strong><\/p>\n<p><iframe loading=\"lazy\" src=\"https:\/\/www.youtube.com\/embed\/o7bkWlYvD4s?feature=player_embedded\" width=\"640\" height=\"360\" frameborder=\"0\" allowfullscreen=\"allowfullscreen\"><\/iframe><\/p>\n<p><strong>Ansprechpartner<\/strong><\/p>\n<div class=\"customBox01\">\n<h2>Alf Strau\u00df<\/h2>\n<p><img loading=\"lazy\" decoding=\"async\" class=\"alignnone size-full wp-image-303\" src=\"https:\/\/autoschule.hamburg.de\/wp-content\/uploads\/sites\/162\/2015\/04\/phone.png\" alt=\"phone\" width=\"32\" height=\"32\"\/> 040\/428851-260<\/p>\n<p><img loading=\"lazy\" decoding=\"async\" class=\"alignnone size-full wp-image-302\" src=\"https:\/\/autoschule.hamburg.de\/wp-content\/uploads\/sites\/162\/2015\/04\/email.png\" alt=\"email\" width=\"32\" height=\"32\"\/> <a href=\"mailto:alf.strauss@bs16.de\">alf.strauss@bs16.de<\/a><\/p>\n<\/div>\n<p>&nbsp;<\/p>\n<div class=\"customBox01\">\n<h2>Manfred Kien<\/h2>\n<p><img loading=\"lazy\" decoding=\"async\" class=\"alignnone size-full wp-image-303\" src=\"https:\/\/autoschule.hamburg.de\/wp-content\/uploads\/sites\/162\/2015\/04\/phone.png\" alt=\"phone\" width=\"32\" height=\"32\"\/> 040\/428851-260<\/p>\n<p><img loading=\"lazy\" decoding=\"async\" class=\"alignnone size-full wp-image-302\" src=\"https:\/\/autoschule.hamburg.de\/wp-content\/uploads\/sites\/162\/2015\/04\/email.png\" alt=\"email\" width=\"32\" height=\"32\"\/> <a href=\"mailto:manfred.kien@bs16.de\">manfred.kien@bs16.de<\/a><\/p>\n<\/div>\n<p>&nbsp;<\/p>\n<p><strong>Bildergalerie<\/strong><\/p>\n<div id='gallery-1' class='gallery galleryid-590 gallery-columns-3 gallery-size-medium'><figure class='gallery-item'>\n\t\t\t<div class='gallery-icon landscape'>\n\t\t\t\t<a href='https:\/\/bs16.bildungssprit.de\/?attachment_id=138'><img loading=\"lazy\" decoding=\"async\" width=\"300\" height=\"225\" src=\"https:\/\/bs16.bildungssprit.de\/wp-content\/uploads\/2015\/11\/lbm-radlader-03-e1448491533604-300x225.jpg\" class=\"attachment-medium size-medium\" alt=\"Sch\u00fclergespr\u00e4ch an der Radladerschaufel\" aria-describedby=\"gallery-1-138\" srcset=\"https:\/\/bs16.bildungssprit.de\/wp-content\/uploads\/2015\/11\/lbm-radlader-03-e1448491533604-300x225.jpg 300w, https:\/\/bs16.bildungssprit.de\/wp-content\/uploads\/2015\/11\/lbm-radlader-03-e1448491533604.jpg 640w\" sizes=\"auto, (max-width: 300px) 100vw, 300px\" \/><\/a>\n\t\t\t<\/div>\n\t\t\t\t<figcaption class='wp-caption-text gallery-caption' id='gallery-1-138'>\n\t\t\t\tSch\u00fcler am Radlader\n\t\t\t\t<\/figcaption><\/figure><figure class='gallery-item'>\n\t\t\t<div class='gallery-icon landscape'>\n\t\t\t\t<a href='https:\/\/bs16.bildungssprit.de\/?attachment_id=137'><img loading=\"lazy\" decoding=\"async\" width=\"300\" height=\"225\" src=\"https:\/\/bs16.bildungssprit.de\/wp-content\/uploads\/2015\/11\/lbm-radlader-02-300x225.jpg\" class=\"attachment-medium size-medium\" alt=\"Erkl\u00e4rungen am radlader\" aria-describedby=\"gallery-1-137\" srcset=\"https:\/\/bs16.bildungssprit.de\/wp-content\/uploads\/2015\/11\/lbm-radlader-02-300x225.jpg 300w, https:\/\/bs16.bildungssprit.de\/wp-content\/uploads\/2015\/11\/lbm-radlader-02-1024x768.jpg 1024w, https:\/\/bs16.bildungssprit.de\/wp-content\/uploads\/2015\/11\/lbm-radlader-02-768x576.jpg 768w, https:\/\/bs16.bildungssprit.de\/wp-content\/uploads\/2015\/11\/lbm-radlader-02-1536x1152.jpg 1536w, https:\/\/bs16.bildungssprit.de\/wp-content\/uploads\/2015\/11\/lbm-radlader-02-2048x1536.jpg 2048w\" sizes=\"auto, (max-width: 300px) 100vw, 300px\" \/><\/a>\n\t\t\t<\/div>\n\t\t\t\t<figcaption class='wp-caption-text gallery-caption' id='gallery-1-137'>\n\t\t\t\tArbeiten am Radlader\n\t\t\t\t<\/figcaption><\/figure><figure class='gallery-item'>\n\t\t\t<div class='gallery-icon landscape'>\n\t\t\t\t<a href='https:\/\/bs16.bildungssprit.de\/?attachment_id=136'><img loading=\"lazy\" decoding=\"async\" width=\"300\" height=\"225\" src=\"https:\/\/bs16.bildungssprit.de\/wp-content\/uploads\/2015\/11\/lbm-radlader-01-300x225.jpg\" class=\"attachment-medium size-medium\" alt=\"Arbeiten am Radlader\" aria-describedby=\"gallery-1-136\" srcset=\"https:\/\/bs16.bildungssprit.de\/wp-content\/uploads\/2015\/11\/lbm-radlader-01-300x225.jpg 300w, https:\/\/bs16.bildungssprit.de\/wp-content\/uploads\/2015\/11\/lbm-radlader-01-1024x768.jpg 1024w, https:\/\/bs16.bildungssprit.de\/wp-content\/uploads\/2015\/11\/lbm-radlader-01-768x576.jpg 768w, https:\/\/bs16.bildungssprit.de\/wp-content\/uploads\/2015\/11\/lbm-radlader-01-1536x1152.jpg 1536w, https:\/\/bs16.bildungssprit.de\/wp-content\/uploads\/2015\/11\/lbm-radlader-01-2048x1536.jpg 2048w\" sizes=\"auto, (max-width: 300px) 100vw, 300px\" \/><\/a>\n\t\t\t<\/div>\n\t\t\t\t<figcaption class='wp-caption-text gallery-caption' id='gallery-1-136'>\n\t\t\t\tUnterricht am Radlader\n\t\t\t\t<\/figcaption><\/figure><figure class='gallery-item'>\n\t\t\t<div class='gallery-icon landscape'>\n\t\t\t\t<a href='https:\/\/bs16.bildungssprit.de\/?attachment_id=135'><img loading=\"lazy\" decoding=\"async\" width=\"300\" height=\"225\" src=\"https:\/\/bs16.bildungssprit.de\/wp-content\/uploads\/2015\/11\/lbm-messen-03-300x225.jpg\" class=\"attachment-medium size-medium\" alt=\"Arbeiten und messen in der Werkhalle\" aria-describedby=\"gallery-1-135\" srcset=\"https:\/\/bs16.bildungssprit.de\/wp-content\/uploads\/2015\/11\/lbm-messen-03-300x225.jpg 300w, https:\/\/bs16.bildungssprit.de\/wp-content\/uploads\/2015\/11\/lbm-messen-03-1024x768.jpg 1024w, https:\/\/bs16.bildungssprit.de\/wp-content\/uploads\/2015\/11\/lbm-messen-03-768x576.jpg 768w, https:\/\/bs16.bildungssprit.de\/wp-content\/uploads\/2015\/11\/lbm-messen-03-1536x1152.jpg 1536w, https:\/\/bs16.bildungssprit.de\/wp-content\/uploads\/2015\/11\/lbm-messen-03-2048x1536.jpg 2048w\" sizes=\"auto, (max-width: 300px) 100vw, 300px\" \/><\/a>\n\t\t\t<\/div>\n\t\t\t\t<figcaption class='wp-caption-text gallery-caption' id='gallery-1-135'>\n\t\t\t\tMessen in der Werkhalle\n\t\t\t\t<\/figcaption><\/figure><figure class='gallery-item'>\n\t\t\t<div class='gallery-icon landscape'>\n\t\t\t\t<a href='https:\/\/bs16.bildungssprit.de\/?attachment_id=134'><img loading=\"lazy\" decoding=\"async\" width=\"300\" height=\"225\" src=\"https:\/\/bs16.bildungssprit.de\/wp-content\/uploads\/2015\/11\/lbm-messen-02-300x225.jpg\" class=\"attachment-medium size-medium\" alt=\"Anh\u00e4ngersteckdose verdrahten\" aria-describedby=\"gallery-1-134\" srcset=\"https:\/\/bs16.bildungssprit.de\/wp-content\/uploads\/2015\/11\/lbm-messen-02-300x225.jpg 300w, https:\/\/bs16.bildungssprit.de\/wp-content\/uploads\/2015\/11\/lbm-messen-02-1024x768.jpg 1024w, https:\/\/bs16.bildungssprit.de\/wp-content\/uploads\/2015\/11\/lbm-messen-02-768x576.jpg 768w, https:\/\/bs16.bildungssprit.de\/wp-content\/uploads\/2015\/11\/lbm-messen-02-1536x1152.jpg 1536w, https:\/\/bs16.bildungssprit.de\/wp-content\/uploads\/2015\/11\/lbm-messen-02-2048x1536.jpg 2048w\" sizes=\"auto, (max-width: 300px) 100vw, 300px\" \/><\/a>\n\t\t\t<\/div>\n\t\t\t\t<figcaption class='wp-caption-text gallery-caption' id='gallery-1-134'>\n\t\t\t\t Arbeiten am Anh\u00e4nger\n\t\t\t\t<\/figcaption><\/figure><figure class='gallery-item'>\n\t\t\t<div class='gallery-icon landscape'>\n\t\t\t\t<a href='https:\/\/bs16.bildungssprit.de\/?attachment_id=133'><img loading=\"lazy\" decoding=\"async\" width=\"300\" height=\"225\" src=\"https:\/\/bs16.bildungssprit.de\/wp-content\/uploads\/2015\/11\/lbm-messen-01-300x225.jpg\" class=\"attachment-medium size-medium\" alt=\"Mess\u00fcbungen\" aria-describedby=\"gallery-1-133\" srcset=\"https:\/\/bs16.bildungssprit.de\/wp-content\/uploads\/2015\/11\/lbm-messen-01-300x225.jpg 300w, https:\/\/bs16.bildungssprit.de\/wp-content\/uploads\/2015\/11\/lbm-messen-01-1024x768.jpg 1024w, https:\/\/bs16.bildungssprit.de\/wp-content\/uploads\/2015\/11\/lbm-messen-01-768x576.jpg 768w, https:\/\/bs16.bildungssprit.de\/wp-content\/uploads\/2015\/11\/lbm-messen-01-1536x1152.jpg 1536w, https:\/\/bs16.bildungssprit.de\/wp-content\/uploads\/2015\/11\/lbm-messen-01-2048x1536.jpg 2048w\" sizes=\"auto, (max-width: 300px) 100vw, 300px\" \/><\/a>\n\t\t\t<\/div>\n\t\t\t\t<figcaption class='wp-caption-text gallery-caption' id='gallery-1-133'>\n\t\t\t\tMess\u00fcbungen\n\t\t\t\t<\/figcaption><\/figure><figure class='gallery-item'>\n\t\t\t<div class='gallery-icon landscape'>\n\t\t\t\t<a href='https:\/\/bs16.bildungssprit.de\/?attachment_id=132'><img loading=\"lazy\" decoding=\"async\" width=\"300\" height=\"225\" src=\"https:\/\/bs16.bildungssprit.de\/wp-content\/uploads\/2015\/11\/lbm-am-modell-01-300x225.jpg\" class=\"attachment-medium size-medium\" alt=\"Erl\u00e4uterungen am Schnittmodell\" aria-describedby=\"gallery-1-132\" srcset=\"https:\/\/bs16.bildungssprit.de\/wp-content\/uploads\/2015\/11\/lbm-am-modell-01-300x225.jpg 300w, https:\/\/bs16.bildungssprit.de\/wp-content\/uploads\/2015\/11\/lbm-am-modell-01-1024x768.jpg 1024w, https:\/\/bs16.bildungssprit.de\/wp-content\/uploads\/2015\/11\/lbm-am-modell-01-768x576.jpg 768w, https:\/\/bs16.bildungssprit.de\/wp-content\/uploads\/2015\/11\/lbm-am-modell-01.jpg 1330w\" sizes=\"auto, (max-width: 300px) 100vw, 300px\" \/><\/a>\n\t\t\t<\/div>\n\t\t\t\t<figcaption class='wp-caption-text gallery-caption' id='gallery-1-132'>\n\t\t\t\tLernen am Schnittmodell\n\t\t\t\t<\/figcaption><\/figure><figure class='gallery-item'>\n\t\t\t<div class='gallery-icon landscape'>\n\t\t\t\t<a href='https:\/\/bs16.bildungssprit.de\/?attachment_id=73'><img loading=\"lazy\" decoding=\"async\" width=\"300\" height=\"225\" src=\"https:\/\/bs16.bildungssprit.de\/wp-content\/uploads\/2015\/11\/akt-75jahrfeier-2011-05-300x225.jpg\" class=\"attachment-medium size-medium\" alt=\"Land- und Baumaschinen auf dem Schulhof w\u00e4hrend der 75-Jahr-Feier\" aria-describedby=\"gallery-1-73\" srcset=\"https:\/\/bs16.bildungssprit.de\/wp-content\/uploads\/2015\/11\/akt-75jahrfeier-2011-05-300x225.jpg 300w, https:\/\/bs16.bildungssprit.de\/wp-content\/uploads\/2015\/11\/akt-75jahrfeier-2011-05-1024x768.jpg 1024w, https:\/\/bs16.bildungssprit.de\/wp-content\/uploads\/2015\/11\/akt-75jahrfeier-2011-05-768x576.jpg 768w, https:\/\/bs16.bildungssprit.de\/wp-content\/uploads\/2015\/11\/akt-75jahrfeier-2011-05-1536x1152.jpg 1536w, https:\/\/bs16.bildungssprit.de\/wp-content\/uploads\/2015\/11\/akt-75jahrfeier-2011-05-2048x1536.jpg 2048w\" sizes=\"auto, (max-width: 300px) 100vw, 300px\" \/><\/a>\n\t\t\t<\/div>\n\t\t\t\t<figcaption class='wp-caption-text gallery-caption' id='gallery-1-73'>\n\t\t\t\tLand- und Baumaschinen auf dem Schulhof\n\t\t\t\t<\/figcaption><\/figure>\n\t\t<\/div>\n\n<p>&nbsp;<\/p>\n[print_link]\n","protected":false},"excerpt":{"rendered":"<p>Das Berufsbild Radlader reparieren, Kettens\u00e4gen instand setzen, Aufsitzm\u00e4her warten oder gro\u00dfe Hafenfahrzeuge betreuen: Das Berufsbild des Land- und Baumaschinenmechatronikers ist sehr vielseitig. Genauso abwechslungsreich wie die T\u00e4tigkeiten sind auch die Maschinen, die&nbsp;betreut werden: von der Motors\u00e4ge oder dem Rasenm\u00e4her bis<\/p>\n","protected":false},"author":1,"featured_media":137,"parent":194,"menu_order":0,"comment_status":"closed","ping_status":"closed","template":"","meta":{"footnotes":""},"class_list":["post-590","page","type-page","status-publish","has-post-thumbnail","hentry"],"_links":{"self":[{"href":"https:\/\/bs16.bildungssprit.de\/index.php?rest_route=\/wp\/v2\/pages\/590","targetHints":{"allow":["GET"]}}],"collection":[{"href":"https:\/\/bs16.bildungssprit.de\/index.php?rest_route=\/wp\/v2\/pages"}],"about":[{"href":"https:\/\/bs16.bildungssprit.de\/index.php?rest_route=\/wp\/v2\/types\/page"}],"author":[{"embeddable":true,"href":"https:\/\/bs16.bildungssprit.de\/index.php?rest_route=\/wp\/v2\/users\/1"}],"replies":[{"embeddable":true,"href":"https:\/\/bs16.bildungssprit.de\/index.php?rest_route=%2Fwp%2Fv2%2Fcomments&post=590"}],"version-history":[{"count":0,"href":"https:\/\/bs16.bildungssprit.de\/index.php?rest_route=\/wp\/v2\/pages\/590\/revisions"}],"up":[{"embeddable":true,"href":"https:\/\/bs16.bildungssprit.de\/index.php?rest_route=\/wp\/v2\/pages\/194"}],"wp:featuredmedia":[{"embeddable":true,"href":"https:\/\/bs16.bildungssprit.de\/index.php?rest_route=\/wp\/v2\/media\/137"}],"wp:attachment":[{"href":"https:\/\/bs16.bildungssprit.de\/index.php?rest_route=%2Fwp%2Fv2%2Fmedia&parent=590"}],"curies":[{"name":"wp","href":"https:\/\/api.w.org\/{rel}","templated":true}]}}