{"id":591,"date":"2017-03-21T11:01:20","date_gmt":"2017-03-21T10:01:20","guid":{"rendered":"http:\/\/autoschule.schulhomepages.hamburg.de\/?page_id=591"},"modified":"2017-03-21T11:01:20","modified_gmt":"2017-03-21T10:01:20","slug":"pruefungswesen","status":"publish","type":"page","link":"https:\/\/bs16.bildungssprit.de\/?page_id=591","title":{"rendered":"Pr\u00fcfungswesen"},"content":{"rendered":"<p>Als Berufliche Schule Fahrzeugtechnik sind wir zusammen mit der Kfz-Innung Hamburg im Pr\u00fcfungswesen Vorreiter f\u00fcr Onlinepr\u00fcfungen in der Bundesrepublik Deutschland.<\/p>\n<p>Zweimal im Jahr werden die angehenden Kfz-Mechatroniker am Elbcampus in Hamburg-Harburg direkt am PC auf ihre Kenntnisse in den beiden Teilen der Gesellenpr\u00fcfungen gepr\u00fcft: Bis zu 300 Auszubildende bearbeiten dann drei bzw. f\u00fcnf handlungsorientierte Pr\u00fcfungsaufgaben mit Hilfe eines ebenfalls rechnergest\u00fctzten Werkstattinformationssystems. Die Pr\u00fcfungsleistungen werden anschlie\u00dfend vollautomatisiert ausgewertet .<\/p>\n<figure id=\"attachment_593\" aria-describedby=\"caption-attachment-593\" style=\"width: 991px\" class=\"wp-caption alignnone\"><a href=\"https:\/\/autoschule.hamburg.de\/wp-content\/uploads\/sites\/162\/2017\/02\/pruefungswesen-02.jpg\"><img loading=\"lazy\" decoding=\"async\" class=\"wp-image-593 size-full\" src=\"https:\/\/autoschule.hamburg.de\/wp-content\/uploads\/sites\/162\/2017\/02\/pruefungswesen-02.jpg\" alt=\"Sie sehen Texte und Zeichnungen eines PC-basierten Informationssystems\" width=\"991\" height=\"596\" srcset=\"https:\/\/bs16.bildungssprit.de\/wp-content\/uploads\/2017\/02\/pruefungswesen-02.jpg 991w, https:\/\/bs16.bildungssprit.de\/wp-content\/uploads\/2017\/02\/pruefungswesen-02-300x180.jpg 300w, https:\/\/bs16.bildungssprit.de\/wp-content\/uploads\/2017\/02\/pruefungswesen-02-768x462.jpg 768w\" sizes=\"auto, (max-width: 991px) 100vw, 991px\" \/><\/a><figcaption id=\"caption-attachment-593\" class=\"wp-caption-text\">Blick in ein PC-basiertes Informationssystem<\/figcaption><\/figure>\n<p>Hamburg hat diese Pr\u00fcfungsform als einziger Landesverband dauerhaft installiert und f\u00fchrt sie mit Erfolg und hoher Prozesssicherheit durch.<\/p>\n<p>Verantwortlich f\u00fcr das Pr\u00fcfungswesen im Bereich der Kfz-Mechatroniker sind an der Kfz-Innung Hamburg (Billstra\u00dfe 41) Sandra Moldenhauer und Andreas Weingart, an der Beruflichen Schule Fahrzeugtechnik Michael von Werder.<\/p>\n<ul>\n<li><a href=\"https:\/\/www.learn-cloud.de\/opal\/auth\/RepositoryEntry\/2053636096\" target=\"_blank\" rel=\"noopener\">Link zu einer Demopr\u00fcfung f\u00fcr Teil 2 Handwerkskammerpr\u00fcfung<\/a><\/li>\n<li><a href=\"https:\/\/drive.google.com\/drive\/folders\/19vsXjLqeOXZVrZxPzdNMHAv5a3Jxr-TW?usp=sharing\" target=\"_blank\" rel=\"noopener\">Link zum Download der ESI(tronic) 2.0 Demo<\/a><\/li>\n<\/ul>\n<p><strong> Ansprechpartner:<\/strong><\/p>\n<p>Sandra Moldenhauer &amp; Andreas Weingart &amp; Michael von Werder<\/p>\n<p>&nbsp;<\/p>\n[print_link]\n<p>&nbsp;<\/p>\n","protected":false},"excerpt":{"rendered":"<p>Als Berufliche Schule Fahrzeugtechnik sind wir zusammen mit der Kfz-Innung Hamburg im Pr\u00fcfungswesen Vorreiter f\u00fcr Onlinepr\u00fcfungen in der Bundesrepublik Deutschland. Zweimal im Jahr werden die angehenden Kfz-Mechatroniker am Elbcampus in Hamburg-Harburg direkt am PC auf ihre Kenntnisse in den beiden<\/p>\n","protected":false},"author":1,"featured_media":602,"parent":0,"menu_order":0,"comment_status":"closed","ping_status":"closed","template":"","meta":{"footnotes":""},"class_list":["post-591","page","type-page","status-publish","has-post-thumbnail","hentry"],"_links":{"self":[{"href":"https:\/\/bs16.bildungssprit.de\/index.php?rest_route=\/wp\/v2\/pages\/591","targetHints":{"allow":["GET"]}}],"collection":[{"href":"https:\/\/bs16.bildungssprit.de\/index.php?rest_route=\/wp\/v2\/pages"}],"about":[{"href":"https:\/\/bs16.bildungssprit.de\/index.php?rest_route=\/wp\/v2\/types\/page"}],"author":[{"embeddable":true,"href":"https:\/\/bs16.bildungssprit.de\/index.php?rest_route=\/wp\/v2\/users\/1"}],"replies":[{"embeddable":true,"href":"https:\/\/bs16.bildungssprit.de\/index.php?rest_route=%2Fwp%2Fv2%2Fcomments&post=591"}],"version-history":[{"count":0,"href":"https:\/\/bs16.bildungssprit.de\/index.php?rest_route=\/wp\/v2\/pages\/591\/revisions"}],"wp:featuredmedia":[{"embeddable":true,"href":"https:\/\/bs16.bildungssprit.de\/index.php?rest_route=\/wp\/v2\/media\/602"}],"wp:attachment":[{"href":"https:\/\/bs16.bildungssprit.de\/index.php?rest_route=%2Fwp%2Fv2%2Fmedia&parent=591"}],"curies":[{"name":"wp","href":"https:\/\/api.w.org\/{rel}","templated":true}]}}