{"id":687,"date":"2017-07-04T10:58:07","date_gmt":"2017-07-04T08:58:07","guid":{"rendered":"http:\/\/autoschule.schulhomepages.hamburg.de\/?page_id=687"},"modified":"2017-07-04T10:58:07","modified_gmt":"2017-07-04T08:58:07","slug":"ausbildungsvorbereitung-fuer-migranten-dual","status":"publish","type":"page","link":"https:\/\/bs16.bildungssprit.de\/?page_id=687","title":{"rendered":"Ausbildungsvorbereitung f\u00fcr Migrant*innen (Dual)"},"content":{"rendered":"<p><strong>Zweij\u00e4hriger Bildungsgang f\u00fcr neu zugewanderte Jugendliche zwischen 16 und 18 Jahren<\/strong><\/p>\n<p>Die Ausbildungsvorbereitung f\u00fcr Migrant*innen (AvM Dual) ist ein zweij\u00e4hriger Bildungsgang f\u00fcr neu nach Hamburg zugewanderte Jugendliche zwischen 16 und 18 Jahren, unabh\u00e4ngig von ihrem Aufenthaltsstatus.<\/p>\n<p>Hier erlernen die Jugendlichen die deutsche Sprache. Zudem erm\u00f6glicht der Unterricht den zumeist gefl\u00fcchteten Jugendlichen in Deutschland mit seinen Werten, Normen und seiner gesellschaftlichen und wirtschaftlichen Gestaltung anzukommen. Der Unterricht vermittelt den Jugendlichen wichtige interkulturelle Kompetenzen, die den Integrationsprozess f\u00f6rdern.&nbsp;Der Bildungsgang kann bei Vorliegen der Voraussetzungen mit dem ersten allgemeinbildenden Schulabschluss (ESA) oder mit dem mittleren Schulabschluss (MSA) abgeschlossen werden.<\/p>\n<p><strong>Unterrichtsf\u00e4cher<\/strong><\/p>\n<p>Der Unterricht findet bis zur Neufassung der Ausbildungs- und Pr\u00fcfungsordnung nach den Grunds\u00e4tzen der Ausbildungsvorbereitung statt. Folgende F\u00e4cher werden unterrichtet:<\/p>\n<p>Berufsbezogener Unterricht:<br \/>\n\u2022 Betriebliches Lernen und Handeln<br \/>\n\u2022 Betriebliche Lernaufgabe<br \/>\n\u2022 Reflexion betrieblicher Erfahrungen<br \/>\n\u2022 Gestaltung des \u00dcbergangs<\/p>\n<p>Berufs\u00fcbergreifender Unterricht:<br \/>\n\u2022 Sprache und Kommunikation<br \/>\n\u2022 Mathematik<br \/>\n\u2022 Englisch<br \/>\n\u2022 Werte und Normen<br \/>\n\u2022 Sport<\/p>\n<p><strong>Lernen im Rahmen des Ganztages<\/strong><\/p>\n<p>Die Sch\u00fclerinnen und Sch\u00fcler der AvM Dual besuchen die Schule von montags bis freitags je 6 Unterrichtsstunden (von 8:15 Uhr bis 14:00 Uhr).&nbsp;Ab 14:15 Uhr k\u00f6nnen sie das Ganztagsangebot in Anspruch nehmen.&nbsp;Aktuell werden folgende Themen angeboten:<br \/>\n\u2022 Sport<br \/>\n\u2022 Hamburg erkunden<br \/>\n\u2022 Beh\u00f6rdeng\u00e4nge<br \/>\n\u2022 Betriebserkundungen<\/p>\n<p><strong>Lernen an zwei Lernorten &#8211; Schule und Betrieb<\/strong><\/p>\n<p>Nach einer mehrmonatigen Eingangsphase an unserer Schule absolvieren die Jugendlichen drei mehrw\u00f6chige Betriebspraktika. In dieser Phase lernen und arbeiten die Jugendlichen an drei Tagen in der Schule und an zwei Tagen im Betrieb. Durch dieses Lernen an zwei Lernorten k\u00f6nnen die Jugendlichen reale betriebliche Verh\u00e4ltnisse kennen lernen, betriebliche Erfahrungen machen und daraus eine realistische berufliche Perspektive entwickeln.<\/p>\n<p>W\u00e4hrend der gesamten Schulzeit werden die Jugendlichen eng von ihren Mentoren betreut. Betriebliche Integrationsbegleiter (BIB) und Berufsschullehrkr\u00e4fte arbeiten hier gemeinsam als Mentoren bei der Begleitung der Jugendlichen zusammen.<\/p>\n<p>Die Mentoren besuchen die Jugendlichen regelm\u00e4\u00dfig in den Betrieben vor Ort und sind Ansprechpartner in Schule und Betrieb. Eine zentrale Aufgabe ist hierbei die betrieblich integrierte Sprachf\u00f6rderung.<\/p>\n<p><strong>Lehrerinnen und Lehrer<\/strong><\/p>\n<p>In Zukunft werden die AVM Dual Klassen von vier Klassenlehrerinnen unterrichtet, die \u00fcber eine vielf\u00e4ltige Erfahrung im Bereich Deutsch als Zweitsprache \/ Fremdsprache verf\u00fcgen. Unterst\u00fctzt werden die Klassenlehrerinnen durch Fachlehrer und zwei BIBs, die den Ganztag und die betriebliche Begleitung mitorganisieren und auch als Mentoren fungieren.<\/p>\n<p><strong>Sch\u00fclerzahl und Abschl\u00fcsse<\/strong><\/p>\n<p>An unserer Schule besuchen diesen Bildungsgang zur Zeit 45 Sch\u00fclerinnen und Sch\u00fcler in drei Lerngruppen, die im Fr\u00fchjahr 2017 begonnen haben. Im Schuljahr 2017\/18 wird eine weitere AVM Dual Klasse eingeschult werden.&nbsp;Zum Winter 2018\/19 werden drei Lerngruppen mit dem Abschlussziel mittlerer Schulabschluss (MSA) bzw. Abschlussziel erster allgemeinbildender Schulabschluss (ESA) abschlie\u00dfen.<\/p>\n<div class=\"maintext\">\n<p><strong>Ansprechpartner : <\/strong><\/p>\n<p>Klaus Golombieski<\/p>\n<\/div>\n[print_link]\n","protected":false},"excerpt":{"rendered":"<p>Zweij\u00e4hriger Bildungsgang f\u00fcr neu zugewanderte Jugendliche zwischen 16 und 18 Jahren Die Ausbildungsvorbereitung f\u00fcr Migrant*innen (AvM Dual) ist ein zweij\u00e4hriger Bildungsgang f\u00fcr neu nach Hamburg zugewanderte Jugendliche zwischen 16 und 18 Jahren, unabh\u00e4ngig von ihrem Aufenthaltsstatus. Hier erlernen die Jugendlichen<\/p>\n","protected":false},"author":1,"featured_media":690,"parent":7,"menu_order":0,"comment_status":"closed","ping_status":"closed","template":"","meta":{"footnotes":""},"class_list":["post-687","page","type-page","status-publish","has-post-thumbnail","hentry"],"_links":{"self":[{"href":"https:\/\/bs16.bildungssprit.de\/index.php?rest_route=\/wp\/v2\/pages\/687","targetHints":{"allow":["GET"]}}],"collection":[{"href":"https:\/\/bs16.bildungssprit.de\/index.php?rest_route=\/wp\/v2\/pages"}],"about":[{"href":"https:\/\/bs16.bildungssprit.de\/index.php?rest_route=\/wp\/v2\/types\/page"}],"author":[{"embeddable":true,"href":"https:\/\/bs16.bildungssprit.de\/index.php?rest_route=\/wp\/v2\/users\/1"}],"replies":[{"embeddable":true,"href":"https:\/\/bs16.bildungssprit.de\/index.php?rest_route=%2Fwp%2Fv2%2Fcomments&post=687"}],"version-history":[{"count":0,"href":"https:\/\/bs16.bildungssprit.de\/index.php?rest_route=\/wp\/v2\/pages\/687\/revisions"}],"up":[{"embeddable":true,"href":"https:\/\/bs16.bildungssprit.de\/index.php?rest_route=\/wp\/v2\/pages\/7"}],"wp:featuredmedia":[{"embeddable":true,"href":"https:\/\/bs16.bildungssprit.de\/index.php?rest_route=\/wp\/v2\/media\/690"}],"wp:attachment":[{"href":"https:\/\/bs16.bildungssprit.de\/index.php?rest_route=%2Fwp%2Fv2%2Fmedia&parent=687"}],"curies":[{"name":"wp","href":"https:\/\/api.w.org\/{rel}","templated":true}]}}