{"id":797,"date":"2018-02-08T13:23:45","date_gmt":"2018-02-08T12:23:45","guid":{"rendered":"http:\/\/autoschule.schulhomepages.hamburg.de\/?page_id=797"},"modified":"2018-02-08T13:23:45","modified_gmt":"2018-02-08T12:23:45","slug":"freundeskreis-der-technikerschule-hamburg","status":"publish","type":"page","link":"https:\/\/bs16.bildungssprit.de\/?page_id=797","title":{"rendered":"Freundeskreis der Fachschule Technik"},"content":{"rendered":"<p style=\"text-align: justify\">Der Freundeskreis unserer Fachschule Technik wurde 1998 von dem Kollegen Hans-Heinrich Sarau und den Sch\u00fclern Matthias Emme und Volker M\u00f6ller gegr\u00fcndet. Er verbindet ehemalige und aktive Sch\u00fclerinnen und Sch\u00fcler, die Schule mit der Industrie, die Lehrerschaft mit den Betrieben und nicht zuletzt arbeitssuchende, angehende Technikerinnen und Techniker mit suchenden Betrieben.<\/p>\n<p style=\"text-align: justify\">Nach einer pandemiebedingten Unterbrechung und personellen Ver\u00e4nderungen im Kollegium freuen wir uns, seit 2024 unser traditionelles Jahrestreffen wieder regelm\u00e4\u00dfig an unserer Schule auszurichten. Dieses Treffen bietet Lernenden der Abschlussklasse und der aktuellen Sch\u00fclerschaft die M\u00f6glichkeit, Ergebnisse ihrer Facharbeiten oder aus aktuellen und abgeschlossenen Projekten im Rahmen der Weiterbildung vor einem fachkundigen Publikum zu pr\u00e4sentieren. Erg\u00e4nzt wird das Programm durch Fachvortr\u00e4ge aus der Industrie, die innovative Techniken, zukunftsweisende Ideen und neue Produkte aus dem Bereich Karosserie- und Fahrzeugbau vorstellen. Die Veranstaltung schafft somit einen idealen Rahmen f\u00fcr den fachlichen Austausch sowie f\u00fcr die Pflege und den Aufbau wertvoller Kontakte innerhalb der Branche.<\/p>\n<p style=\"text-align: justify\"><a href=\"https:\/\/autoschule.hamburg.de\/wp-content\/uploads\/sites\/162\/2015\/04\/akt-ts142beikrone-2015-01-e1522926398654.jpg\"><img loading=\"lazy\" decoding=\"async\" class=\"alignleft wp-image-401 size-medium\" src=\"https:\/\/autoschule.hamburg.de\/wp-content\/uploads\/sites\/162\/2015\/04\/akt-ts142beikrone-2015-01-e1522926398654-300x182.jpg\" alt=\"Fachschule Technik besucht Aufbauhersteller Krone\" width=\"300\" height=\"182\" srcset=\"https:\/\/bs16.bildungssprit.de\/wp-content\/uploads\/2015\/04\/akt-ts142beikrone-2015-01-e1522926398654-300x182.jpg 300w, https:\/\/bs16.bildungssprit.de\/wp-content\/uploads\/2015\/04\/akt-ts142beikrone-2015-01-e1522926398654-1024x622.jpg 1024w, https:\/\/bs16.bildungssprit.de\/wp-content\/uploads\/2015\/04\/akt-ts142beikrone-2015-01-e1522926398654-768x467.jpg 768w, https:\/\/bs16.bildungssprit.de\/wp-content\/uploads\/2015\/04\/akt-ts142beikrone-2015-01-e1522926398654-1536x933.jpg 1536w, https:\/\/bs16.bildungssprit.de\/wp-content\/uploads\/2015\/04\/akt-ts142beikrone-2015-01-e1522926398654-2048x1244.jpg 2048w\" sizes=\"auto, (max-width: 300px) 100vw, 300px\" \/><\/a>Im Rahmen des Freundeskreises laden wir Betriebe herzlich ein, ihr Unternehmen an unserer Fachschule vorzustellen. Diese Pr\u00e4sentationen bieten eine wertvolle Gelegenheit, unsere Sch\u00fclerinnen und Sch\u00fcler sowie unser Kollegium \u00fcber aktuelle Entwicklungen und T\u00e4tigkeitsfelder in der Branche zu informieren. Dar\u00fcber hinaus freuen wir uns \u00fcber die M\u00f6glichkeit, Betriebe vor Ort im Rahmen von Werksbesichtigungen kennenzulernen. So konnten wir beispielsweise bereits spannende Einblicke bei der Firma Krone, einem f\u00fchrenden Aufbauhersteller, und bei Borco H\u00f6hns, einem Spezialisten f\u00fcr den Bau von Verkaufsmobilen, gewinnen.<\/p>\n<p><a href=\"https:\/\/autoschule.hamburg.de\/wp-content\/uploads\/sites\/162\/2023\/10\/IMG_20230425_120421-scaled-e1696404993651.jpg\"><img loading=\"lazy\" decoding=\"async\" class=\"size-medium wp-image-2126 aligncenter\" src=\"https:\/\/autoschule.hamburg.de\/wp-content\/uploads\/sites\/162\/2023\/10\/IMG_20230425_120421-scaled-e1696404993651-300x149.jpg\" alt=\"\" width=\"300\" height=\"149\" srcset=\"https:\/\/bs16.bildungssprit.de\/wp-content\/uploads\/2023\/10\/IMG_20230425_120421-scaled-e1696404993651-300x149.jpg 300w, https:\/\/bs16.bildungssprit.de\/wp-content\/uploads\/2023\/10\/IMG_20230425_120421-scaled-e1696404993651-1024x509.jpg 1024w, https:\/\/bs16.bildungssprit.de\/wp-content\/uploads\/2023\/10\/IMG_20230425_120421-scaled-e1696404993651-768x382.jpg 768w, https:\/\/bs16.bildungssprit.de\/wp-content\/uploads\/2023\/10\/IMG_20230425_120421-scaled-e1696404993651-1536x764.jpg 1536w, https:\/\/bs16.bildungssprit.de\/wp-content\/uploads\/2023\/10\/IMG_20230425_120421-scaled-e1696404993651-2048x1018.jpg 2048w\" sizes=\"auto, (max-width: 300px) 100vw, 300px\" \/><\/a><\/p>\n<p style=\"text-align: justify\">Der Freundeskreis ist eine lebendige Tauschb\u00f6rse f\u00fcr Ideen, Freundschaften sowie Kontakte und neuen Ideen gegen\u00fcber stets aufgeschlossen. So freuten wir uns bspw. 2018 sehr \u00fcber den Besuch von Prof. Freytag von der HAW Hamburg, der ausgehend von der gemeinsamen Vergangenheit der Wagenbauschule den Blick auf die \u00dcberg\u00e4nge von der Fachschule zur Fachhochschule und umgekehrt lenkte. Im Fr\u00fchjahr 2023 waren wir dann G\u00e4ste von Herrn Prof. Friedhoff an der HAW und konnten dort in den Austausch mit den Lehrenden und Studierenden gehen.<\/p>\n<p style=\"text-align: justify\">Der Freundeskreis kommuniziert mit seinen Mitgliedern per E-Mail. Wenn Sie in den Verteiler aufgenommen werden m\u00f6chten, schreiben Sie uns eine kurze Nachricht an:<\/p>\n<p style=\"text-align: center\"><a href=\"mailto:fachschule.technik@bs16.de\">fachschule.technik@bs16.de<\/a><\/p>\n<p style=\"text-align: justify\">Zudem k\u00f6nnen Sie uns auf <a href=\"https:\/\/www.instagram.com\/technikerschule.hamburg\/\">Instagram<\/a> folgen und bleiben somit immer aktuell informiert.<\/p>\n<p style=\"text-align: justify\">An dieser Stelle m\u00f6chten wir f\u00fcr Interessierte ein paar R\u00fcckblicke auf die Jahrestreffen vergangener Jahre zur Verf\u00fcgung stellen. Sie werden jeweils zu einer kurzen Bildergalerie geleitet. Klicken Sie auf ein Bild Ihrer Wahl und eine automatische Diashow startet.<\/p>\n<p>&nbsp;<\/p>\n<p>Hier geht es zur Bildergalerie vom <a href=\"http:\/\/www.kfz-schule-medien.de\/Medien\/Bildergallerien\/ts-freunde-2011-web\/index.html\" target=\"_blank\" rel=\"noopener\">Jahrestreffen 2011.<\/a><\/p>\n<p>Hier geht es zur Bildergalerie vom <a href=\"http:\/\/www.kfz-schule-medien.de\/Medien\/Bildergallerien\/ts-freunde-2012-web\/index.html\" target=\"_blank\" rel=\"noopener\">Jahrestreffen 2012.<\/a><\/p>\n<p>Hier geht es zur Bildergalerie vom <a href=\"http:\/\/www.kfz-schule-medien.de\/Medien\/Bildergallerien\/ts-freunde-2013-web\/index.html\" target=\"_blank\" rel=\"noopener\">Jahrestreffen 2013.<\/a><\/p>\n<p>Hier geht es zur Bildergalerie vom&nbsp;<a href=\"http:\/\/www.kfz-schule-medien.de\/Medien\/Bildergallerien\/ts-freunde-2014-web\/index.html\" target=\"_blank\" rel=\"noopener\">Jahrestreffen 2014.&nbsp;<\/a><\/p>\n<p>Hier geht es zur Bildergalerie vom <a href=\"http:\/\/www.kfz-schule-medien.de\/galerien\/ts-freundeskreis-2018\/index.html\" target=\"_blank\" rel=\"noopener\">Jahrestreffen 2018. <\/a><\/p>\n<p>Das Programm des Jahrestreffens steht in der <a href=\"https:\/\/autoschule.hamburg.de\/wp-content\/uploads\/sites\/162\/2018\/04\/Freundeskreistreffen-2016-12-03-Agenda.pdf\" target=\"_blank\" rel=\"noopener\">Agenda 2016<\/a>.<\/p>\n<p>Das Programm des Jahrestreffens steht in der <a href=\"https:\/\/autoschule.hamburg.de\/wp-content\/uploads\/sites\/162\/2018\/04\/Freundeskreistreffen-2017-11-11-Agenda.pdf\" target=\"_blank\" rel=\"noopener\">Agenda 2017<\/a>.<\/p>\n<p>Das Programm des Jahrestreffens steht in der <a href=\"https:\/\/autoschule.hamburg.de\/wp-content\/uploads\/sites\/162\/2018\/11\/Freundeskreistreffen-2018-Agenda.pdf\" target=\"_blank\" rel=\"noopener\">Agenda 2018<\/a>.<\/p>\n","protected":false},"excerpt":{"rendered":"<p>Der Freundeskreis unserer Fachschule Technik wurde 1998 von dem Kollegen Hans-Heinrich Sarau und den Sch\u00fclern Matthias Emme und Volker M\u00f6ller gegr\u00fcndet. Er verbindet ehemalige und aktive Sch\u00fclerinnen und Sch\u00fcler, die Schule mit der Industrie, die Lehrerschaft mit den Betrieben und<\/p>\n","protected":false},"author":1,"featured_media":2125,"parent":0,"menu_order":0,"comment_status":"closed","ping_status":"closed","template":"","meta":{"footnotes":""},"class_list":["post-797","page","type-page","status-publish","has-post-thumbnail","hentry"],"_links":{"self":[{"href":"https:\/\/bs16.bildungssprit.de\/index.php?rest_route=\/wp\/v2\/pages\/797","targetHints":{"allow":["GET"]}}],"collection":[{"href":"https:\/\/bs16.bildungssprit.de\/index.php?rest_route=\/wp\/v2\/pages"}],"about":[{"href":"https:\/\/bs16.bildungssprit.de\/index.php?rest_route=\/wp\/v2\/types\/page"}],"author":[{"embeddable":true,"href":"https:\/\/bs16.bildungssprit.de\/index.php?rest_route=\/wp\/v2\/users\/1"}],"replies":[{"embeddable":true,"href":"https:\/\/bs16.bildungssprit.de\/index.php?rest_route=%2Fwp%2Fv2%2Fcomments&post=797"}],"version-history":[{"count":0,"href":"https:\/\/bs16.bildungssprit.de\/index.php?rest_route=\/wp\/v2\/pages\/797\/revisions"}],"wp:featuredmedia":[{"embeddable":true,"href":"https:\/\/bs16.bildungssprit.de\/index.php?rest_route=\/wp\/v2\/media\/2125"}],"wp:attachment":[{"href":"https:\/\/bs16.bildungssprit.de\/index.php?rest_route=%2Fwp%2Fv2%2Fmedia&parent=797"}],"curies":[{"name":"wp","href":"https:\/\/api.w.org\/{rel}","templated":true}]}}