{"id":9,"date":"2015-04-01T11:05:50","date_gmt":"2015-04-01T09:05:50","guid":{"rendered":"http:\/\/autoschule.schulhomepages.hamburg.de\/?page_id=9"},"modified":"2015-04-01T11:05:50","modified_gmt":"2015-04-01T09:05:50","slug":"downloads","status":"publish","type":"page","link":"https:\/\/bs16.bildungssprit.de\/?page_id=9","title":{"rendered":"Downloads"},"content":{"rendered":"<h4>Allgemeines<\/h4>\n<ul>\n<li><a href=\"https:\/\/autoschule.hamburg.de\/wp-content\/uploads\/sites\/162\/2015\/12\/Verbindungslehrer_Ombudsperson-Schuelervertreter.pdf\" target=\"_blank\" rel=\"noopener noreferrer\">Verbindungslehrer Ombudsperson Sch\u00fclervertreter<\/a><\/li>\n<li><a href=\"https:\/\/autoschule.hamburg.de\/wp-content\/uploads\/sites\/162\/2020\/04\/Email-Lehrkr\u00e4fte-BS16.pdf\" target=\"_blank\" rel=\"noopener noreferrer\">E-Mail-Adressen der Lehrkr\u00e4fte an der BS16<\/a><\/li>\n<\/ul>\n<h4 id=\"anmeldungen\">Anmeldungen<\/h4>\n<ul>\n<li><a href=\"https:\/\/autoschule.hamburg.de\/wp-content\/uploads\/sites\/162\/2026\/01\/Anmeldung_BS16_20260128.pdf\" target=\"_blank\" rel=\"noopener\">Anmeldung Berufsschule<\/a><\/li>\n<li><a href=\"https:\/\/autoschule.hamburg.de\/wp-content\/uploads\/sites\/162\/2015\/04\/Anmeldung_DualPlus.pdf\" target=\"_blank\" rel=\"noopener noreferrer\">Anmeldung Dual Plus<\/a><\/li>\n<li><a href=\"https:\/\/autoschule.hamburg.de\/wp-content\/uploads\/sites\/162\/2025\/05\/Anmeldeformular_Fachschule-Technik.pdf\" target=\"_blank\" rel=\"noopener noreferrer\">Anmeldung Fachschule Technik<\/a><\/li>\n<\/ul>\n<h4 id=\"blockplaene\">Blockpl\u00e4ne<\/h4>\n<ul>\n<li><a href=\"https:\/\/autoschule.hamburg.de\/wp-content\/uploads\/sites\/162\/2025\/09\/BS16_Blockplan-fuer-alle-ab_2025.pdf\" target=\"_blank\" rel=\"noopener\">Blockplan f\u00fcr alle Ausbildungsberufe der BS16 ab August 2025<\/a><\/li>\n<li><a href=\"https:\/\/autoschule.hamburg.de\/wp-content\/uploads\/sites\/162\/2024\/08\/NEU_Blockplan-fuer-alle-ab-August-2024.pdf\" target=\"_blank\" rel=\"noopener\">Blockplan f\u00fcr alle Ausbildungsberufe der BS16 ab August 2024<\/a><\/li>\n<li><a href=\"https:\/\/autoschule.hamburg.de\/wp-content\/uploads\/sites\/162\/2025\/06\/Blockplan_FiF-BKF_2026-2027_extern.pdf\" target=\"_blank\" rel=\"noopener\">Blockplan BKF und FiF 2026-2027<\/a><\/li>\n<li><a title=\"Blockplan Berufskraftfahrer und Fachkr\u00e4fte im Fahrbetrieb 2025-2026\" href=\"https:\/\/autoschule.hamburg.de\/wp-content\/uploads\/sites\/162\/2025\/04\/Blockplan-BKF-FiF_2025-2026.pdf\" target=\"_blank\" rel=\"noopener\">Blockplan BKF und FiF 2025-2026<\/a><\/li>\n<li><a title=\"Blockplan Berufskraftfahrer und Fachkr\u00e4fte im Fahrbetrieb 2024-2025\" href=\"https:\/\/autoschule.hamburg.de\/wp-content\/uploads\/sites\/162\/2025\/04\/Blockplan-BKF-FiF_2024-2025.pdf\" target=\"_blank\" rel=\"noopener\">Blockplan BKF und FiF 2024-2025<\/a><\/li>\n<li><a href=\"https:\/\/autoschule.hamburg.de\/blockplaene-vergangener-schuljahre\/\" target=\"_blank\" rel=\"noopener noreferrer\">Archiv-Blockpl\u00e4ne<\/a><\/li>\n<\/ul>\n<h4 id=\"ausbildungsprofile\">Ausbildungsprofile<\/h4>\n<ul>\n<li><a href=\"https:\/\/autoschule.hamburg.de\/wp-content\/uploads\/sites\/162\/2015\/12\/AUSBILDUNGSPROFIL_Berufskraftfahrer.pdf\" target=\"_blank\" rel=\"noopener noreferrer\">AUSBILDUNGSPROFIL Berufskraftfahrer<\/a><\/li>\n<li><a href=\"https:\/\/berufenet.arbeitsagentur.de\/berufenet\/bkb\/15831.pdf\" target=\"_blank\" rel=\"noopener noreferrer\">AUSBILDUNGSPROFIL Karosserie-Fahrzeugbaumechaniker<\/a><\/li>\n<li><a href=\"https:\/\/autoschule.hamburg.de\/wp-content\/uploads\/sites\/162\/2015\/12\/AUSBILDUNGSPROFIL_Zweiradmechaniker.pdf\" target=\"_blank\" rel=\"noopener noreferrer\">AUSBILDUNGSPROFIL Zweiradmechaniker<\/a><\/li>\n<li><a href=\"https:\/\/autoschule.hamburg.de\/wp-content\/uploads\/sites\/162\/2015\/12\/AUSBILDUNGSPROFIL_Kraftfahrzeugmechatroniker.pdf\" target=\"_blank\" rel=\"noopener noreferrer\">AUSBILDUNGSPROFIL Kraftfahrzeugmechatroniker<\/a><\/li>\n<\/ul>\n<h4 id=\"ausbildungsrahmenplaene\">Ausbildungsrahmenpl\u00e4ne<\/h4>\n<ul>\n<li><a href=\"https:\/\/autoschule.hamburg.de\/wp-content\/uploads\/sites\/162\/2015\/12\/AUSBILDUNGSRAHMENPLAN_Berufskraftfahrer.pdf\" target=\"_blank\" rel=\"noopener noreferrer\">AUSBILDUNGSRAHMENPLAN Berufskraftfahrer<\/a><\/li>\n<li><a href=\"https:\/\/autoschule.hamburg.de\/wp-content\/uploads\/sites\/162\/2015\/12\/AUSBILDUNGSRAHMENPLAN_Fahrradmonteur.pdf\" target=\"_blank\" rel=\"noopener noreferrer\">AUSBILDUNGSRAHMENPLAN Fahrradmonteur<\/a><\/li>\n<li><a href=\"https:\/\/autoschule.hamburg.de\/wp-content\/uploads\/sites\/162\/2015\/12\/AUSBILDUNGSRAHMENPLAN_Fahrzeuglackierer.pdf\" target=\"_blank\" rel=\"noopener noreferrer\">AUSBILDUNGSRAHMENPLAN Fahrzeuglackierer<\/a><\/li>\n<li><a href=\"https:\/\/www.kmk.org\/fileadmin\/Dateien\/pdf\/Bildung\/BeruflicheBildung\/rlp\/Karosserie-und-Fahrzeugbau-22-12-16-mitEL.pdf\" target=\"_blank\" rel=\"noopener noreferrer\">AUSBILDUNGSRAHMENPLAN Karosserie-Fahrzeugbaumechaniker <\/a><\/li>\n<li><a href=\"https:\/\/autoschule.hamburg.de\/wp-content\/uploads\/sites\/162\/2015\/12\/AUSBILDUNGSRAHMENPLAN_KFZ-Mechatroniker-2013.pdf\" target=\"_blank\" rel=\"noopener noreferrer\">AUSBILDUNGSRAHMENPLAN KFZ-Mechatroniker-2013<\/a><\/li>\n<li><a href=\"https:\/\/autoschule.hamburg.de\/wp-content\/uploads\/sites\/162\/2015\/12\/AUSBILDUNGSRAHMENPLAN_Mechaniker-Land-Baumaschinentechnik.pdf\" target=\"_blank\" rel=\"noopener noreferrer\">AUSBILDUNGSRAHMENPLAN Mechaniker-Land-Baumaschinentechnik<\/a><\/li>\n<li><a href=\"https:\/\/autoschule.hamburg.de\/wp-content\/uploads\/sites\/162\/2015\/12\/AUSBILDUNGSRAHMENPLAN_Verfahrensmechaniker-Beschichtung.pdf\" target=\"_blank\" rel=\"noopener noreferrer\">AUSBILDUNGSRAHMENPLAN Verfahrensmechaniker-Beschichtung<\/a><\/li>\n<li><a href=\"https:\/\/autoschule.hamburg.de\/wp-content\/uploads\/sites\/162\/2016\/02\/AUSBILDUNGSRAHMENPLAN_Zweiradmechatroniker14-03-28-E_01.pdf\" target=\"_blank\" rel=\"noopener noreferrer\">AUSBILDUNGSRAHMENPLAN_Zweiradmechatroniker<\/a><\/li>\n<\/ul>\n<h4 id=\"ausbildungsverordnungen\">Ausbildungsverordnungen<\/h4>\n<ul>\n<li><a href=\"https:\/\/autoschule.hamburg.de\/wp-content\/uploads\/sites\/162\/2015\/12\/AUSBILDUNGSVERORDNUNG_Berufskraftfahrer.pdf\" target=\"_blank\" rel=\"noopener noreferrer\">AUSBILDUNGSVERORDNUNG Berufskraftfahrer<\/a><\/li>\n<li><a href=\"https:\/\/autoschule.hamburg.de\/wp-content\/uploads\/sites\/162\/2015\/12\/AUSBILDUNGSVERORDNUNG_Fahrradmonteur.pdf\" target=\"_blank\" rel=\"noopener noreferrer\">AUSBILDUNGSVERORDNUNG Fahrradmonteur<\/a><\/li>\n<li><a href=\"https:\/\/autoschule.hamburg.de\/wp-content\/uploads\/sites\/162\/2015\/12\/AUSBILDUNGSVERORDNUNG_Fahrzeuglackierer-\u00c4nderungen.pdf\" target=\"_blank\" rel=\"noopener noreferrer\">AUSBILDUNGSVERORDNUNG Fahrzeuglackierer<\/a><\/li>\n<li><a href=\"https:\/\/autoschule.hamburg.de\/wp-content\/uploads\/sites\/162\/2015\/12\/AUSBILDUNGSVERORDNUNG_Fahrzeuglackierer-\u00c4nderungen.pdf\" target=\"_blank\" rel=\"noopener noreferrer\">AUSBILDUNGSVERORDNUNG Fahrzeuglackierer \u00c4nderungen<\/a><\/li>\n<li><a href=\"https:\/\/autoschule.hamburg.de\/wp-content\/uploads\/sites\/162\/2016\/12\/AUSBILDUNGSVERORDNUNG-Karosserie-Fahrzeugbaumechaniker-ab-2014.pdf\" target=\"_blank\" rel=\"noopener noreferrer\">AUSBILDUNGSVERORDNUNG Karosserie- Fahrzeugbaumechaniker ab 2014<\/a><\/li>\n<li><a href=\"https:\/\/autoschule.hamburg.de\/wp-content\/uploads\/sites\/162\/2015\/12\/AUSBILDUNGSVERORDNUNG_Kraftfahrzeugmechatroniker_2013.pdf\" target=\"_blank\" rel=\"noopener noreferrer\">AUSBILDUNGSVERORDNUNG Kraftfahrzeugmechatroniker 2013<\/a><\/li>\n<li><a href=\"https:\/\/autoschule.hamburg.de\/wp-content\/uploads\/sites\/162\/2015\/12\/AUSBILDUNGSVERORDNUNG_Mechaniker-Land-Baumaschinentechnik.pdf\" target=\"_blank\" rel=\"noopener noreferrer\">AUSBILDUNGSVERORDNUNG Mechaniker-Land-Baumaschinentechnik<\/a><\/li>\n<li><a href=\"https:\/\/autoschule.hamburg.de\/wp-content\/uploads\/sites\/162\/2015\/12\/AUSBILDUNGSVERORDNUNG_Verfahrensmechaniker-Beschichtung.pdf\" target=\"_blank\" rel=\"noopener noreferrer\">AUSBILDUNGSVERORDNUNG Verfahrensmechaniker-Beschichtung<\/a><\/li>\n<li><a href=\"https:\/\/autoschule.hamburg.de\/wp-content\/uploads\/sites\/162\/2015\/12\/AUSBILDUNGSVERORDNUNG_Zweiradmechaniker.pdf\" target=\"_blank\" rel=\"noopener noreferrer\">AUSBILDUNGSVERORDNUNG Zweiradmechaniker<\/a><\/li>\n<\/ul>\n<h4 id=\"gastschueler\">Gastsch\u00fcler<\/h4>\n<ul>\n<li><a href=\"https:\/\/autoschule.hamburg.de\/wp-content\/uploads\/sites\/162\/2015\/04\/Gastschueler_Antrag-Beschulung-Hamburg-NI.pdf\" target=\"_blank\" rel=\"noopener noreferrer\">Gastsch\u00fcler Antrag Beschulung Hamburg NI<\/a><\/li>\n<\/ul>\n<h4 id=\"pruefungswesen\">Pr\u00fcfungswesen Handwerkskammer<\/h4>\n<ul>\n<li><a href=\"https:\/\/www.learn-cloud.de\/opal\/auth\/RepositoryEntry\/2053636096\" target=\"_blank\" rel=\"noopener\">Link zu einer Demopr\u00fcfung f\u00fcr Teil 2 Handwerkskammerpr\u00fcfung<\/a><\/li>\n<li><a href=\"https:\/\/drive.google.com\/drive\/folders\/19vsXjLqeOXZVrZxPzdNMHAv5a3Jxr-TW?usp=sharing\" target=\"_blank\" rel=\"noopener\">Link zum Download der ESI(tronic) 2.0 Demo<\/a><\/li>\n<\/ul>\n[print_link]\n","protected":false},"excerpt":{"rendered":"<p>Allgemeines Verbindungslehrer Ombudsperson Sch\u00fclervertreter E-Mail-Adressen der Lehrkr\u00e4fte an der BS16 Anmeldungen Anmeldung Berufsschule Anmeldung Dual Plus Anmeldung Fachschule Technik Blockpl\u00e4ne Blockplan f\u00fcr alle Ausbildungsberufe der BS16 ab August 2025 Blockplan f\u00fcr alle Ausbildungsberufe der BS16 ab August 2024 Blockplan BKF<\/p>\n","protected":false},"author":1,"featured_media":0,"parent":0,"menu_order":0,"comment_status":"closed","ping_status":"closed","template":"","meta":{"footnotes":""},"class_list":["post-9","page","type-page","status-publish","hentry"],"_links":{"self":[{"href":"https:\/\/bs16.bildungssprit.de\/index.php?rest_route=\/wp\/v2\/pages\/9","targetHints":{"allow":["GET"]}}],"collection":[{"href":"https:\/\/bs16.bildungssprit.de\/index.php?rest_route=\/wp\/v2\/pages"}],"about":[{"href":"https:\/\/bs16.bildungssprit.de\/index.php?rest_route=\/wp\/v2\/types\/page"}],"author":[{"embeddable":true,"href":"https:\/\/bs16.bildungssprit.de\/index.php?rest_route=\/wp\/v2\/users\/1"}],"replies":[{"embeddable":true,"href":"https:\/\/bs16.bildungssprit.de\/index.php?rest_route=%2Fwp%2Fv2%2Fcomments&post=9"}],"version-history":[{"count":0,"href":"https:\/\/bs16.bildungssprit.de\/index.php?rest_route=\/wp\/v2\/pages\/9\/revisions"}],"wp:attachment":[{"href":"https:\/\/bs16.bildungssprit.de\/index.php?rest_route=%2Fwp%2Fv2%2Fmedia&parent=9"}],"curies":[{"name":"wp","href":"https:\/\/api.w.org\/{rel}","templated":true}]}}